{"id":718734,"date":"2025-08-27T18:13:02","date_gmt":"2025-08-27T15:13:02","guid":{"rendered":"https:\/\/roveyayinevi.com.tr\/index.php\/urun\/harry-potter-seti-7-kitap-takim\/"},"modified":"2026-04-16T02:26:48","modified_gmt":"2026-04-15T23:26:48","slug":"harry-potter-seti-7-kitap-takim","status":"publish","type":"product","link":"https:\/\/roveyayinevi.com.tr\/index.php\/urun\/harry-potter-seti-7-kitap-takim\/","title":{"rendered":"Harry Potter Seti (7 Kitap Tak\u0131m)"},"content":{"rendered":"<p>1- Harry Potter ve Felsefe Ta\u015f\u0131\u201cHarry, elleri titreyerek zarf\u0131 \u00e7evirince mor balmumundan bir m\u00fch\u00fcr g\u00f6rd\u00fc; bir arma koca bir \u2018H\u2019 harfinin \u00e7evresinde bir aslan, bir kartal, bir porsuk, bir de y\u0131lan.\u201dHarry Potter s\u0131radan bir \u00e7ocuk oldu\u011funu san\u0131rken, bir bayku\u015fun getirdi\u011fi mektupla ya\u015fam\u0131 de\u011fi\u015fir: Ba\u015fvurmad\u0131\u011f\u0131 halde Hogwarts Cad\u0131l\u0131k ve B\u00fcy\u00fcc\u00fcl\u00fck Okulu\u2019na kabul edilmi\u015ftir. Burada birbirinden ilgin\u00e7 dersler al\u0131r, iki arkada\u015f\u0131yla birlikte maceradan maceraya ko\u015far. Ya\u015fayarak \u00f6\u011frendikleri sayesinde k\u00fc\u00e7\u00fck ya\u015fta becerikli bir b\u00fcy\u00fcc\u00fc olup \u00e7\u0131kar.2- Harry Potter ve S\u0131rlar Odas\u0131\u201cBir komplo var, Harry Potter. Bu y\u0131l Hogwarts Cad\u0131l\u0131k ve B\u00fcy\u00fcc\u00fcl\u00fck Okulu\u2019nda deh\u015fet verici \u015feyler yapmak i\u00e7in bir komplo.\u201d3- Harry Potter ve Azkaban Tutsa\u011f\u0131\u201cMahsur kalm\u0131\u015f cad\u0131lar\u0131n ve b\u00fcy\u00fcc\u00fclerin acil durum ta\u015f\u0131t\u0131 H\u0131z\u0131r Otob\u00fcs\u2019e ho\u015f geldiniz. Asan\u0131z\u0131 tuttu\u011funuz elinizi uzat\u0131n, otob\u00fcse atlay\u0131n, sizi istedi\u011finiz yere g\u00f6t\u00fcrelim.\u201dSirius Black ad\u0131nda az\u0131l\u0131 bir katil, t\u00fcyler \u00fcrpertici Azkaban kalesinde tam on iki y\u0131l boyunca tutsak kalm\u0131\u015ft\u0131r. Tek lanetle on \u00fc\u00e7 ki\u015fiyi birden \u00f6ld\u00fcren Black\u2019in, Karanl\u0131k Lord Voldemort\u2019un hizmetkar\u0131 oldu\u011funa kesin g\u00f6z\u00fcyle bak\u0131lmaktad\u0131r. Bir yolunu bulup Azkaban\u2019dan ka\u00e7an Black\u2019in pe\u015finde oldu\u011fu bir tek ki\u015fi vard\u0131r: Harry Potter. Harry, b\u00fcy\u00fcc\u00fcl\u00fck okulunun sihirli duvarlar\u0131 aras\u0131ndayken, arkada\u015flar\u0131 ve \u00f6\u011fretmenleriyle birlikteyken bile g\u00fcvende de\u011fildir. \u00c7\u00fcnk\u00fc aralar\u0131nda bir hain olabilir.4- Harry Potter ve Ate\u015f KadehiB\u00fcy\u00fcc\u00fcl\u00fck okulunda d\u00f6rd\u00fcnc\u00fc s\u0131n\u0131fa ge\u00e7en Harry, yaz tatilinde Dursley&#8217;lerden izin kopar\u0131p arkada\u015flar\u0131yla birlikte Quidditch D\u00fcnya Kupas\u0131 finalini izlemeye gider. Bu y\u0131l Hogqarts&#8217;taki en b\u00fcy\u00fck yenilik ise, \u00dc\u00e7b\u00fcy\u00fcc\u00fc Turnuvas\u0131&#8217;d\u0131r. \u00dc\u00e7 rakip b\u00fcy\u00fcc\u00fcl\u00fck okulunun kat\u0131l\u0131m\u0131yla ger\u00e7ekle\u015fen bu etkinlik y\u00fcz y\u0131ldan beri ilk kez d\u00fczenlenmektedir. Harry, istemedi\u011fi halde, ya\u015f\u0131 bile tutmad\u0131\u011f\u0131 halde, kendini bu Turnuva&#8217;n\u0131n i\u00e7inde bulur. Oysa onun tek istedi\u011fi, b\u00fcy\u00fcc\u00fcl\u00fck standartlar\u0131 i\u00e7inde olabildi\u011fince &#8220;normal&#8221; bir ya\u015fam s\u00fcrmek, yeni b\u00fcy\u00fcler \u00f6\u011frenerek kendini geli\u015ftirmek, Cho&#8217;yla ilgili hayaller kurmak, Ron ve Hermione&#8217;yle ho\u015f\u00e7a vakit ge\u00e7irmektir. Ancak, aln\u0131ndaki yara izinin ikide bir ac\u0131mas\u0131, korkun\u00e7 olaylar\u0131n yakla\u015fmakta oldu\u011funun habercisidir&#8230; Harry Potter ve Ate\u015f Kadehi&#8217;nde J.K. Rowling, dizinin \u00f6nceki kitaplar\u0131nda tan\u0131k oldu\u011fumuzdan hem \u00e7ok daha e\u011flenceli, hem de \u00e7ok daha \u00fcrk\u00fct\u00fcc\u00fc bir b\u00fcy\u00fcc\u00fcl\u00fck d\u00fcnyas\u0131n\u0131n kitaplar\u0131n\u0131 a\u00e7\u0131yor bizlere. &#8220;S\u0131k\u0131c\u0131 tek bir sayfa yok&#8230; Olay \u00f6rg\u00fcs\u00fc ola\u011fan\u00fcst\u00fc bir yap-boz gibi b\u00fct\u00fcnleniyor.&#8221; -Sunday Express- &#8220;J.K. Rowling bekleneni veriyor&#8230; Bu, \u015fimdiye kadar yazd\u0131\u011f\u0131 en iyi kitap.&#8221; -Sunday Telegraph5- Harry Potter ve Z\u00fcmr\u00fcd\u00fcanka Yolda\u015fl\u0131\u011f\u0131\u201cKan\u0131tlar, bazen, zihninin en rahat ve etkiye en a\u00e7\u0131k oldu\u011fu durumlar\u0131nda \u2013\u00f6rne\u011fin uyurken\u2013 Karanl\u0131k Lord\u2019un d\u00fc\u015f\u00fcncelerini ve duygular\u0131n\u0131 payla\u015ft\u0131\u011f\u0131na i\u015faret ediyor. M\u00fcd\u00fcr bunun devam etmesini uygun bulmuyor. Benim sana, zihnini Karanl\u0131k Lord\u2019a kar\u015f\u0131 nas\u0131l kapataca\u011f\u0131n\u0131 \u00f6\u011fretmemi istiyor.\u201dHogwarts Cad\u0131l\u0131k ve B\u00fcy\u00fcc\u00fcl\u00fck Okulu\u2019ndaki be\u015finci y\u0131l\u0131nda Harry, hayat\u0131n\u0131 cehenneme \u00e7eviren sihirli\/sihirsiz pek \u00e7ok \u015feyle ba\u015fa \u00e7\u0131kmak zorunda: Yaz tatilini yanlar\u0131nda harcad\u0131\u011f\u0131 aptal akrabalar\u0131; ergenlik \u00e7a\u011f\u0131n\u0131n isyanlar\u0131, heyecanlar\u0131, korkular\u0131; onun g\u00f6steri\u015f d\u00fc\u015fk\u00fcn\u00fc bir yalanc\u0131 oldu\u011funu d\u00fc\u015f\u00fcnenler; okulun i\u015fleyi\u015fine burnunu sokan Sihir Bakanl\u0131\u011f\u0131; \u00f6ncekileri mumla aratan yeni bir Karanl\u0131k Sanatlara Kar\u015f\u0131 Savunma \u00f6\u011fretmeni; yine kar\u015f\u0131 kar\u015f\u0131ya geldi\u011fi Ruh Emici\u2019ler ve \u00d6l\u00fcm Yiyen\u2019ler; varl\u0131\u011f\u0131n\u0131 her zamankinden \u00e7ok hissettiren Voldemort; a\u011f\u0131r dersler, zor s\u0131navlar, ac\u0131mas\u0131z cezalar; s\u00fcrekli yinelenen bir k\u00e2bus ve ac\u0131yan yara izi; ona en yak\u0131n insanlardan birinin \u00f6l\u00fcm\u00fc; be\u015f y\u0131l gecikmeyle \u00f6\u011frendi\u011fi bir ger\u00e7ek&#8230;6- Harry Potter ve Melez Prens\u201c\u0130\u015fte orada, okulun tepesinde, g\u00f6kte as\u0131l\u0131 duruyordu: o y\u0131lan dilli, par\u0131l par\u0131l parlayan ye\u015fil kafatas\u0131; \u00d6l\u00fcm Yiyen\u2019lerin bir binaya girdiklerinde&#8230; birilerini \u00f6ld\u00fcrd\u00fcklerinde arkalar\u0131nda b\u0131rakt\u0131klar\u0131 i\u015faret&#8230;\u201dB\u00fcy\u00fcc\u00fcler d\u00fcnyas\u0131nda devam eden karma\u015fa art\u0131k Muggle\u2019lar\u0131n d\u00fcnyas\u0131n\u0131 da etkilemeye ba\u015flam\u0131\u015ft\u0131r. Harry Potter, Hogwarts\u2019taki alt\u0131nc\u0131 y\u0131l\u0131n\u0131 Feci Yorucu B\u00fcy\u00fcc\u00fcl\u00fck S\u0131navlar\u0131na haz\u0131rlanarak ge\u00e7irece\u011fini d\u00fc\u015f\u00fcnmektedir. Art\u0131k Quidditch tak\u0131m\u0131n\u0131n da kaptan\u0131d\u0131r. Ancak Diagon Yolu\u2019ndaki okul al\u0131\u015fveri\u015fi s\u0131ras\u0131nda Draco Malfoy\u2019un bir \u015feyler \u00e7evirdi\u011fini fark eder. Lord Voldemort\u2019un ge\u00e7mi\u015fiyle ilgili pek \u00e7ok bilinmeyen ortaya \u00e7\u0131karken bir yandan da Malfoy\u2019un neyin pe\u015finde oldu\u011funu \u00f6\u011frenmeye \u00e7al\u0131\u015fan Harry\u2019yi yine zor g\u00fcnler beklemektedir.7- Harry Potter ve \u00d6l\u00fcm Yadigarlar\u0131\u201cBana Harry Potter\u2019\u0131 verin,\u201d dedi Voldemort\u2019un sesi, \u201ckimseye zarar gelmesin. Bana Harry Potter\u2019\u0131 verin, okula dokunmayay\u0131m. Bana Harry Potter\u2019\u0131 verin, \u00f6d\u00fcllendirilin.\u201dSihir d\u00fcnyas\u0131 sava\u015fta! Karanl\u0131k Lord iyice g\u00fc\u00e7 kazan\u0131rken iyiler de bo\u015f durmuyor. Yedinci y\u0131l\u0131nda Hogwarts Cad\u0131l\u0131k ve B\u00fcy\u00fcc\u00fcl\u00fck Okulu\u2019na d\u00f6nmeyen Harry Potter, Dumbledore\u2019un ona b\u0131rakt\u0131\u011f\u0131 g\u00f6revi tamamlamaya \u00e7al\u0131\u015f\u0131yor. Yan\u0131nda \u2013her zamanki gibi\u2013 Ron ve Hermione\u2019yle, bir yandan Voldemort\u2019tan ve onun \u00d6l\u00fcm Yiyen\u2019lerinden ka\u00e7arken bir yandan da Hortkuluklar\u2019\u0131 yok etmek, \u00d6l\u00fcm Yadig\u00e2rlar\u0131\u2019n\u0131n s\u0131rr\u0131n\u0131 ke\u015ffetmek zorunda olan Harry kendi ge\u00e7mi\u015fiyle ilgili de pek \u00e7ok \u015fey \u00f6\u011freniyor.<\/p>\n","protected":false},"excerpt":{"rendered":"<p>1- Harry Potter ve Felsefe Ta\u015f\u0131\u201cHarry, elleri titreyerek zarf\u0131 \u00e7evirince mor balmumundan bir m\u00fch\u00fcr g\u00f6rd\u00fc; bir arma koca bir \u2018H\u2019 harfinin \u00e7evresinde bir aslan, bir kartal,<span class=\"excerpt-hellip\"> [\u2026]<\/span><\/p>\n","protected":false},"featured_media":0,"template":"","meta":{"_monsterinsights_skip_tracking":false,"_monsterinsights_sitenote_active":false,"_monsterinsights_sitenote_note":"","_monsterinsights_sitenote_category":0},"product_brand":[],"product_cat":[12291,14777],"product_tag":[],"class_list":{"0":"post-718734","1":"product","2":"type-product","3":"status-publish","5":"product_cat-edebiyat","6":"product_cat-fantastik","7":"pa_cilt-set","8":"pa_tur-kitap","9":"pa_yayinevi-yapi-kredi-yayinlari","10":"pa_yazar-j-k-rowling","12":"first","13":"instock","14":"sale","15":"shipping-taxable","16":"purchasable","17":"product-type-simple"},"_links":{"self":[{"href":"https:\/\/roveyayinevi.com.tr\/index.php\/wp-json\/wp\/v2\/product\/718734","targetHints":{"allow":["GET"]}}],"collection":[{"href":"https:\/\/roveyayinevi.com.tr\/index.php\/wp-json\/wp\/v2\/product"}],"about":[{"href":"https:\/\/roveyayinevi.com.tr\/index.php\/wp-json\/wp\/v2\/types\/product"}],"wp:attachment":[{"href":"https:\/\/roveyayinevi.com.tr\/index.php\/wp-json\/wp\/v2\/media?parent=718734"}],"wp:term":[{"taxonomy":"product_brand","embeddable":true,"href":"https:\/\/roveyayinevi.com.tr\/index.php\/wp-json\/wp\/v2\/product_brand?post=718734"},{"taxonomy":"product_cat","embeddable":true,"href":"https:\/\/roveyayinevi.com.tr\/index.php\/wp-json\/wp\/v2\/product_cat?post=718734"},{"taxonomy":"product_tag","embeddable":true,"href":"https:\/\/roveyayinevi.com.tr\/index.php\/wp-json\/wp\/v2\/product_tag?post=718734"}],"curies":[{"name":"wp","href":"https:\/\/api.w.org\/{rel}","templated":true}]}}