{"id":718733,"date":"2025-08-27T18:13:02","date_gmt":"2025-08-27T15:13:02","guid":{"rendered":"https:\/\/roveyayinevi.com.tr\/index.php\/urun\/islam-kulturu-arastirmalari-2-kitap-takim\/"},"modified":"2026-04-16T02:26:48","modified_gmt":"2026-04-15T23:26:48","slug":"islam-kulturu-arastirmalari-2-kitap-takim","status":"publish","type":"product","link":"https:\/\/roveyayinevi.com.tr\/index.php\/urun\/islam-kulturu-arastirmalari-2-kitap-takim\/","title":{"rendered":"\u0130slam K\u00fclt\u00fcr\u00fc Ara\u015ft\u0131rmalar\u0131 (2 Kitap Tak\u0131m)"},"content":{"rendered":"<p>\u201cB\u00fcy\u00fck, Arab dili \u00e2limi\u201dFuad Sezgin\u201c\u0130slam Tedkiklerinin b\u00fcy\u00fck m\u00fctehass\u0131s\u0131&#8230;\u201dFuad K\u00f6pr\u00fcl\u00fc\u201cMuhammedaniche Studien kitab\u0131 yaz\u0131ld\u0131\u011f\u0131 zamandan g\u00fcn\u00fcm\u00fcze kadar, \u015farkiyyat s\u00e2has\u0131nda, ara\u015ft\u0131r\u0131c\u0131lara yol g\u00f6steren \u2018Mukaddes \u0130ncil\u2019 gibi telakki edilmi\u015ftir.\u201dMuhammed Mustaf\u00e2 el-A\u2019zam\u00ee\u201c[Avrupal\u0131] en b\u00fcy\u00fck muhaddislerden olan muhterem Goldziher&#8230;\u201dZ\u00e2kir K\u00e2dir\u00ee Ugan\u201c\u0130sl\u00e2miyet hakk\u0131ndaki asr\u00ee tenk\u00eedin as\u0131l babas\u0131 odur&#8230;\u201dLeone Caetani\u201cBat\u0131l\u0131 oryantalistlerin g\u00f6z\u00fcnde (Goldziher) \u0130slam\u00ee tedkiklerin tart\u0131\u015f\u0131lmaz \u00fcstad\u0131d\u0131r.\u201dLouis Massignon\u201cGoldziher had\u00eesin geli\u015fimi \u00fczerine ilk tarih\u00ee de\u011ferlendirmede bulunmu\u015ftur ki, esasta de\u011ferini korumakta ve g\u00fcn\u00fcm\u00fczde dah\u00ee hayranl\u0131k uyand\u0131rmaktad\u0131r.\u201dGregor SchoelerGoldziher\u2019e g\u00f6re \u015farkiyat\u00e7\u0131n\u0131n ana hedefi, insanl\u0131\u011f\u0131n fikr\u00ee geli\u015fimine \u015fark\u0131n yapt\u0131\u011f\u0131 katk\u0131y\u0131, \u015fark\u0131n kendi kaynaklar\u0131ndan tesbit etmektir. Bunun i\u00e7in de \u00e7o\u011fu m\u00fcste\u015fr\u0131ktan farkl\u0131 olarak \u00fczerinde yazd\u0131\u011f\u0131 konularda m\u00fcsl\u00fcman kaynaklar\u0131n\u0131 hareket noktas\u0131 olarak ele alm\u0131\u015ft\u0131r.Bug\u00fcn elimizde bulunan \u0130slam\u00ee k\u00fclt\u00fcr kaynaklar\u0131n\u0131 bizzat de\u011ferlendirmeden, ilim d\u00fcnyas\u0131nda s\u00f6z sahibi olman\u0131n imk\u00e2n\u0131 yoktur. \u00c2lemlere rahmet bir Peygamber\u2019e liyakatte ba\u015fka \u00f6l\u00e7\u00fc olmad\u0131\u011f\u0131na g\u00f6re, bu \u015fuura sahib ilmiyye s\u0131n\u0131f\u0131m\u0131z\u0131n, milleti gayr-i m\u00fcslim \u00e2limlere muhta\u00e7 b\u0131rakmayacak bir seviyeye er ge\u00e7 ula\u015ft\u0131raca\u011f\u0131na olan inanc\u0131m\u0131z tamd\u0131r.<\/p>\n","protected":false},"excerpt":{"rendered":"<p>\u201cB\u00fcy\u00fck, Arab dili \u00e2limi\u201dFuad Sezgin\u201c\u0130slam Tedkiklerinin b\u00fcy\u00fck m\u00fctehass\u0131s\u0131&#8230;\u201dFuad K\u00f6pr\u00fcl\u00fc\u201cMuhammedaniche Studien kitab\u0131 yaz\u0131ld\u0131\u011f\u0131 zamandan g\u00fcn\u00fcm\u00fcze kadar, \u015farkiyyat s\u00e2has\u0131nda, ara\u015ft\u0131r\u0131c\u0131lara yol g\u00f6steren \u2018Mukaddes \u0130ncil\u2019 gibi telakki edilmi\u015ftir.\u201dMuhammed Mustaf\u00e2<span class=\"excerpt-hellip\"> [\u2026]<\/span><\/p>\n","protected":false},"featured_media":0,"template":"","meta":{"_monsterinsights_skip_tracking":false,"_monsterinsights_sitenote_active":false,"_monsterinsights_sitenote_note":"","_monsterinsights_sitenote_category":0},"product_brand":[],"product_cat":[13036,12718,12719],"product_tag":[],"class_list":{"0":"post-718733","1":"product","2":"type-product","3":"status-publish","5":"product_cat-arastirma-inceleme-islam","6":"product_cat-din","7":"product_cat-islam","8":"pa_cilt-ciltsiz","9":"pa_tur-kitap","10":"pa_yayinevi-otto-yayinlari","11":"pa_yazar-ignaz-goldziher","13":"first","14":"instock","15":"sale","16":"shipping-taxable","17":"purchasable","18":"product-type-simple"},"_links":{"self":[{"href":"https:\/\/roveyayinevi.com.tr\/index.php\/wp-json\/wp\/v2\/product\/718733","targetHints":{"allow":["GET"]}}],"collection":[{"href":"https:\/\/roveyayinevi.com.tr\/index.php\/wp-json\/wp\/v2\/product"}],"about":[{"href":"https:\/\/roveyayinevi.com.tr\/index.php\/wp-json\/wp\/v2\/types\/product"}],"wp:attachment":[{"href":"https:\/\/roveyayinevi.com.tr\/index.php\/wp-json\/wp\/v2\/media?parent=718733"}],"wp:term":[{"taxonomy":"product_brand","embeddable":true,"href":"https:\/\/roveyayinevi.com.tr\/index.php\/wp-json\/wp\/v2\/product_brand?post=718733"},{"taxonomy":"product_cat","embeddable":true,"href":"https:\/\/roveyayinevi.com.tr\/index.php\/wp-json\/wp\/v2\/product_cat?post=718733"},{"taxonomy":"product_tag","embeddable":true,"href":"https:\/\/roveyayinevi.com.tr\/index.php\/wp-json\/wp\/v2\/product_tag?post=718733"}],"curies":[{"name":"wp","href":"https:\/\/api.w.org\/{rel}","templated":true}]}}