{"id":718731,"date":"2025-08-27T18:13:00","date_gmt":"2025-08-27T15:13:00","guid":{"rendered":"https:\/\/roveyayinevi.com.tr\/index.php\/urun\/kahraman-savasci\/"},"modified":"2026-04-16T02:26:48","modified_gmt":"2026-04-15T23:26:48","slug":"kahraman-savasci","status":"publish","type":"product","link":"https:\/\/roveyayinevi.com.tr\/index.php\/urun\/kahraman-savasci\/","title":{"rendered":"Kahraman Sava\u015f\u00e7\u0131"},"content":{"rendered":"<p>Bir Anadolu k\u00f6y\u00fcnden \u00fcniversiteye okumaya gelen Pervane\u2026 Yeni nesilin, var olma nedenlerine, insan olman\u0131n \u015fartlar\u0131na yabanc\u0131 olmalar\u0131na, bitkisel hayatta ya\u015fay\u0131p mutluluk ve sevgiye yabanc\u0131la\u015fmalar\u0131na g\u00fczel bir \u00f6rnek\u2026   \u0130nsanca duygular\u0131  tatmak ve insanca ya\u015famak i\u00e7in bunu hak etmesi gerekiyor; sonu nas\u0131l biterse bitsin&#8230;<\/p>\n","protected":false},"excerpt":{"rendered":"<p>Bir Anadolu k\u00f6y\u00fcnden \u00fcniversiteye okumaya gelen Pervane\u2026 Yeni nesilin, var olma nedenlerine, insan olman\u0131n \u015fartlar\u0131na yabanc\u0131 olmalar\u0131na, bitkisel hayatta ya\u015fay\u0131p mutluluk ve sevgiye yabanc\u0131la\u015fmalar\u0131na g\u00fczel bir<span class=\"excerpt-hellip\"> [\u2026]<\/span><\/p>\n","protected":false},"featured_media":0,"template":"","meta":{"_monsterinsights_skip_tracking":false,"_monsterinsights_sitenote_active":false,"_monsterinsights_sitenote_note":"","_monsterinsights_sitenote_category":0},"product_brand":[],"product_cat":[12291,12711],"product_tag":[],"class_list":{"0":"post-718731","1":"product","2":"type-product","3":"status-publish","5":"product_cat-edebiyat","6":"product_cat-roman-oyku","7":"pa_cilt-ciltsiz","8":"pa_tur-kitap","9":"pa_yayinevi-sinopsis-yayinlari","10":"pa_yazar-hulya-kilic","12":"first","13":"instock","14":"sale","15":"shipping-taxable","16":"purchasable","17":"product-type-simple"},"_links":{"self":[{"href":"https:\/\/roveyayinevi.com.tr\/index.php\/wp-json\/wp\/v2\/product\/718731","targetHints":{"allow":["GET"]}}],"collection":[{"href":"https:\/\/roveyayinevi.com.tr\/index.php\/wp-json\/wp\/v2\/product"}],"about":[{"href":"https:\/\/roveyayinevi.com.tr\/index.php\/wp-json\/wp\/v2\/types\/product"}],"wp:attachment":[{"href":"https:\/\/roveyayinevi.com.tr\/index.php\/wp-json\/wp\/v2\/media?parent=718731"}],"wp:term":[{"taxonomy":"product_brand","embeddable":true,"href":"https:\/\/roveyayinevi.com.tr\/index.php\/wp-json\/wp\/v2\/product_brand?post=718731"},{"taxonomy":"product_cat","embeddable":true,"href":"https:\/\/roveyayinevi.com.tr\/index.php\/wp-json\/wp\/v2\/product_cat?post=718731"},{"taxonomy":"product_tag","embeddable":true,"href":"https:\/\/roveyayinevi.com.tr\/index.php\/wp-json\/wp\/v2\/product_tag?post=718731"}],"curies":[{"name":"wp","href":"https:\/\/api.w.org\/{rel}","templated":true}]}}