{"id":718730,"date":"2025-08-27T18:12:59","date_gmt":"2025-08-27T15:12:59","guid":{"rendered":"https:\/\/roveyayinevi.com.tr\/index.php\/urun\/kuyu-3\/"},"modified":"2026-04-16T02:26:48","modified_gmt":"2026-04-15T23:26:48","slug":"kuyu-3","status":"publish","type":"product","link":"https:\/\/roveyayinevi.com.tr\/index.php\/urun\/kuyu-3\/","title":{"rendered":"Kuyu"},"content":{"rendered":"<p>Be\u015f y\u0131l \u00f6nce Trinidad\u2019dan \u0130ngiltere\u2019ye gelen OdelleBastien\u2019in yapt\u0131\u011f\u0131 ilk \u015fey, ya\u015fayabilmek i\u00e7in bir i\u015f bulmakt\u0131. B\u00f6ylece \u00e7ocukluk arkada\u015f\u0131 Cynth\u2019in \u00f6nerisiyle bir ayakkab\u0131c\u0131da \u00e7al\u0131\u015fmaya ba\u015flad\u0131, ancak ayak parmaklar\u0131 olmayan birine servis vermek zorunda kald\u0131\u011f\u0131 g\u00fcn daha iyi bir i\u015f bulmas\u0131 ve kendini as\u0131l tutkusu olan yazarl\u0131\u011fa adamas\u0131 gerekti\u011finden emin olmu\u015ftu. Temmuz ay\u0131n\u0131n en s\u0131cak g\u00fcnlerinden birinde Skelton Sanat Enstit\u00fcs\u00fc\u2019n\u00fcn mermer basamaklar\u0131n\u0131 t\u0131rman\u0131p hen\u00fcz kabul edildi\u011fi yazmanl\u0131k g\u00f6revine ba\u015flamak i\u00e7in can atan Odelle\u2019in hayat\u0131, o b\u00fcy\u00fck kap\u0131lar\u0131 aralar aralamaz de\u011fi\u015fecekti\u2026 Hem de hi\u00e7 kimsenin tahmin edemeyece\u011fi bir bi\u00e7imde!    Gizemli, karanl\u0131k atmosferiyle ona bakanlar\u0131 b\u00fcy\u00fcleyen ve onlarca y\u0131ld\u0131r kay\u0131p bir tablonun ortaya \u00e7\u0131k\u0131\u015f\u0131, Kuyu\u2019nun benzersiz olay \u00f6rg\u00fcs\u00fcne ve farkl\u0131 zamanlarda ya\u015fanm\u0131\u015f iki hik\u00e2yeye birden y\u00f6n veriyor. Bu sayfalar\u0131n i\u00e7inde iki farkl\u0131 roman oldu\u011funu g\u00f6receksiniz; insanl\u0131k tarihin t\u00fcrl\u00fc mezalimlerine tan\u0131kl\u0131k edenlerin bir kuyu kadar karanl\u0131k \u00f6yk\u00fclerine a\u00e7\u0131lan iki kap\u0131. Hangisini aralayaca\u011f\u0131n\u0131za ya da hangisine inanaca\u011f\u0131n\u0131za yaln\u0131zca siz karar verebilirsiniz. Yine de John Berger\u2019\u0131n, yol boyunca yard\u0131m\u0131 dokunabilecek o s\u00f6zlerini hat\u0131rlatmakta fayda var:    \u201cBundan b\u00f6yle hi\u00e7bir \u00f6yk\u00fc, biricik \u00f6yk\u00fcym\u00fc\u015f gibi anlat\u0131lmas\u0131n.\u201d <\/p>\n","protected":false},"excerpt":{"rendered":"<p>Be\u015f y\u0131l \u00f6nce Trinidad\u2019dan \u0130ngiltere\u2019ye gelen OdelleBastien\u2019in yapt\u0131\u011f\u0131 ilk \u015fey, ya\u015fayabilmek i\u00e7in bir i\u015f bulmakt\u0131. B\u00f6ylece \u00e7ocukluk arkada\u015f\u0131 Cynth\u2019in \u00f6nerisiyle bir ayakkab\u0131c\u0131da \u00e7al\u0131\u015fmaya ba\u015flad\u0131, ancak ayak<span class=\"excerpt-hellip\"> [\u2026]<\/span><\/p>\n","protected":false},"featured_media":0,"template":"","meta":{"_monsterinsights_skip_tracking":false,"_monsterinsights_sitenote_active":false,"_monsterinsights_sitenote_note":"","_monsterinsights_sitenote_category":0},"product_brand":[],"product_cat":[12291,12711],"product_tag":[],"class_list":{"0":"post-718730","1":"product","2":"type-product","3":"status-publish","5":"product_cat-edebiyat","6":"product_cat-roman-oyku","7":"pa_cilt-ciltsiz","8":"pa_tur-kitap","9":"pa_yayinevi-epsilon-yayinlari","10":"pa_yazar-jessie-burton","12":"first","13":"instock","14":"sale","15":"shipping-taxable","16":"purchasable","17":"product-type-simple"},"_links":{"self":[{"href":"https:\/\/roveyayinevi.com.tr\/index.php\/wp-json\/wp\/v2\/product\/718730","targetHints":{"allow":["GET"]}}],"collection":[{"href":"https:\/\/roveyayinevi.com.tr\/index.php\/wp-json\/wp\/v2\/product"}],"about":[{"href":"https:\/\/roveyayinevi.com.tr\/index.php\/wp-json\/wp\/v2\/types\/product"}],"wp:attachment":[{"href":"https:\/\/roveyayinevi.com.tr\/index.php\/wp-json\/wp\/v2\/media?parent=718730"}],"wp:term":[{"taxonomy":"product_brand","embeddable":true,"href":"https:\/\/roveyayinevi.com.tr\/index.php\/wp-json\/wp\/v2\/product_brand?post=718730"},{"taxonomy":"product_cat","embeddable":true,"href":"https:\/\/roveyayinevi.com.tr\/index.php\/wp-json\/wp\/v2\/product_cat?post=718730"},{"taxonomy":"product_tag","embeddable":true,"href":"https:\/\/roveyayinevi.com.tr\/index.php\/wp-json\/wp\/v2\/product_tag?post=718730"}],"curies":[{"name":"wp","href":"https:\/\/api.w.org\/{rel}","templated":true}]}}