{"id":718727,"date":"2025-08-27T18:12:57","date_gmt":"2025-08-27T15:12:57","guid":{"rendered":"https:\/\/roveyayinevi.com.tr\/index.php\/urun\/kucuk-pis-yesil-bocek\/"},"modified":"2026-04-16T02:26:48","modified_gmt":"2026-04-15T23:26:48","slug":"kucuk-pis-yesil-bocek","status":"publish","type":"product","link":"https:\/\/roveyayinevi.com.tr\/index.php\/urun\/kucuk-pis-yesil-bocek\/","title":{"rendered":"K\u00fc\u00e7\u00fck Pis Ye\u015fil B\u00f6cek"},"content":{"rendered":"<p>\u00c7ocuklar\u0131n do\u011fayla ve hayvanlarla \u00e7\u0131kt\u0131\u011f\u0131 yolculu\u011fu e\u011flenceli \u00fcslubuyla anlatan, s\u0131rad\u0131\u015f\u0131 karakterleriyle sevilen F\u00fcsun \u00c7etinel, bu kez okurlar\u0131n\u0131, \u0130stanbul\u2019a g\u00f6\u00e7 eden Aziz\u2019in d\u00fcnyas\u0131na davet ediyor. Bir \u00e7ocu\u011fun ve k\u00fc\u00e7\u00fck bir b\u00f6ce\u011fin, insan seli, y\u00fcr\u00fcyen merdivenler, metro istasyonlar\u0131 ve beton kuleler aras\u0131nda y\u00fckselen \u00e7\u0131\u011fl\u0131\u011f\u0131na kulak veriyor. Roman, kent ya\u015fam\u0131n\u0131n ve i\u015finden okulundan d\u00f6nen bir grup kent insan\u0131n\u0131n portresini, k\u00f6ydeki ya\u015fam\u0131n\u0131 \u00f6zleyen bir \u00e7ocu\u011fun nai g\u00f6z\u00fcnden \u00e7iziyor. Onun \u00f6zg\u00fcrl\u00fck \u00f6zlemini, k\u00fc\u00e7\u00fck bir b\u00f6ce\u011fin metrodan kurtulma \u00e7abas\u0131yla \u00f6zde\u015fle\u015ftiriyor. G\u00fc\u00e7l\u00fc betimlemeleri ve ak\u0131c\u0131 anlat\u0131m\u0131yla dikkati \u00e7eken roman, modern insan\u0131n g\u00f6\u00e7menli\u011fe ve kendine benzemeyenlere dair \u00f6nyarg\u0131lar\u0131n\u0131, bir \u00e7ocu\u011fun \u00f6tekile\u015ftirmeye aman vermeyen duygular\u0131yla harmanl\u0131yor, umuda g\u00f6z k\u0131rp\u0131yor. Aziz ve annesi, Gaziantep\u2019in bir k\u00f6y\u00fcnden \u0130stanbul\u2019a ta\u015f\u0131nmak zorunda kalm\u0131\u015f, amca evine s\u0131\u011f\u0131nm\u0131\u015flard\u0131r. Yeni okulunu yad\u0131rgayan Aziz, ne b\u00fcy\u00fck kente al\u0131\u015fabilmi\u015f, ne de k\u00f6y\u00fcn\u00fc, nenesini, arkada\u015flar\u0131n\u0131 akl\u0131ndan \u00e7\u0131karabilmi\u015ftir. Cep har\u00e7l\u0131\u011f\u0131 i\u00e7in okuldan sonra metroda mendil satmaya ba\u015flar. Metroda bu dev kentin insanlar\u0131n\u0131 g\u00f6zlemledik\u00e7e kendini daha da yabanc\u0131 hisseder. Ama o g\u00fcn vagonda, oraya ait olmayan ba\u015fka biri daha vard\u0131r: K\u00fc\u00e7\u00fcc\u00fck bir ye\u015fil b\u00f6cek\u2026<\/p>\n","protected":false},"excerpt":{"rendered":"<p>\u00c7ocuklar\u0131n do\u011fayla ve hayvanlarla \u00e7\u0131kt\u0131\u011f\u0131 yolculu\u011fu e\u011flenceli \u00fcslubuyla anlatan, s\u0131rad\u0131\u015f\u0131 karakterleriyle sevilen F\u00fcsun \u00c7etinel, bu kez okurlar\u0131n\u0131, \u0130stanbul\u2019a g\u00f6\u00e7 eden Aziz\u2019in d\u00fcnyas\u0131na davet ediyor. Bir \u00e7ocu\u011fun<span class=\"excerpt-hellip\"> [\u2026]<\/span><\/p>\n","protected":false},"featured_media":0,"template":"","meta":{"_monsterinsights_skip_tracking":false,"_monsterinsights_sitenote_active":false,"_monsterinsights_sitenote_note":"","_monsterinsights_sitenote_category":0},"product_brand":[],"product_cat":[12275,12274],"product_tag":[],"class_list":{"0":"post-718727","1":"product","2":"type-product","3":"status-publish","5":"product_cat-6-12-yas-kitaplari","6":"product_cat-cocuk-ve-genclik-kitaplari","7":"pa_cilt-ciltsiz","8":"pa_tur-kitap","9":"pa_yayinevi-gunisigi-kitapligi","10":"pa_yazar-fusun-cetinel","12":"first","13":"instock","14":"sale","15":"shipping-taxable","16":"purchasable","17":"product-type-simple"},"_links":{"self":[{"href":"https:\/\/roveyayinevi.com.tr\/index.php\/wp-json\/wp\/v2\/product\/718727","targetHints":{"allow":["GET"]}}],"collection":[{"href":"https:\/\/roveyayinevi.com.tr\/index.php\/wp-json\/wp\/v2\/product"}],"about":[{"href":"https:\/\/roveyayinevi.com.tr\/index.php\/wp-json\/wp\/v2\/types\/product"}],"wp:attachment":[{"href":"https:\/\/roveyayinevi.com.tr\/index.php\/wp-json\/wp\/v2\/media?parent=718727"}],"wp:term":[{"taxonomy":"product_brand","embeddable":true,"href":"https:\/\/roveyayinevi.com.tr\/index.php\/wp-json\/wp\/v2\/product_brand?post=718727"},{"taxonomy":"product_cat","embeddable":true,"href":"https:\/\/roveyayinevi.com.tr\/index.php\/wp-json\/wp\/v2\/product_cat?post=718727"},{"taxonomy":"product_tag","embeddable":true,"href":"https:\/\/roveyayinevi.com.tr\/index.php\/wp-json\/wp\/v2\/product_tag?post=718727"}],"curies":[{"name":"wp","href":"https:\/\/api.w.org\/{rel}","templated":true}]}}