{"id":718726,"date":"2025-08-27T18:12:56","date_gmt":"2025-08-27T15:12:56","guid":{"rendered":"https:\/\/roveyayinevi.com.tr\/index.php\/urun\/homintern\/"},"modified":"2026-04-16T02:26:48","modified_gmt":"2026-04-15T23:26:48","slug":"homintern","status":"publish","type":"product","link":"https:\/\/roveyayinevi.com.tr\/index.php\/urun\/homintern\/","title":{"rendered":"Homintern"},"content":{"rendered":"<p>Homintern, yani Homoseks\u00fcel Enternasyonal: E\u015fcinseller i\u00e7in Kom\u00fcnist Enternasyonal\u2019den t\u00fcretilmi\u015f, geli\u015fig\u00fczel bir \u015fakadan ibaret. Heteroseks\u00fceller a\u00e7\u0131s\u0131ndan bak\u0131ld\u0131\u011f\u0131nda ise ajanl\u0131kla ilgili komplo teorilerine zemin olu\u015fturacak, en iyi ihtimalle d\u00fczcinselleri d\u0131\u015flayan bir mason camias\u0131. \u015eaka bir yana, LGBT\u0130+ hareketin \u00f6nc\u00fcl\u00fc say\u0131labilecek, uluslararas\u0131 bir a\u011f \u00f6ren b\u00f6yle bir toplumsal yap\u0131 varolmu\u015ftu. GregoryWoods, tam da 19. y\u00fczy\u0131l sonundan 1970\u2019lere de\u011fin varolmu\u015f bir toplumsal dokuyu tasvir ediyor. Fin-de-si\u00e8cle Avrupa\u2019s\u0131nda cinsel normlara ayk\u0131r\u0131 gelen bireyleri ezen skandallar \u00fcst\u00fcne skandallar patlak verirken, onlar da cebren tecrite maruz kal\u0131yor ya da hem cinsel hem k\u00fclt\u00fcrel ili\u015fkiler a\u011f\u0131n\u0131 \u00f6rmek \u00fczere g\u00f6n\u00fcll\u00fc olarak kendi ka\u00e7\u0131\u015f \u00e7izgilerini \u00e7ekiyorlard\u0131. Bu tip bir \u00e7ok y\u00f6nl\u00fc istikamet Modernizmi kuran Sodom\u2019un kalelerini \u00f6rm\u00fc\u015ft\u00fcr. Mitsel nitelik kazanan, Kuzey Avrupa\u2019n\u0131n P\u00fcritenlik bask\u0131s\u0131ndan kurtulmu\u015f Kod Napolyon\u2019un Paris Sodom\u2019u, Weimar\u2019\u0131n Berlin Sodom\u2019u ya da Harlem\u2019in New York Sodom\u2019u\u2026 <\/p>\n","protected":false},"excerpt":{"rendered":"<p>Homintern, yani Homoseks\u00fcel Enternasyonal: E\u015fcinseller i\u00e7in Kom\u00fcnist Enternasyonal\u2019den t\u00fcretilmi\u015f, geli\u015fig\u00fczel bir \u015fakadan ibaret. Heteroseks\u00fceller a\u00e7\u0131s\u0131ndan bak\u0131ld\u0131\u011f\u0131nda ise ajanl\u0131kla ilgili komplo teorilerine zemin olu\u015fturacak, en iyi ihtimalle<span class=\"excerpt-hellip\"> [\u2026]<\/span><\/p>\n","protected":false},"featured_media":0,"template":"","meta":{"_monsterinsights_skip_tracking":false,"_monsterinsights_sitenote_active":false,"_monsterinsights_sitenote_note":"","_monsterinsights_sitenote_category":0},"product_brand":[],"product_cat":[14787,13488],"product_tag":[],"class_list":{"0":"post-718726","1":"product","2":"type-product","3":"status-publish","5":"product_cat-diger-toplum-ve-insan","6":"product_cat-toplum-ve-insan","7":"pa_cilt-ciltsiz","8":"pa_tur-kitap","9":"pa_yayinevi-ayrinti-yayinlari","10":"pa_yazar-gregory-woods","12":"first","13":"instock","14":"sale","15":"shipping-taxable","16":"purchasable","17":"product-type-simple"},"_links":{"self":[{"href":"https:\/\/roveyayinevi.com.tr\/index.php\/wp-json\/wp\/v2\/product\/718726","targetHints":{"allow":["GET"]}}],"collection":[{"href":"https:\/\/roveyayinevi.com.tr\/index.php\/wp-json\/wp\/v2\/product"}],"about":[{"href":"https:\/\/roveyayinevi.com.tr\/index.php\/wp-json\/wp\/v2\/types\/product"}],"wp:attachment":[{"href":"https:\/\/roveyayinevi.com.tr\/index.php\/wp-json\/wp\/v2\/media?parent=718726"}],"wp:term":[{"taxonomy":"product_brand","embeddable":true,"href":"https:\/\/roveyayinevi.com.tr\/index.php\/wp-json\/wp\/v2\/product_brand?post=718726"},{"taxonomy":"product_cat","embeddable":true,"href":"https:\/\/roveyayinevi.com.tr\/index.php\/wp-json\/wp\/v2\/product_cat?post=718726"},{"taxonomy":"product_tag","embeddable":true,"href":"https:\/\/roveyayinevi.com.tr\/index.php\/wp-json\/wp\/v2\/product_tag?post=718726"}],"curies":[{"name":"wp","href":"https:\/\/api.w.org\/{rel}","templated":true}]}}