{"id":718722,"date":"2025-08-27T18:12:54","date_gmt":"2025-08-27T15:12:54","guid":{"rendered":"https:\/\/roveyayinevi.com.tr\/index.php\/urun\/tarihin-dehseti\/"},"modified":"2026-04-16T02:26:48","modified_gmt":"2026-04-15T23:26:48","slug":"tarihin-dehseti","status":"publish","type":"product","link":"https:\/\/roveyayinevi.com.tr\/index.php\/urun\/tarihin-dehseti\/","title":{"rendered":"Tarihin Deh\u015feti"},"content":{"rendered":"<p>Elinizdeki kitap Bat\u0131 d\u00fcnyas\u0131n\u0131n tarihin deh\u015fetinden ka\u00e7ma \u00e7abalar\u0131n\u0131 anlat\u0131yor. \u0130nsan yap\u0131m\u0131 facialar\u0131n ve bitmek bilmeyen sava\u015flar\u0131n meydana getirdi\u011fi felaketlerden ka\u00e7ma \u00e7abalar\u0131\u2026 Antik \u00c7a\u011f\u2019dan yak\u0131n ge\u00e7mi\u015fe tarihi b\u00f6l\u00fcmlere ay\u0131rarak inceleyen ve onlar\u0131 ki\u015fisel yans\u0131malar ve edebiyat \u00f6rnekleriyle zenginle\u015ftiren Teofilo Ruiz, dini deneyimlerin kucaklanmas\u0131n\u0131, d\u00fcnya zevkleri ve ba\u015far\u0131n\u0131n pe\u015fine d\u00fc\u015f\u00fclmesini, g\u00fczellik ve bilgi aray\u0131\u015f\u0131n\u0131 tarihin kabuslar\u0131n\u0131n \u00fc\u00e7 temel yans\u0131mas\u0131 olarak yeniden ke\u015ffediyor. Deh\u015fete d\u00fc\u015f\u00fcren sonu\u00e7 ise, bug\u00fcn bile Bat\u0131 toplumunda insanlar\u0131n d\u00fcnyaya anlam vermeye \u00e7al\u0131\u015fmas\u0131 ve onun rahats\u0131z edici tarihi. M\u00fcthi\u015f bir tarih yelpazesini ki\u015fisel ve \u00f6yk\u00fcleyici bir dille anlatan Tarihin Deh\u015feti, kendi korkutucu tarihleriyle ba\u015fa \u00e7\u0131kabilmek i\u00e7in inan\u0131lmaz yollara ba\u015fvuran Bat\u0131 insan\u0131na \u015fahitlik ediyor. <\/p>\n","protected":false},"excerpt":{"rendered":"<p>Elinizdeki kitap Bat\u0131 d\u00fcnyas\u0131n\u0131n tarihin deh\u015fetinden ka\u00e7ma \u00e7abalar\u0131n\u0131 anlat\u0131yor. \u0130nsan yap\u0131m\u0131 facialar\u0131n ve bitmek bilmeyen sava\u015flar\u0131n meydana getirdi\u011fi felaketlerden ka\u00e7ma \u00e7abalar\u0131\u2026 Antik \u00c7a\u011f\u2019dan yak\u0131n ge\u00e7mi\u015fe tarihi<span class=\"excerpt-hellip\"> [\u2026]<\/span><\/p>\n","protected":false},"featured_media":0,"template":"","meta":{"_monsterinsights_skip_tracking":false,"_monsterinsights_sitenote_active":false,"_monsterinsights_sitenote_note":"","_monsterinsights_sitenote_category":0},"product_brand":[],"product_cat":[12312,12304],"product_tag":[],"class_list":{"0":"post-718722","1":"product","2":"type-product","3":"status-publish","5":"product_cat-diger","6":"product_cat-tarih","7":"pa_cilt-ciltsiz","8":"pa_tur-kitap","9":"pa_yayinevi-ketebe-yayinlari","10":"pa_yazar-teofilo-f-ruiz","12":"first","13":"instock","14":"sale","15":"shipping-taxable","16":"purchasable","17":"product-type-simple"},"_links":{"self":[{"href":"https:\/\/roveyayinevi.com.tr\/index.php\/wp-json\/wp\/v2\/product\/718722","targetHints":{"allow":["GET"]}}],"collection":[{"href":"https:\/\/roveyayinevi.com.tr\/index.php\/wp-json\/wp\/v2\/product"}],"about":[{"href":"https:\/\/roveyayinevi.com.tr\/index.php\/wp-json\/wp\/v2\/types\/product"}],"wp:attachment":[{"href":"https:\/\/roveyayinevi.com.tr\/index.php\/wp-json\/wp\/v2\/media?parent=718722"}],"wp:term":[{"taxonomy":"product_brand","embeddable":true,"href":"https:\/\/roveyayinevi.com.tr\/index.php\/wp-json\/wp\/v2\/product_brand?post=718722"},{"taxonomy":"product_cat","embeddable":true,"href":"https:\/\/roveyayinevi.com.tr\/index.php\/wp-json\/wp\/v2\/product_cat?post=718722"},{"taxonomy":"product_tag","embeddable":true,"href":"https:\/\/roveyayinevi.com.tr\/index.php\/wp-json\/wp\/v2\/product_tag?post=718722"}],"curies":[{"name":"wp","href":"https:\/\/api.w.org\/{rel}","templated":true}]}}