{"id":718721,"date":"2025-08-27T18:12:53","date_gmt":"2025-08-27T15:12:53","guid":{"rendered":"https:\/\/roveyayinevi.com.tr\/index.php\/urun\/sonsuzlugun-yuzleri\/"},"modified":"2026-04-16T02:26:48","modified_gmt":"2026-04-15T23:26:48","slug":"sonsuzlugun-yuzleri","status":"publish","type":"product","link":"https:\/\/roveyayinevi.com.tr\/index.php\/urun\/sonsuzlugun-yuzleri\/","title":{"rendered":"Sonsuzlu\u011fun Y\u00fczleri"},"content":{"rendered":"<p>Sonsuzlu\u011fun Y\u00fczleri, \u0130kinci Yeni \u015fiirinin \u00e7ok az bilinen bir alan\u0131na, yani g\u00f6rsel sanatlar\u0131n bu \u015fairlerin \u015fiirlerinde nas\u0131l temsil edildi\u011fine, temsilde kullan\u0131lan y\u00f6ntemlere, \u015fairlerin bunlar vas\u0131tas\u0131yla neden kendilerinden \u00f6nceki \u015fairlerden \u201cfarkl\u0131\u201d, \u201cal\u0131\u015f\u0131lmad\u0131k\u201d ve bazen de \u201ctuhaf\u201d \u015fiirler yazd\u0131klar\u0131na odaklan\u0131yor. Ayn\u0131 zamanda \u0130kinci Yeni \u015fiirini estetik, k\u00fclt\u00fcr ve sanat a\u00e7\u0131lar\u0131ndan beslemi\u015f olan resim, sinema ve di\u011fer g\u00f6rsel sanatlar y\u00f6n\u00fcnden inceliyor. Turgay Anar, bu hacimli ve derinlikli \u00e7al\u0131\u015fmada Chagall\u2019dan Cihat Burak\u2019a, Vigo\u2019dan Bergman\u2019a g\u00f6rsel ipu\u00e7lar\u0131n\u0131n izini s\u00fcrerek, \u0130kinci Yeni \u015fiirinin g\u00f6rsel sanatlar ile kurdu\u011fu ili\u015fkiyi ve bu ili\u015fkinin neticesinde ortaya \u00e7\u0131kan yeni ve zengin \u015fiir dilinin nas\u0131l bir yoldan ge\u00e7erek ortaya \u00e7\u0131kt\u0131\u011f\u0131n\u0131 ara\u015ft\u0131r\u0131yor. <\/p>\n","protected":false},"excerpt":{"rendered":"<p>Sonsuzlu\u011fun Y\u00fczleri, \u0130kinci Yeni \u015fiirinin \u00e7ok az bilinen bir alan\u0131na, yani g\u00f6rsel sanatlar\u0131n bu \u015fairlerin \u015fiirlerinde nas\u0131l temsil edildi\u011fine, temsilde kullan\u0131lan y\u00f6ntemlere, \u015fairlerin bunlar vas\u0131tas\u0131yla neden<span class=\"excerpt-hellip\"> [\u2026]<\/span><\/p>\n","protected":false},"featured_media":0,"template":"","meta":{"_monsterinsights_skip_tracking":false,"_monsterinsights_sitenote_active":false,"_monsterinsights_sitenote_note":"","_monsterinsights_sitenote_category":0},"product_brand":[],"product_cat":[12291,12509],"product_tag":[],"class_list":{"0":"post-718721","1":"product","2":"type-product","3":"status-publish","5":"product_cat-edebiyat","6":"product_cat-siir","7":"pa_cilt-ciltsiz","8":"pa_tur-kitap","9":"pa_yayinevi-ketebe-yayinlari","10":"pa_yazar-turgay-anar","12":"first","13":"instock","14":"sale","15":"shipping-taxable","16":"purchasable","17":"product-type-simple"},"_links":{"self":[{"href":"https:\/\/roveyayinevi.com.tr\/index.php\/wp-json\/wp\/v2\/product\/718721","targetHints":{"allow":["GET"]}}],"collection":[{"href":"https:\/\/roveyayinevi.com.tr\/index.php\/wp-json\/wp\/v2\/product"}],"about":[{"href":"https:\/\/roveyayinevi.com.tr\/index.php\/wp-json\/wp\/v2\/types\/product"}],"wp:attachment":[{"href":"https:\/\/roveyayinevi.com.tr\/index.php\/wp-json\/wp\/v2\/media?parent=718721"}],"wp:term":[{"taxonomy":"product_brand","embeddable":true,"href":"https:\/\/roveyayinevi.com.tr\/index.php\/wp-json\/wp\/v2\/product_brand?post=718721"},{"taxonomy":"product_cat","embeddable":true,"href":"https:\/\/roveyayinevi.com.tr\/index.php\/wp-json\/wp\/v2\/product_cat?post=718721"},{"taxonomy":"product_tag","embeddable":true,"href":"https:\/\/roveyayinevi.com.tr\/index.php\/wp-json\/wp\/v2\/product_tag?post=718721"}],"curies":[{"name":"wp","href":"https:\/\/api.w.org\/{rel}","templated":true}]}}