{"id":718720,"date":"2025-08-27T18:12:52","date_gmt":"2025-08-27T15:12:52","guid":{"rendered":"https:\/\/roveyayinevi.com.tr\/index.php\/urun\/radikal-zanaat\/"},"modified":"2026-04-16T02:26:48","modified_gmt":"2026-04-15T23:26:48","slug":"radikal-zanaat","status":"publish","type":"product","link":"https:\/\/roveyayinevi.com.tr\/index.php\/urun\/radikal-zanaat\/","title":{"rendered":"Radikal Zanaat"},"content":{"rendered":"<p>Avangart ve postmodern \u015fiirin d\u00fcnyadaki geli\u015fim s\u00fcrecini ve etkilerini yak\u0131ndan inceleyen Amerikal\u0131 \u015fiir ele\u015ftirmeni Marjorie Perloff, yazd\u0131\u011f\u0131 yaz\u0131larla karanl\u0131kta kalm\u0131\u015f bir\u00e7ok \u015fairi de g\u00fcndeme ta\u015f\u0131m\u0131\u015ft\u0131r. Ayn\u0131 zamanda Language ve Objektivizm gibi ak\u0131mlar \u00fczerinde derinlikli \u00e7al\u0131\u015fmalara imza atarak Amerika\u2019da s\u00fcregelen \u201cResmi Vezin K\u00fclt\u00fcr\u00fc\u201dn\u00fc de tart\u0131\u015fmaya a\u00e7m\u0131\u015ft\u0131r. Radikal Zanaat isimli eserinde Perloff, medya ve \u015fiir ili\u015fkisini ele al\u0131r; yirminci y\u00fczy\u0131l\u0131n ba\u015flar\u0131nda tezah\u00fcr eden Dadaizm ak\u0131m\u0131ndan internet kullan\u0131m\u0131n\u0131n yayg\u0131nla\u015fmas\u0131na kadar ge\u00e7en s\u00fcre\u00e7te medyan\u0131n geli\u015ftirdi\u011fi dile kar\u015f\u0131 \u015fiirin ve sanat\u0131n ald\u0131\u011f\u0131 pozisyonu inceler. \u0130nternetin hen\u00fcz kitleselle\u015fme e\u011filiminde oldu\u011fu bir d\u00f6nemde elektronik medya d\u00fcnyas\u0131 i\u00e7inde \u015fairin deneyimlerini anlamak isteyen ele\u015ftirmenin pek \u00e7ok hususta \u201cerken te\u015fhis\u201d i\u00e7eren g\u00f6r\u00fc\u015fleri ilk kez T\u00fcrk\u00e7ede.   <\/p>\n","protected":false},"excerpt":{"rendered":"<p>Avangart ve postmodern \u015fiirin d\u00fcnyadaki geli\u015fim s\u00fcrecini ve etkilerini yak\u0131ndan inceleyen Amerikal\u0131 \u015fiir ele\u015ftirmeni Marjorie Perloff, yazd\u0131\u011f\u0131 yaz\u0131larla karanl\u0131kta kalm\u0131\u015f bir\u00e7ok \u015fairi de g\u00fcndeme ta\u015f\u0131m\u0131\u015ft\u0131r. Ayn\u0131<span class=\"excerpt-hellip\"> [\u2026]<\/span><\/p>\n","protected":false},"featured_media":0,"template":"","meta":{"_monsterinsights_skip_tracking":false,"_monsterinsights_sitenote_active":false,"_monsterinsights_sitenote_note":"","_monsterinsights_sitenote_category":0},"product_brand":[],"product_cat":[12291,12509],"product_tag":[],"class_list":{"0":"post-718720","1":"product","2":"type-product","3":"status-publish","5":"product_cat-edebiyat","6":"product_cat-siir","7":"pa_cilt-ciltsiz","8":"pa_tur-kitap","9":"pa_yayinevi-ketebe-yayinlari","10":"pa_yazar-marjorie-perloff","12":"first","13":"instock","14":"sale","15":"shipping-taxable","16":"purchasable","17":"product-type-simple"},"_links":{"self":[{"href":"https:\/\/roveyayinevi.com.tr\/index.php\/wp-json\/wp\/v2\/product\/718720","targetHints":{"allow":["GET"]}}],"collection":[{"href":"https:\/\/roveyayinevi.com.tr\/index.php\/wp-json\/wp\/v2\/product"}],"about":[{"href":"https:\/\/roveyayinevi.com.tr\/index.php\/wp-json\/wp\/v2\/types\/product"}],"wp:attachment":[{"href":"https:\/\/roveyayinevi.com.tr\/index.php\/wp-json\/wp\/v2\/media?parent=718720"}],"wp:term":[{"taxonomy":"product_brand","embeddable":true,"href":"https:\/\/roveyayinevi.com.tr\/index.php\/wp-json\/wp\/v2\/product_brand?post=718720"},{"taxonomy":"product_cat","embeddable":true,"href":"https:\/\/roveyayinevi.com.tr\/index.php\/wp-json\/wp\/v2\/product_cat?post=718720"},{"taxonomy":"product_tag","embeddable":true,"href":"https:\/\/roveyayinevi.com.tr\/index.php\/wp-json\/wp\/v2\/product_tag?post=718720"}],"curies":[{"name":"wp","href":"https:\/\/api.w.org\/{rel}","templated":true}]}}