{"id":718716,"date":"2025-08-27T18:12:49","date_gmt":"2025-08-27T15:12:49","guid":{"rendered":"https:\/\/roveyayinevi.com.tr\/index.php\/urun\/butun-olumlerimle-ayni-arabada\/"},"modified":"2026-04-16T02:26:48","modified_gmt":"2026-04-15T23:26:48","slug":"butun-olumlerimle-ayni-arabada","status":"publish","type":"product","link":"https:\/\/roveyayinevi.com.tr\/index.php\/urun\/butun-olumlerimle-ayni-arabada\/","title":{"rendered":"B\u00fct\u00fcn \u00d6l\u00fcmlerimle Ayn\u0131 Arabada"},"content":{"rendered":"<p>Ankara\u2019ya Rus u\u00e7a\u011f\u0131 indirmenin erkekli\u011fini getiremem sana Erzurum d\u00fc\u015ft\u00fc ve g\u00f6r\u00fcn\u00fcrde bir Rus yok G\u00fcc\u00fcm\u00fcn yetmeyi\u015fini saklam\u0131yorum, a\u00e7\u0131k\u00e7a s\u00f6yl\u00fcyorum Ey g\u00fcnahtan ka\u00e7\u0131nm\u0131\u015f, ak ve beyaz olan Her sabah yi\u011fit\u00e7e bakmak i\u00e7in g\u00f6zlerine, i\u015fe gitmekten ba\u015fka Getirecek bir \u015feyim yok. <\/p>\n","protected":false},"excerpt":{"rendered":"<p>Ankara\u2019ya Rus u\u00e7a\u011f\u0131 indirmenin erkekli\u011fini getiremem sana Erzurum d\u00fc\u015ft\u00fc ve g\u00f6r\u00fcn\u00fcrde bir Rus yok G\u00fcc\u00fcm\u00fcn yetmeyi\u015fini saklam\u0131yorum, a\u00e7\u0131k\u00e7a s\u00f6yl\u00fcyorum Ey g\u00fcnahtan ka\u00e7\u0131nm\u0131\u015f, ak ve beyaz olan<span class=\"excerpt-hellip\"> [\u2026]<\/span><\/p>\n","protected":false},"featured_media":0,"template":"","meta":{"_monsterinsights_skip_tracking":false,"_monsterinsights_sitenote_active":false,"_monsterinsights_sitenote_note":"","_monsterinsights_sitenote_category":0},"product_brand":[],"product_cat":[12291,12509],"product_tag":[],"class_list":{"0":"post-718716","1":"product","2":"type-product","3":"status-publish","5":"product_cat-edebiyat","6":"product_cat-siir","7":"pa_cilt-ciltsiz","8":"pa_tur-kitap","9":"pa_yayinevi-ketebe-yayinlari","10":"pa_yazar-enes-kilic","12":"first","13":"instock","14":"sale","15":"shipping-taxable","16":"purchasable","17":"product-type-simple"},"_links":{"self":[{"href":"https:\/\/roveyayinevi.com.tr\/index.php\/wp-json\/wp\/v2\/product\/718716","targetHints":{"allow":["GET"]}}],"collection":[{"href":"https:\/\/roveyayinevi.com.tr\/index.php\/wp-json\/wp\/v2\/product"}],"about":[{"href":"https:\/\/roveyayinevi.com.tr\/index.php\/wp-json\/wp\/v2\/types\/product"}],"wp:attachment":[{"href":"https:\/\/roveyayinevi.com.tr\/index.php\/wp-json\/wp\/v2\/media?parent=718716"}],"wp:term":[{"taxonomy":"product_brand","embeddable":true,"href":"https:\/\/roveyayinevi.com.tr\/index.php\/wp-json\/wp\/v2\/product_brand?post=718716"},{"taxonomy":"product_cat","embeddable":true,"href":"https:\/\/roveyayinevi.com.tr\/index.php\/wp-json\/wp\/v2\/product_cat?post=718716"},{"taxonomy":"product_tag","embeddable":true,"href":"https:\/\/roveyayinevi.com.tr\/index.php\/wp-json\/wp\/v2\/product_tag?post=718716"}],"curies":[{"name":"wp","href":"https:\/\/api.w.org\/{rel}","templated":true}]}}