{"id":718714,"date":"2025-08-27T18:12:48","date_gmt":"2025-08-27T15:12:48","guid":{"rendered":"https:\/\/roveyayinevi.com.tr\/index.php\/urun\/adam-smith-2\/"},"modified":"2026-04-16T02:26:48","modified_gmt":"2026-04-15T23:26:48","slug":"adam-smith-2","status":"publish","type":"product","link":"https:\/\/roveyayinevi.com.tr\/index.php\/urun\/adam-smith-2\/","title":{"rendered":"Adam Smith"},"content":{"rendered":"<p>Bat\u0131l\u0131 varolu\u015fun do\u011fas\u0131n\u0131 kavramak amac\u0131yla ortaya konan telif eser say\u0131s\u0131 T\u00fcrkiye&#8217;de s\u0131n\u0131rl\u0131 bir d\u00fczeydedir. Prof. Dr. A. Mesud K\u00fc\u00e7\u00fckkalay&#8217;\u0131n modern d\u00fcnyan\u0131n ve kapitalizmin kav\u015fa\u011f\u0131ndaki belirleyici d\u00fc\u015f\u00fcnce adamlar\u0131ndan birisi olan Adam Smith hakk\u0131ndaki bu kitab\u0131, Adam Smith\u2019i felsefi ve politik ekonomi ba\u011flam\u0131n\u0131 ku\u015fatacak \u015fekilde ele alarak, d\u00fc\u015f\u00fcnce d\u00fcnyam\u0131za m\u00fchim bir katk\u0131 yapmaktad\u0131r. Prof. Dr. Ferudun Y\u0131lmaz Adam Smith, m\u00fcktesebat\u0131 ve fikirlerinin geni\u015f tesiri bak\u0131m\u0131ndan Bat\u0131 medeniyeti i\u00e7in \u00f6nemli \u015fahsiyetlerden biridir. Onu bu denli \u00f6nemli k\u0131lan husus, uluslararas\u0131 ticaret ve merkantilist zenginle\u015fme sisteminden imalat yoluyla sanayile\u015fme esasl\u0131 bir kapitalist zenginle\u015fme sistemine d\u00f6n\u00fc\u015f\u00fcm\u00fcn teorik \u00e7er\u00e7evesini analitik bir bi\u00e7imde ortaya koyabilmesidir. Prof. Dr. A. Mesud K\u00fc\u00e7\u00fckkalay&#8217;\u0131n bu eseri, Smith&#8217;in biyografisi ve fikirleri \u00fczerinden tarihsel olarak bu teorik ve pratik d\u00f6\u015f\u00fcm\u00fcn sonucunda ortaya \u00e7\u0131kan rekabet ve zenginle\u015fme anlay\u0131\u015f\u0131n\u0131 ana hatlar\u0131yla ak\u0131c\u0131 bir \u00fcslupla anlatmaktad\u0131r. Prof. Dr. Ekrem Erdem<\/p>\n","protected":false},"excerpt":{"rendered":"<p>Bat\u0131l\u0131 varolu\u015fun do\u011fas\u0131n\u0131 kavramak amac\u0131yla ortaya konan telif eser say\u0131s\u0131 T\u00fcrkiye&#8217;de s\u0131n\u0131rl\u0131 bir d\u00fczeydedir. Prof. Dr. A. Mesud K\u00fc\u00e7\u00fckkalay&#8217;\u0131n modern d\u00fcnyan\u0131n ve kapitalizmin kav\u015fa\u011f\u0131ndaki belirleyici d\u00fc\u015f\u00fcnce<span class=\"excerpt-hellip\"> [\u2026]<\/span><\/p>\n","protected":false},"featured_media":0,"template":"","meta":{"_monsterinsights_skip_tracking":false,"_monsterinsights_sitenote_active":false,"_monsterinsights_sitenote_note":"","_monsterinsights_sitenote_category":0},"product_brand":[],"product_cat":[20351,12388],"product_tag":[],"class_list":{"0":"post-718714","1":"product","2":"type-product","3":"status-publish","5":"product_cat-dusunce","6":"product_cat-felsefe","7":"pa_cilt-ciltsiz","8":"pa_tur-kitap","9":"pa_yayinevi-ketebe-yayinlari","10":"pa_yazar-abdullah-mesud-kucukkalay","12":"first","13":"instock","14":"sale","15":"shipping-taxable","16":"purchasable","17":"product-type-simple"},"_links":{"self":[{"href":"https:\/\/roveyayinevi.com.tr\/index.php\/wp-json\/wp\/v2\/product\/718714","targetHints":{"allow":["GET"]}}],"collection":[{"href":"https:\/\/roveyayinevi.com.tr\/index.php\/wp-json\/wp\/v2\/product"}],"about":[{"href":"https:\/\/roveyayinevi.com.tr\/index.php\/wp-json\/wp\/v2\/types\/product"}],"wp:attachment":[{"href":"https:\/\/roveyayinevi.com.tr\/index.php\/wp-json\/wp\/v2\/media?parent=718714"}],"wp:term":[{"taxonomy":"product_brand","embeddable":true,"href":"https:\/\/roveyayinevi.com.tr\/index.php\/wp-json\/wp\/v2\/product_brand?post=718714"},{"taxonomy":"product_cat","embeddable":true,"href":"https:\/\/roveyayinevi.com.tr\/index.php\/wp-json\/wp\/v2\/product_cat?post=718714"},{"taxonomy":"product_tag","embeddable":true,"href":"https:\/\/roveyayinevi.com.tr\/index.php\/wp-json\/wp\/v2\/product_tag?post=718714"}],"curies":[{"name":"wp","href":"https:\/\/api.w.org\/{rel}","templated":true}]}}