{"id":718712,"date":"2025-08-27T18:12:47","date_gmt":"2025-08-27T15:12:47","guid":{"rendered":"https:\/\/roveyayinevi.com.tr\/index.php\/urun\/asla-vazgecmedim\/"},"modified":"2026-04-16T02:26:48","modified_gmt":"2026-04-15T23:26:48","slug":"asla-vazgecmedim","status":"publish","type":"product","link":"https:\/\/roveyayinevi.com.tr\/index.php\/urun\/asla-vazgecmedim\/","title":{"rendered":"Asla Vazge\u00e7medim"},"content":{"rendered":"<p>K\u00fc\u00e7\u00fcc\u00fck akl\u0131m\u0131 kurcalayan bir\u00e7ok soru vard\u0131.Babama \u201cAllah bize oturmaya gelir mi?\u201d diye sordu\u011fumda bana k\u0131zd\u0131.\u00d6\u011fretmenime \u201cYa\u011fmur yerden havaya do\u011fru ya\u011fsa g\u00f6ky\u00fcz\u00fcnde \u00e7i\u00e7ek a\u00e7ar m\u0131?\u201d dedim, \u201cGeri zek\u00e2l\u0131! Otur yerine!\u201d diye ba\u011f\u0131rd\u0131.\u0130mama \u201cSen peygamber olsayd\u0131n bize yine k\u0131zar m\u0131yd\u0131n?\u201d diye sordum, \u201cEsta\u011ffurullah.\u201d deyip kula\u011f\u0131m\u0131 \u00e7ekti.Amcam\u0131n k\u0131z\u0131na \u201cBen okuyup b\u00fcy\u00fck adam olaca\u011f\u0131m.\u201d dedi\u011fimde \u201cS*lak, sen \u00f6nce alt\u0131n\u0131 \u0131slatmay\u0131 b\u0131rak.\u201d diyerek benimle dalga ge\u00e7ti.Okuyup bunlardan kurtulmak i\u00e7in ortaokula geldi\u011fimde \u00f6\u011fretmenim, bir sava\u015f\u0131n tarihini ezberleyemedi\u011fim i\u00e7in \u201cSaman kafal\u0131, apt*l, ku\u015f beyinli!\u201d diye hakaret etti.Hayaller kurdum:\u00c7ocuklar\u0131n g\u00fcl\u00fc\u015f\u00fcp oyna\u015ft\u0131\u011f\u0131, kimsenin kimseye hakaret etmedi\u011fi, b\u00fcy\u00fcklerin k\u00fc\u00e7\u00fckleri ezmedi\u011fi, herkesin birbirine sevgiyle bakt\u0131\u011f\u0131, \u00f6\u011frencilerin okula gitmek i\u00e7in tatilin bitmesini bekledi\u011fi\u2026Ben kendimi i\u015fe yaramaz, kafas\u0131 \u00e7al\u0131\u015fmayan, p\u0131s\u0131r\u0131k, g\u00fcvensiz, su\u00e7lu, korkak san\u0131yordum.Ta ki donarak \u00f6lmek \u00fczere oldu\u011fum ak\u015fama kadar. Yeniden aya\u011fa kalkt\u0131m ve hayallerimden ASLA VAZGE\u00c7MED\u0130M. Sonra ne mi oldu? Haydi gel, bu yolculu\u011fa beraber devam edelim.<\/p>\n","protected":false},"excerpt":{"rendered":"<p>K\u00fc\u00e7\u00fcc\u00fck akl\u0131m\u0131 kurcalayan bir\u00e7ok soru vard\u0131.Babama \u201cAllah bize oturmaya gelir mi?\u201d diye sordu\u011fumda bana k\u0131zd\u0131.\u00d6\u011fretmenime \u201cYa\u011fmur yerden havaya do\u011fru ya\u011fsa g\u00f6ky\u00fcz\u00fcnde \u00e7i\u00e7ek a\u00e7ar m\u0131?\u201d dedim, \u201cGeri<span class=\"excerpt-hellip\"> [\u2026]<\/span><\/p>\n","protected":false},"featured_media":0,"template":"","meta":{"_monsterinsights_skip_tracking":false,"_monsterinsights_sitenote_active":false,"_monsterinsights_sitenote_note":"","_monsterinsights_sitenote_category":0},"product_brand":[],"product_cat":[12364,12376],"product_tag":[],"class_list":{"0":"post-718712","1":"product","2":"type-product","3":"status-publish","5":"product_cat-genel-konular","6":"product_cat-kisisel-gelisim","7":"pa_cilt-ciltsiz","8":"pa_tur-kitap","9":"pa_yayinevi-yediveren-yayinlari","10":"pa_yazar-alisan-kapaklikaya","12":"first","13":"instock","14":"sale","15":"shipping-taxable","16":"purchasable","17":"product-type-simple"},"_links":{"self":[{"href":"https:\/\/roveyayinevi.com.tr\/index.php\/wp-json\/wp\/v2\/product\/718712","targetHints":{"allow":["GET"]}}],"collection":[{"href":"https:\/\/roveyayinevi.com.tr\/index.php\/wp-json\/wp\/v2\/product"}],"about":[{"href":"https:\/\/roveyayinevi.com.tr\/index.php\/wp-json\/wp\/v2\/types\/product"}],"wp:attachment":[{"href":"https:\/\/roveyayinevi.com.tr\/index.php\/wp-json\/wp\/v2\/media?parent=718712"}],"wp:term":[{"taxonomy":"product_brand","embeddable":true,"href":"https:\/\/roveyayinevi.com.tr\/index.php\/wp-json\/wp\/v2\/product_brand?post=718712"},{"taxonomy":"product_cat","embeddable":true,"href":"https:\/\/roveyayinevi.com.tr\/index.php\/wp-json\/wp\/v2\/product_cat?post=718712"},{"taxonomy":"product_tag","embeddable":true,"href":"https:\/\/roveyayinevi.com.tr\/index.php\/wp-json\/wp\/v2\/product_tag?post=718712"}],"curies":[{"name":"wp","href":"https:\/\/api.w.org\/{rel}","templated":true}]}}