{"id":718707,"date":"2025-08-27T18:12:44","date_gmt":"2025-08-27T15:12:44","guid":{"rendered":"https:\/\/roveyayinevi.com.tr\/index.php\/urun\/21-yuzyilda-yonetim-ve-yoneticiler\/"},"modified":"2026-04-16T02:26:48","modified_gmt":"2026-04-15T23:26:48","slug":"21-yuzyilda-yonetim-ve-yoneticiler","status":"publish","type":"product","link":"https:\/\/roveyayinevi.com.tr\/index.php\/urun\/21-yuzyilda-yonetim-ve-yoneticiler\/","title":{"rendered":"21.Y\u00fczy\u0131lda Y\u00f6netim ve  Y\u00f6neticiler"},"content":{"rendered":"<p>1-Alg\u0131lama Y\u00f6netimi 2-Bilgi Y\u00f6netimi 3-\u00c7at\u0131\u015fma Y\u00f6netimi 4-De\u011fi\u015fim Y\u00f6netimi 5-\u0130maj Y\u00f6netimi 6-Kalite Y\u00f6netimi 7-Kariyer Y\u00f6netimi 8-Kriz Y\u00f6netimi 9-Performans Y\u00f6netimi 10-Risk Y\u00f6netimi 11-Stratejik Y\u00f6netim 12-Stres Y\u00f6netimi 13-S\u00fcre\u00e7 Y\u00f6netimi 14-Vizyon Y\u00f6netimi 15-Zaman Y\u00f6netimi <\/p>\n","protected":false},"excerpt":{"rendered":"<p>1-Alg\u0131lama Y\u00f6netimi 2-Bilgi Y\u00f6netimi 3-\u00c7at\u0131\u015fma Y\u00f6netimi 4-De\u011fi\u015fim Y\u00f6netimi 5-\u0130maj Y\u00f6netimi 6-Kalite Y\u00f6netimi 7-Kariyer Y\u00f6netimi 8-Kriz Y\u00f6netimi 9-Performans Y\u00f6netimi 10-Risk Y\u00f6netimi 11-Stratejik Y\u00f6netim 12-Stres Y\u00f6netimi 13-S\u00fcre\u00e7 Y\u00f6netimi<span class=\"excerpt-hellip\"> [\u2026]<\/span><\/p>\n","protected":false},"featured_media":0,"template":"","meta":{"_monsterinsights_skip_tracking":false,"_monsterinsights_sitenote_active":false,"_monsterinsights_sitenote_note":"","_monsterinsights_sitenote_category":0},"product_brand":[],"product_cat":[13043,19008],"product_tag":[],"class_list":{"0":"post-718707","1":"product","2":"type-product","3":"status-publish","5":"product_cat-ekonomi","6":"product_cat-yonetim","7":"pa_cilt-ciltsiz","8":"pa_tur-kitap","9":"pa_yayinevi-gazi-kitabevi","10":"pa_yazar-mehmet-akif-ozer","12":"first","13":"instock","14":"sale","15":"shipping-taxable","16":"purchasable","17":"product-type-simple"},"_links":{"self":[{"href":"https:\/\/roveyayinevi.com.tr\/index.php\/wp-json\/wp\/v2\/product\/718707","targetHints":{"allow":["GET"]}}],"collection":[{"href":"https:\/\/roveyayinevi.com.tr\/index.php\/wp-json\/wp\/v2\/product"}],"about":[{"href":"https:\/\/roveyayinevi.com.tr\/index.php\/wp-json\/wp\/v2\/types\/product"}],"wp:attachment":[{"href":"https:\/\/roveyayinevi.com.tr\/index.php\/wp-json\/wp\/v2\/media?parent=718707"}],"wp:term":[{"taxonomy":"product_brand","embeddable":true,"href":"https:\/\/roveyayinevi.com.tr\/index.php\/wp-json\/wp\/v2\/product_brand?post=718707"},{"taxonomy":"product_cat","embeddable":true,"href":"https:\/\/roveyayinevi.com.tr\/index.php\/wp-json\/wp\/v2\/product_cat?post=718707"},{"taxonomy":"product_tag","embeddable":true,"href":"https:\/\/roveyayinevi.com.tr\/index.php\/wp-json\/wp\/v2\/product_tag?post=718707"}],"curies":[{"name":"wp","href":"https:\/\/api.w.org\/{rel}","templated":true}]}}