{"id":718706,"date":"2025-08-27T18:12:44","date_gmt":"2025-08-27T15:12:44","guid":{"rendered":"https:\/\/roveyayinevi.com.tr\/index.php\/urun\/uc-devirde-bir-muhalif-fuat-arna\/"},"modified":"2026-04-16T02:26:48","modified_gmt":"2026-04-15T23:26:48","slug":"uc-devirde-bir-muhalif-fuat-arna","status":"publish","type":"product","link":"https:\/\/roveyayinevi.com.tr\/index.php\/urun\/uc-devirde-bir-muhalif-fuat-arna\/","title":{"rendered":"\u00dc\u00e7 Devirde Bir Muhalif Fuat Arna"},"content":{"rendered":"<p>Tek parti idaresine ba\u015fkald\u0131ran bir kaymakam olarak ad\u0131n\u0131 duyuran Fuat Arna, k\u0131sa bir s\u00fcre sonra T\u00fcrk siyasi hayat\u0131 i\u00e7inde yerini ald\u0131. D\u00f6nemin en \u00f6nemli muhalif partisi olarak kurulan Demokrat Parti\u2019nin Birinci B\u00fcy\u00fck Kongresi\u2019ne Bursa delegesi olarak kat\u0131ld\u0131. Kongrede yapt\u0131\u011f\u0131 sert konu\u015fmas\u0131yla dikkatleri \u00fczerine \u00e7ekti; T\u00fcrk milleti zaman zaman \u201cMa\u011frurlanma padi\u015fah\u0131m senden b\u00fcy\u00fck Allah var\u201d s\u00f6zlerini hat\u0131rlatarak, \u201cma\u011frurlanma ey reis senden b\u00fcy\u00fck millet var\u201d diyen Arna, CHP y\u00f6netimini ve \u0130n\u00f6n\u00fc\u2019y\u00fc a\u011f\u0131r bir dille ele\u015ftirdi. Onun bu \u00e7\u0131k\u0131\u015f\u0131 DP ileri gelenlerince g\u00f6zden ka\u00e7mad\u0131; partinin te\u015fkilatlanmas\u0131 i\u00e7in m\u00fcfetti\u015f olarak g\u00f6revlendirildi. Ancak k\u0131sa bir s\u00fcre sonra 1946 ruhunu kaybetti\u011fini d\u00fc\u015f\u00fcnd\u00fc\u011f\u00fc partiden ayr\u0131ld\u0131. Bu ayr\u0131l\u0131k Arna\u2019y\u0131 siyasetten ay\u0131rmad\u0131\u011f\u0131 gibi T\u00fcrkiye\u2019de \u00e7ok partili hayata ge\u00e7i\u015f s\u00fcresince muhalefet olgusunun geli\u015fmesinde bir ad\u0131m daha \u00f6ne \u00e7\u0131kard\u0131. D\u00f6nemin \u00f6nemli muhalif partilerinden MP, CMP ve CKMP\u2019de g\u00f6rev alan Arna, muhalefetini sadece siyaseten de\u011fil, gazeteci olarak da ortaya koydu. Millet gazetesindeki \u201cMenderes \u0130ktidar\u0131 Ate\u015fle Oynuyor\u201d adl\u0131 makalesinde, hem Meclise hem de Adnan Menderes\u2019e hakaret ve h\u00fck\u00fcmetin manevi \u015fahsiyetini tahkir etti\u011fi gerek\u00e7esiyle sekiz ay hapse mahk\u00fbm edildi.Bask\u0131lar ve m\u00fcdahalelere ra\u011fmen muhalefet saf\u0131ndaki \u00e7al\u0131\u015fmalar\u0131na devam eden Arna, 1960 darbesine kadar Meclis i\u00e7inde yer almad\u0131. DP iktidar\u0131n\u0131 deviren 27 May\u0131s 1960 darbesinden sonra olu\u015fturulan Kurucu Meclis\u2019e \u00fcye olarak kat\u0131lan Arna, 1961 se\u00e7imlerinde CKMP\u2019den \u0130stanbul Milletvekili se\u00e7ildi. 1960 darbesinden sonra olu\u015fan yeni siyasi konjonkt\u00fcr ordu taraf\u0131ndan \u015fekillenirken, Arna\u2019n\u0131n CHP ve DP d\u00f6nemindeki muhalif duru\u015fu de\u011fi\u015fmedi.<\/p>\n","protected":false},"excerpt":{"rendered":"<p>Tek parti idaresine ba\u015fkald\u0131ran bir kaymakam olarak ad\u0131n\u0131 duyuran Fuat Arna, k\u0131sa bir s\u00fcre sonra T\u00fcrk siyasi hayat\u0131 i\u00e7inde yerini ald\u0131. D\u00f6nemin en \u00f6nemli muhalif partisi<span class=\"excerpt-hellip\"> [\u2026]<\/span><\/p>\n","protected":false},"featured_media":0,"template":"","meta":{"_monsterinsights_skip_tracking":false,"_monsterinsights_sitenote_active":false,"_monsterinsights_sitenote_note":"","_monsterinsights_sitenote_category":0},"product_brand":[],"product_cat":[12337,14543],"product_tag":[],"class_list":{"0":"post-718706","1":"product","2":"type-product","3":"status-publish","5":"product_cat-politika-siyaset","6":"product_cat-turkiye-siyaseti-ve-politikasi","7":"pa_cilt-ciltsiz","8":"pa_tur-kitap","9":"pa_yayinevi-hitabevi-yayinlari","10":"pa_yazar-firdes-temizguney","12":"first","13":"instock","14":"sale","15":"shipping-taxable","16":"purchasable","17":"product-type-simple"},"_links":{"self":[{"href":"https:\/\/roveyayinevi.com.tr\/index.php\/wp-json\/wp\/v2\/product\/718706","targetHints":{"allow":["GET"]}}],"collection":[{"href":"https:\/\/roveyayinevi.com.tr\/index.php\/wp-json\/wp\/v2\/product"}],"about":[{"href":"https:\/\/roveyayinevi.com.tr\/index.php\/wp-json\/wp\/v2\/types\/product"}],"wp:attachment":[{"href":"https:\/\/roveyayinevi.com.tr\/index.php\/wp-json\/wp\/v2\/media?parent=718706"}],"wp:term":[{"taxonomy":"product_brand","embeddable":true,"href":"https:\/\/roveyayinevi.com.tr\/index.php\/wp-json\/wp\/v2\/product_brand?post=718706"},{"taxonomy":"product_cat","embeddable":true,"href":"https:\/\/roveyayinevi.com.tr\/index.php\/wp-json\/wp\/v2\/product_cat?post=718706"},{"taxonomy":"product_tag","embeddable":true,"href":"https:\/\/roveyayinevi.com.tr\/index.php\/wp-json\/wp\/v2\/product_tag?post=718706"}],"curies":[{"name":"wp","href":"https:\/\/api.w.org\/{rel}","templated":true}]}}