{"id":718705,"date":"2025-08-27T18:12:43","date_gmt":"2025-08-27T15:12:43","guid":{"rendered":"https:\/\/roveyayinevi.com.tr\/index.php\/urun\/felatun-bey-ve-rakim-efendi\/"},"modified":"2026-04-16T02:26:48","modified_gmt":"2026-04-15T23:26:48","slug":"felatun-bey-ve-rakim-efendi","status":"publish","type":"product","link":"https:\/\/roveyayinevi.com.tr\/index.php\/urun\/felatun-bey-ve-rakim-efendi\/","title":{"rendered":"Felatun Bey ve Rak\u0131m Efendi"},"content":{"rendered":"<p>T\u00fcrk edebiyat\u0131n\u0131n ilk alafranga, z\u00fcppe tipi Fel\u00e2tun Bey; tam kar\u015f\u0131s\u0131nda \u00f6l\u00e7\u00fcl\u00fc ve \u00e7al\u0131\u015fkan R\u00e2k\u0131m Efendi\u2026 Ahmet Mithat Efendi, pop\u00fcler T\u00fcrk roman\u0131n\u0131n \u00f6nc\u00fclerinden say\u0131lan Fel\u00e2tun Bey ve R\u00e2k\u0131m Efendi\u2019de, Bat\u0131\u2019yla kar\u015f\u0131la\u015fma ve modernle\u015fme deneyimini ele almakla kalm\u0131yor, do\u011fru modernle\u015fmeye dair form\u00fcller sunarak okurlar\u0131na rehberlik etmeyi de ama\u00e7l\u0131yor.<\/p>\n","protected":false},"excerpt":{"rendered":"<p>T\u00fcrk edebiyat\u0131n\u0131n ilk alafranga, z\u00fcppe tipi Fel\u00e2tun Bey; tam kar\u015f\u0131s\u0131nda \u00f6l\u00e7\u00fcl\u00fc ve \u00e7al\u0131\u015fkan R\u00e2k\u0131m Efendi\u2026 Ahmet Mithat Efendi, pop\u00fcler T\u00fcrk roman\u0131n\u0131n \u00f6nc\u00fclerinden say\u0131lan Fel\u00e2tun Bey ve<span class=\"excerpt-hellip\"> [\u2026]<\/span><\/p>\n","protected":false},"featured_media":0,"template":"","meta":{"_monsterinsights_skip_tracking":false,"_monsterinsights_sitenote_active":false,"_monsterinsights_sitenote_note":"","_monsterinsights_sitenote_category":0},"product_brand":[],"product_cat":[12291,12711],"product_tag":[],"class_list":{"0":"post-718705","1":"product","2":"type-product","3":"status-publish","5":"product_cat-edebiyat","6":"product_cat-roman-oyku","7":"pa_cilt-ciltsiz","8":"pa_tur-kitap","9":"pa_yayinevi-turkuvaz-kitap","10":"pa_yazar-ahmet-mithat-efendi","12":"first","13":"instock","14":"sale","15":"shipping-taxable","16":"purchasable","17":"product-type-simple"},"_links":{"self":[{"href":"https:\/\/roveyayinevi.com.tr\/index.php\/wp-json\/wp\/v2\/product\/718705","targetHints":{"allow":["GET"]}}],"collection":[{"href":"https:\/\/roveyayinevi.com.tr\/index.php\/wp-json\/wp\/v2\/product"}],"about":[{"href":"https:\/\/roveyayinevi.com.tr\/index.php\/wp-json\/wp\/v2\/types\/product"}],"wp:attachment":[{"href":"https:\/\/roveyayinevi.com.tr\/index.php\/wp-json\/wp\/v2\/media?parent=718705"}],"wp:term":[{"taxonomy":"product_brand","embeddable":true,"href":"https:\/\/roveyayinevi.com.tr\/index.php\/wp-json\/wp\/v2\/product_brand?post=718705"},{"taxonomy":"product_cat","embeddable":true,"href":"https:\/\/roveyayinevi.com.tr\/index.php\/wp-json\/wp\/v2\/product_cat?post=718705"},{"taxonomy":"product_tag","embeddable":true,"href":"https:\/\/roveyayinevi.com.tr\/index.php\/wp-json\/wp\/v2\/product_tag?post=718705"}],"curies":[{"name":"wp","href":"https:\/\/api.w.org\/{rel}","templated":true}]}}