{"id":718704,"date":"2025-08-27T18:12:42","date_gmt":"2025-08-27T15:12:42","guid":{"rendered":"https:\/\/roveyayinevi.com.tr\/index.php\/urun\/eylul-14\/"},"modified":"2026-04-16T02:26:48","modified_gmt":"2026-04-15T23:26:48","slug":"eylul-14","status":"publish","type":"product","link":"https:\/\/roveyayinevi.com.tr\/index.php\/urun\/eylul-14\/","title":{"rendered":"Eyl\u00fcl"},"content":{"rendered":"<p>T\u00fcrk edebiyat\u0131n\u0131n ilk psikolojik roman\u0131 Eyl\u00fcl, evli bir kad\u0131n olan Suat\u2019la Necip\u2019in imk\u00e2ns\u0131z a\u015fk\u0131n\u0131 konu edinir. Servet-i F\u00fcnun\u2019un \u00f6nde gelen yazarlar\u0131ndan Mehmet Rauf, mek\u00e2nlar\u0131 ve mevsimleri de birer karaktere d\u00f6n\u00fc\u015ft\u00fcr\u00fcyor ve okuru sevgi sadakat, insan do\u011fa, kad\u0131n erkek ili\u015fkilerine dair sorular sormaya davet ediyor.<\/p>\n","protected":false},"excerpt":{"rendered":"<p>T\u00fcrk edebiyat\u0131n\u0131n ilk psikolojik roman\u0131 Eyl\u00fcl, evli bir kad\u0131n olan Suat\u2019la Necip\u2019in imk\u00e2ns\u0131z a\u015fk\u0131n\u0131 konu edinir. Servet-i F\u00fcnun\u2019un \u00f6nde gelen yazarlar\u0131ndan Mehmet Rauf, mek\u00e2nlar\u0131 ve mevsimleri<span class=\"excerpt-hellip\"> [\u2026]<\/span><\/p>\n","protected":false},"featured_media":0,"template":"","meta":{"_monsterinsights_skip_tracking":false,"_monsterinsights_sitenote_active":false,"_monsterinsights_sitenote_note":"","_monsterinsights_sitenote_category":0},"product_brand":[],"product_cat":[12291,12711],"product_tag":[],"class_list":{"0":"post-718704","1":"product","2":"type-product","3":"status-publish","5":"product_cat-edebiyat","6":"product_cat-roman-oyku","7":"pa_cilt-ciltsiz","8":"pa_tur-kitap","9":"pa_yayinevi-turkuvaz-kitap","10":"pa_yazar-mehmet-rauf","12":"first","13":"instock","14":"sale","15":"shipping-taxable","16":"purchasable","17":"product-type-simple"},"_links":{"self":[{"href":"https:\/\/roveyayinevi.com.tr\/index.php\/wp-json\/wp\/v2\/product\/718704","targetHints":{"allow":["GET"]}}],"collection":[{"href":"https:\/\/roveyayinevi.com.tr\/index.php\/wp-json\/wp\/v2\/product"}],"about":[{"href":"https:\/\/roveyayinevi.com.tr\/index.php\/wp-json\/wp\/v2\/types\/product"}],"wp:attachment":[{"href":"https:\/\/roveyayinevi.com.tr\/index.php\/wp-json\/wp\/v2\/media?parent=718704"}],"wp:term":[{"taxonomy":"product_brand","embeddable":true,"href":"https:\/\/roveyayinevi.com.tr\/index.php\/wp-json\/wp\/v2\/product_brand?post=718704"},{"taxonomy":"product_cat","embeddable":true,"href":"https:\/\/roveyayinevi.com.tr\/index.php\/wp-json\/wp\/v2\/product_cat?post=718704"},{"taxonomy":"product_tag","embeddable":true,"href":"https:\/\/roveyayinevi.com.tr\/index.php\/wp-json\/wp\/v2\/product_tag?post=718704"}],"curies":[{"name":"wp","href":"https:\/\/api.w.org\/{rel}","templated":true}]}}