{"id":718703,"date":"2025-08-27T18:12:41","date_gmt":"2025-08-27T15:12:41","guid":{"rendered":"https:\/\/roveyayinevi.com.tr\/index.php\/urun\/gulliverin-gezileri-4\/"},"modified":"2026-04-16T02:26:48","modified_gmt":"2026-04-15T23:26:48","slug":"gulliverin-gezileri-4","status":"publish","type":"product","link":"https:\/\/roveyayinevi.com.tr\/index.php\/urun\/gulliverin-gezileri-4\/","title":{"rendered":"Gulliver&#8217;in Gezileri"},"content":{"rendered":"<p>Uzak diyarlarda bizim buradakilere benzemeyen neler var acaba?Oralarda insanlar ne yer, ne i\u00e7er, nas\u0131l ya\u015farlar, hi\u00e7 merak ettiniz mi?Roman\u0131m\u0131z\u0131n kahraman\u0131 Lemuel Gulliver ba\u015fka \u00fclkeleri ve ba\u015fka hayatlar\u0131 \u00f6yle \u00e7ok merak ediyor ki, sonunda gemiyle uzun bir yolculu\u011fa \u00e7\u0131karak akla hayale gelmeyecek kadar tuhaf maceralar ya\u015f\u0131yor. \u00d6nce minicik insanlar\u0131n ya\u015fad\u0131\u011f\u0131 Lilliput \u00fclkesinde bir dev oluyor, ard\u0131ndan g\u00f6kdelen misali upuzun devlerin h\u00fck\u00fcm s\u00fcrd\u00fc\u011f\u00fc Brobdingnag\u2019da c\u00fcce olman\u0131n neye benzedi\u011fini deneyimliyor.\u00dcnl\u00fc \u0130ngiliz yazar Jonathan Swift, bu roman\u0131nda hem insanl\u0131\u011f\u0131n t\u00fcrl\u00fc \u00e7e\u015fit hallerinden bir se\u00e7ki sunuyor hem de okurlar\u0131 bir masal atmosferinin i\u00e7ine g\u00f6t\u00fcr\u00fcyor. Gulliver\u2019in Gezileri\u2019ni okurken \u00e7ok e\u011flenecek, \u00e7ok d\u00fc\u015f\u00fcneceksiniz.<\/p>\n","protected":false},"excerpt":{"rendered":"<p>Uzak diyarlarda bizim buradakilere benzemeyen neler var acaba?Oralarda insanlar ne yer, ne i\u00e7er, nas\u0131l ya\u015farlar, hi\u00e7 merak ettiniz mi?Roman\u0131m\u0131z\u0131n kahraman\u0131 Lemuel Gulliver ba\u015fka \u00fclkeleri ve ba\u015fka<span class=\"excerpt-hellip\"> [\u2026]<\/span><\/p>\n","protected":false},"featured_media":0,"template":"","meta":{"_monsterinsights_skip_tracking":false,"_monsterinsights_sitenote_active":false,"_monsterinsights_sitenote_note":"","_monsterinsights_sitenote_category":0},"product_brand":[],"product_cat":[12274,12284],"product_tag":[],"class_list":{"0":"post-718703","1":"product","2":"type-product","3":"status-publish","5":"product_cat-cocuk-ve-genclik-kitaplari","6":"product_cat-hikayeler","7":"pa_cilt-ciltsiz","8":"pa_tur-kitap","9":"pa_yayinevi-turkuvaz-kitap","10":"pa_yazar-jonathan-swift","12":"first","13":"instock","14":"sale","15":"shipping-taxable","16":"purchasable","17":"product-type-simple"},"_links":{"self":[{"href":"https:\/\/roveyayinevi.com.tr\/index.php\/wp-json\/wp\/v2\/product\/718703","targetHints":{"allow":["GET"]}}],"collection":[{"href":"https:\/\/roveyayinevi.com.tr\/index.php\/wp-json\/wp\/v2\/product"}],"about":[{"href":"https:\/\/roveyayinevi.com.tr\/index.php\/wp-json\/wp\/v2\/types\/product"}],"wp:attachment":[{"href":"https:\/\/roveyayinevi.com.tr\/index.php\/wp-json\/wp\/v2\/media?parent=718703"}],"wp:term":[{"taxonomy":"product_brand","embeddable":true,"href":"https:\/\/roveyayinevi.com.tr\/index.php\/wp-json\/wp\/v2\/product_brand?post=718703"},{"taxonomy":"product_cat","embeddable":true,"href":"https:\/\/roveyayinevi.com.tr\/index.php\/wp-json\/wp\/v2\/product_cat?post=718703"},{"taxonomy":"product_tag","embeddable":true,"href":"https:\/\/roveyayinevi.com.tr\/index.php\/wp-json\/wp\/v2\/product_tag?post=718703"}],"curies":[{"name":"wp","href":"https:\/\/api.w.org\/{rel}","templated":true}]}}