{"id":718702,"date":"2025-08-27T18:12:40","date_gmt":"2025-08-27T15:12:40","guid":{"rendered":"https:\/\/roveyayinevi.com.tr\/index.php\/urun\/define-adasi-11\/"},"modified":"2026-04-16T02:26:48","modified_gmt":"2026-04-15T23:26:48","slug":"define-adasi-11","status":"publish","type":"product","link":"https:\/\/roveyayinevi.com.tr\/index.php\/urun\/define-adasi-11\/","title":{"rendered":"Define Adas\u0131"},"content":{"rendered":"<p>Annesinden ba\u015fka kimsesi kalmayan k\u00fc\u00e7\u00fck Jim, esrarengiz bir harita bulur. Bu harita, onu korsanlar\u0131n cirit att\u0131\u011f\u0131 tropik denizlerde tehlikeli bir gemi yolculu\u011funa, oradan da iyilerle k\u00f6t\u00fclerin amans\u0131z m\u00fccadelesine sahne olan \u0131ss\u0131z bir adaya s\u00fcr\u00fckleyecektir.Robert Louis Stevenson\u2019\u0131n yazd\u0131\u011f\u0131 Define Adas\u0131\u2019n\u0131 hem e\u011flenerek hem de y\u00fcre\u011finiz a\u011fz\u0131n\u0131za gelerek okuyacaks\u0131n\u0131z.<\/p>\n","protected":false},"excerpt":{"rendered":"<p>Annesinden ba\u015fka kimsesi kalmayan k\u00fc\u00e7\u00fck Jim, esrarengiz bir harita bulur. Bu harita, onu korsanlar\u0131n cirit att\u0131\u011f\u0131 tropik denizlerde tehlikeli bir gemi yolculu\u011funa, oradan da iyilerle k\u00f6t\u00fclerin<span class=\"excerpt-hellip\"> [\u2026]<\/span><\/p>\n","protected":false},"featured_media":0,"template":"","meta":{"_monsterinsights_skip_tracking":false,"_monsterinsights_sitenote_active":false,"_monsterinsights_sitenote_note":"","_monsterinsights_sitenote_category":0},"product_brand":[],"product_cat":[12274,12284],"product_tag":[],"class_list":{"0":"post-718702","1":"product","2":"type-product","3":"status-publish","5":"product_cat-cocuk-ve-genclik-kitaplari","6":"product_cat-hikayeler","7":"pa_cilt-ciltsiz","8":"pa_tur-kitap","9":"pa_yayinevi-turkuvaz-kitap","10":"pa_yazar-robert-louis-stevenson","12":"first","13":"instock","14":"sale","15":"shipping-taxable","16":"purchasable","17":"product-type-simple"},"_links":{"self":[{"href":"https:\/\/roveyayinevi.com.tr\/index.php\/wp-json\/wp\/v2\/product\/718702","targetHints":{"allow":["GET"]}}],"collection":[{"href":"https:\/\/roveyayinevi.com.tr\/index.php\/wp-json\/wp\/v2\/product"}],"about":[{"href":"https:\/\/roveyayinevi.com.tr\/index.php\/wp-json\/wp\/v2\/types\/product"}],"wp:attachment":[{"href":"https:\/\/roveyayinevi.com.tr\/index.php\/wp-json\/wp\/v2\/media?parent=718702"}],"wp:term":[{"taxonomy":"product_brand","embeddable":true,"href":"https:\/\/roveyayinevi.com.tr\/index.php\/wp-json\/wp\/v2\/product_brand?post=718702"},{"taxonomy":"product_cat","embeddable":true,"href":"https:\/\/roveyayinevi.com.tr\/index.php\/wp-json\/wp\/v2\/product_cat?post=718702"},{"taxonomy":"product_tag","embeddable":true,"href":"https:\/\/roveyayinevi.com.tr\/index.php\/wp-json\/wp\/v2\/product_tag?post=718702"}],"curies":[{"name":"wp","href":"https:\/\/api.w.org\/{rel}","templated":true}]}}