{"id":718696,"date":"2025-08-27T18:12:36","date_gmt":"2025-08-27T15:12:36","guid":{"rendered":"https:\/\/roveyayinevi.com.tr\/index.php\/urun\/daga-tirmanan-kedi\/"},"modified":"2026-04-16T02:26:48","modified_gmt":"2026-04-15T23:26:48","slug":"daga-tirmanan-kedi","status":"publish","type":"product","link":"https:\/\/roveyayinevi.com.tr\/index.php\/urun\/daga-tirmanan-kedi\/","title":{"rendered":"Da\u011fa T\u0131rmanan Kedi"},"content":{"rendered":"<p>Alp Da\u011flar\u0131\u2019na \u00e7\u0131kmak isteyenlerin u\u011frad\u0131\u011f\u0131, da\u011fc\u0131lar\u0131ndan ba\u015fkas\u0131n\u0131n \u00e7\u0131kmaya cesaret edemedi\u011fi \u00e7ooook y\u00fcksek bir yer\u2026Ve o yerde bekleyen bir kedi\u2026Annesini, babas\u0131n\u0131, k\u0131sacas\u0131 hi\u00e7 kimseyi hat\u0131rlamayan kedi, sorular\u0131n\u0131n cevab\u0131n\u0131 bulmak istiyordu. \u0130\u00e7inden bir his, t\u00fcm sorular\u0131n\u0131n cevab\u0131n\u0131n da\u011f\u0131n zirvesinde oldu\u011funu s\u00f6yl\u00fcyordu. Buray\u0131 terk edemezdi ya da da\u011fa tek ba\u015f\u0131na t\u0131rmanamazd\u0131. Kedi sadece bekledi\u2026 G\u00fcnler, haftalarca, aylarca bekledi. Onu da\u011fa \u00e7\u0131karak ki\u015fiyi bekledi.Bir g\u00fcn, g\u00fcnlerce, haftalarca, aylarca bekledi\u011fi ki\u015fi geldi.Da\u011fa T\u0131rmanan Kedi, amac\u0131 olan bir kedinin neler ba\u015farabilece\u011fini g\u00f6steren, ger\u00e7ek bir olaydan yola \u00e7\u0131k\u0131larak yaz\u0131lan bir m\u00fccadele hik\u00e2yesi\u2026<\/p>\n","protected":false},"excerpt":{"rendered":"<p>Alp Da\u011flar\u0131\u2019na \u00e7\u0131kmak isteyenlerin u\u011frad\u0131\u011f\u0131, da\u011fc\u0131lar\u0131ndan ba\u015fkas\u0131n\u0131n \u00e7\u0131kmaya cesaret edemedi\u011fi \u00e7ooook y\u00fcksek bir yer\u2026Ve o yerde bekleyen bir kedi\u2026Annesini, babas\u0131n\u0131, k\u0131sacas\u0131 hi\u00e7 kimseyi hat\u0131rlamayan kedi, sorular\u0131n\u0131n<span class=\"excerpt-hellip\"> [\u2026]<\/span><\/p>\n","protected":false},"featured_media":0,"template":"","meta":{"_monsterinsights_skip_tracking":false,"_monsterinsights_sitenote_active":false,"_monsterinsights_sitenote_note":"","_monsterinsights_sitenote_category":0},"product_brand":[],"product_cat":[12274,12284],"product_tag":[],"class_list":{"0":"post-718696","1":"product","2":"type-product","3":"status-publish","5":"product_cat-cocuk-ve-genclik-kitaplari","6":"product_cat-hikayeler","7":"pa_cilt-ciltsiz","8":"pa_tur-kitap","9":"pa_yayinevi-timas-cocuk","10":"pa_yazar-mustafa-orakci","12":"first","13":"instock","14":"sale","15":"shipping-taxable","16":"purchasable","17":"product-type-simple"},"_links":{"self":[{"href":"https:\/\/roveyayinevi.com.tr\/index.php\/wp-json\/wp\/v2\/product\/718696","targetHints":{"allow":["GET"]}}],"collection":[{"href":"https:\/\/roveyayinevi.com.tr\/index.php\/wp-json\/wp\/v2\/product"}],"about":[{"href":"https:\/\/roveyayinevi.com.tr\/index.php\/wp-json\/wp\/v2\/types\/product"}],"wp:attachment":[{"href":"https:\/\/roveyayinevi.com.tr\/index.php\/wp-json\/wp\/v2\/media?parent=718696"}],"wp:term":[{"taxonomy":"product_brand","embeddable":true,"href":"https:\/\/roveyayinevi.com.tr\/index.php\/wp-json\/wp\/v2\/product_brand?post=718696"},{"taxonomy":"product_cat","embeddable":true,"href":"https:\/\/roveyayinevi.com.tr\/index.php\/wp-json\/wp\/v2\/product_cat?post=718696"},{"taxonomy":"product_tag","embeddable":true,"href":"https:\/\/roveyayinevi.com.tr\/index.php\/wp-json\/wp\/v2\/product_tag?post=718696"}],"curies":[{"name":"wp","href":"https:\/\/api.w.org\/{rel}","templated":true}]}}