{"id":718695,"date":"2025-08-27T18:12:35","date_gmt":"2025-08-27T15:12:35","guid":{"rendered":"https:\/\/roveyayinevi.com.tr\/index.php\/urun\/cocuklar-icin-cumhuriyet-resimli-ozel-baski\/"},"modified":"2026-04-16T02:26:48","modified_gmt":"2026-04-15T23:26:48","slug":"cocuklar-icin-cumhuriyet-resimli-ozel-baski","status":"publish","type":"product","link":"https:\/\/roveyayinevi.com.tr\/index.php\/urun\/cocuklar-icin-cumhuriyet-resimli-ozel-baski\/","title":{"rendered":"\u00c7ocuklar \u0130\u00e7in Cumhuriyet (Resimli \u00d6zel Bask\u0131)"},"content":{"rendered":"<p>\u201cEy y\u00fckselen yeni nesil, gelecek sizindir. Cumhuriyet\u2019i biz kurduk; onu y\u00fckseltecek ve s\u00fcrd\u00fcrecek olan sizlersiniz.\u201dMustafa Kemal Atat\u00fcrkCumhuriyet \u00e7a\u011fda\u015fl\u0131k, hukuk, adalet, \u00f6zg\u00fcrl\u00fck, laiklik, bilim, ilerlemedir. Cumhuriyet gelecektir. Ve Cumhuriyet T\u00fcrkiye\u2019dir! Cumhuriyet, \u00f6z\u00fcnde adeta bir \u00e7ocuk ruhu ta\u015f\u0131r. Bu heyecanl\u0131, merakl\u0131, yarat\u0131c\u0131 \u00e7ocuk ruhu, yani Cumhuriyet hi\u00e7bir zaman \u00f6lmeyecektir.Bu sebepledir ki Cumhuriyet\u2019in emanet\u00e7isi \u00e7ocuklar\u0131m\u0131za, Cumhuriyetimizin kurucusu B\u00fcy\u00fck Atat\u00fcrk\u2019\u00fc ve Cumhuriyet\u2019i rahatl\u0131kla anlayacaklar\u0131 bir kitap haz\u0131rlad\u0131k.<\/p>\n","protected":false},"excerpt":{"rendered":"<p>\u201cEy y\u00fckselen yeni nesil, gelecek sizindir. Cumhuriyet\u2019i biz kurduk; onu y\u00fckseltecek ve s\u00fcrd\u00fcrecek olan sizlersiniz.\u201dMustafa Kemal Atat\u00fcrkCumhuriyet \u00e7a\u011fda\u015fl\u0131k, hukuk, adalet, \u00f6zg\u00fcrl\u00fck, laiklik, bilim, ilerlemedir. Cumhuriyet gelecektir.<span class=\"excerpt-hellip\"> [\u2026]<\/span><\/p>\n","protected":false},"featured_media":0,"template":"","meta":{"_monsterinsights_skip_tracking":false,"_monsterinsights_sitenote_active":false,"_monsterinsights_sitenote_note":"","_monsterinsights_sitenote_category":0},"product_brand":[],"product_cat":[12274,12631],"product_tag":[],"class_list":{"0":"post-718695","1":"product","2":"type-product","3":"status-publish","5":"product_cat-cocuk-ve-genclik-kitaplari","6":"product_cat-diger-cocuk-ve-genclik-kitaplari","7":"pa_cilt-ciltsiz","8":"pa_tur-kitap","9":"pa_yayinevi-ren-kitap","10":"pa_yazar-kolektif","12":"first","13":"instock","14":"sale","15":"shipping-taxable","16":"purchasable","17":"product-type-simple"},"_links":{"self":[{"href":"https:\/\/roveyayinevi.com.tr\/index.php\/wp-json\/wp\/v2\/product\/718695","targetHints":{"allow":["GET"]}}],"collection":[{"href":"https:\/\/roveyayinevi.com.tr\/index.php\/wp-json\/wp\/v2\/product"}],"about":[{"href":"https:\/\/roveyayinevi.com.tr\/index.php\/wp-json\/wp\/v2\/types\/product"}],"wp:attachment":[{"href":"https:\/\/roveyayinevi.com.tr\/index.php\/wp-json\/wp\/v2\/media?parent=718695"}],"wp:term":[{"taxonomy":"product_brand","embeddable":true,"href":"https:\/\/roveyayinevi.com.tr\/index.php\/wp-json\/wp\/v2\/product_brand?post=718695"},{"taxonomy":"product_cat","embeddable":true,"href":"https:\/\/roveyayinevi.com.tr\/index.php\/wp-json\/wp\/v2\/product_cat?post=718695"},{"taxonomy":"product_tag","embeddable":true,"href":"https:\/\/roveyayinevi.com.tr\/index.php\/wp-json\/wp\/v2\/product_tag?post=718695"}],"curies":[{"name":"wp","href":"https:\/\/api.w.org\/{rel}","templated":true}]}}