{"id":718693,"date":"2025-08-27T18:12:34","date_gmt":"2025-08-27T15:12:34","guid":{"rendered":"https:\/\/roveyayinevi.com.tr\/index.php\/urun\/kucuk-turk-tarihi\/"},"modified":"2026-04-16T02:26:47","modified_gmt":"2026-04-15T23:26:47","slug":"kucuk-turk-tarihi","status":"publish","type":"product","link":"https:\/\/roveyayinevi.com.tr\/index.php\/urun\/kucuk-turk-tarihi\/","title":{"rendered":"K\u00fc\u00e7\u00fck T\u00fcrk Tarihi"},"content":{"rendered":"<p>\u201c329 senesinde R\u0131dvan Nafiz Bey, K\u00fc\u00e7\u00fck T\u00fcrk Tarihiad\u0131yla bir eser \u00e7\u0131karm\u0131\u015f olup \u00e7ocuklar i\u00e7in yaz\u0131lan ve mill\u00ee tarihimizi en g\u00fczel bir \u015fekilde v\u00fclgarize eden eserin \u00f6ns\u00f6z\u00fcnde \u015fu sat\u0131rlar vard\u0131r: Bak atalar\u0131n ne diyor: \u201cT\u00fcrk o\u011flu! Senin bir vazifen, b\u00fcy\u00fck, pek b\u00fcy\u00fck bir vazifen var. Kollar\u0131n\u0131n kuvvetini, damarlar\u0131n\u0131n kan\u0131n\u0131, ruhunun ate\u015fini hep o vazifeni yapmak i\u00e7in sarf etmelisin: Dile ve b\u00fct\u00fcn varl\u0131\u011f\u0131nla u\u011fra\u015f ki; T\u00fcrkl\u00fck yine d\u00fcnyaya buyursun, T\u00fcrk bayra\u011f\u0131 her \u015feyin \u00fczerinde y\u00fckselsin, T\u00fcrk vatan\u0131 kurtulsun. T\u00fcrk vatan\u0131\u2026 Fakat bu yaln\u0131z T\u00fcrkiye de\u011fildir. Hay\u0131r arslan o\u011flu! T\u00fcrkiye sana pek k\u00fc\u00e7\u00fck gelir. T\u00fcrk vatan\u0131, T\u00fcrk aya\u011f\u0131n\u0131n bast\u0131\u011f\u0131, T\u00fcrk dilinin s\u00f6ylendi\u011fi, T\u00fcrk mezar\u0131n\u0131n bulundu\u011fu yerlerdir. T\u00fcrk vatan\u0131; \u2018Turan\u2019 denen o geni\u015f \u00fclkedir ki tarih T\u00fcrkl\u00fc\u011f\u00fc oraya ba\u011flam\u0131\u015ft\u0131r.\u201d On iki, on \u00fc\u00e7 ya\u015flar\u0131nda iken okumu\u015f oldu\u011fum bu esere ve yukar\u0131daki sat\u0131rlara ben de T\u00fcrk\u00e7\u00fcl\u00fc\u011f\u00fcm\u00fc bor\u00e7lu oldu\u011fum i\u00e7in onu burada ehemmiyetle kaydetmeyi yerinde buldum.\u201dH\u00fcseyin Nam\u0131k Orkun, T\u00fcrk\u00e7\u00fcl\u00fc\u011f\u00fcn TarihiT\u00fcrk milliyet\u00e7ili\u011finin g\u00fcne\u015fi y\u00fckselirken, 1913 y\u0131l\u0131nda yay\u0131mlanan K\u00fc\u00e7\u00fck T\u00fcrk Tarihi, gen\u00e7lere mill\u00ee tarihi b\u00fct\u00fcnl\u00fckl\u00fc bir \u015fema i\u00e7erisinde anlatmak suretiyle T\u00fcrk\u00e7\u00fc tarih yaz\u0131c\u0131l\u0131\u011f\u0131n\u0131n ilk \u00f6rneklerinden biri olma \u015ferefini de kazan\u0131r. R\u0131dvan Nafiz, bu tarihi kaleme al\u0131rken amac\u0131n\u0131 da \u015f\u00f6yle a\u00e7\u0131klam\u0131\u015ft\u0131r:  \u201c\u2026 karde\u015f, bug\u00fcn T\u00fcrkl\u00fck karanl\u0131klar i\u00e7indedir, senden \u0131\u015f\u0131k bekliyor, T\u00fcrkl\u00fck hastad\u0131r, derman\u0131n\u0131 sen vereceksin, dedelerinin yast\u0131k yerine k\u0131l\u0131ca yaslanarak kazand\u0131\u011f\u0131 m\u00fcbarek topraklar \u00fczerinde d\u00fcnk\u00fc u\u015faklar\u0131m\u0131z\u0131n kirli bayraklar\u0131 dalgalan\u0131yor, onlar\u0131 sen par\u00e7alayacaks\u0131n. \u201c\u00d6lm\u00fc\u015f kavmi sen diriltecek, yoksul kavmi sen zengin edecek, \u00e7\u0131plak kavmi sen giydireceksin.\u201d<\/p>\n","protected":false},"excerpt":{"rendered":"<p>\u201c329 senesinde R\u0131dvan Nafiz Bey, K\u00fc\u00e7\u00fck T\u00fcrk Tarihiad\u0131yla bir eser \u00e7\u0131karm\u0131\u015f olup \u00e7ocuklar i\u00e7in yaz\u0131lan ve mill\u00ee tarihimizi en g\u00fczel bir \u015fekilde v\u00fclgarize eden eserin \u00f6ns\u00f6z\u00fcnde<span class=\"excerpt-hellip\"> [\u2026]<\/span><\/p>\n","protected":false},"featured_media":0,"template":"","meta":{"_monsterinsights_skip_tracking":false,"_monsterinsights_sitenote_active":false,"_monsterinsights_sitenote_note":"","_monsterinsights_sitenote_category":0},"product_brand":[],"product_cat":[12291,12745],"product_tag":[],"class_list":{"0":"post-718693","1":"product","2":"type-product","3":"status-publish","5":"product_cat-edebiyat","6":"product_cat-tarihi-roman","7":"pa_cilt-ciltsiz","8":"pa_tur-kitap","9":"pa_yayinevi-otuken-nesriyat","10":"pa_yazar-ridvan-nafiz","12":"first","13":"instock","14":"sale","15":"shipping-taxable","16":"purchasable","17":"product-type-simple"},"_links":{"self":[{"href":"https:\/\/roveyayinevi.com.tr\/index.php\/wp-json\/wp\/v2\/product\/718693","targetHints":{"allow":["GET"]}}],"collection":[{"href":"https:\/\/roveyayinevi.com.tr\/index.php\/wp-json\/wp\/v2\/product"}],"about":[{"href":"https:\/\/roveyayinevi.com.tr\/index.php\/wp-json\/wp\/v2\/types\/product"}],"wp:attachment":[{"href":"https:\/\/roveyayinevi.com.tr\/index.php\/wp-json\/wp\/v2\/media?parent=718693"}],"wp:term":[{"taxonomy":"product_brand","embeddable":true,"href":"https:\/\/roveyayinevi.com.tr\/index.php\/wp-json\/wp\/v2\/product_brand?post=718693"},{"taxonomy":"product_cat","embeddable":true,"href":"https:\/\/roveyayinevi.com.tr\/index.php\/wp-json\/wp\/v2\/product_cat?post=718693"},{"taxonomy":"product_tag","embeddable":true,"href":"https:\/\/roveyayinevi.com.tr\/index.php\/wp-json\/wp\/v2\/product_tag?post=718693"}],"curies":[{"name":"wp","href":"https:\/\/api.w.org\/{rel}","templated":true}]}}