{"id":718691,"date":"2025-08-27T18:12:33","date_gmt":"2025-08-27T15:12:33","guid":{"rendered":"https:\/\/roveyayinevi.com.tr\/index.php\/urun\/hunlardan-gunumuze-turk-askeri-kulturu-kutulu\/"},"modified":"2026-04-16T02:26:47","modified_gmt":"2026-04-15T23:26:47","slug":"hunlardan-gunumuze-turk-askeri-kulturu-kutulu","status":"publish","type":"product","link":"https:\/\/roveyayinevi.com.tr\/index.php\/urun\/hunlardan-gunumuze-turk-askeri-kulturu-kutulu\/","title":{"rendered":"Hunlar&#8217;dan G\u00fcn\u00fcm\u00fcze T\u00fcrk Askeri K\u00fclt\u00fcr\u00fc (Kutulu)"},"content":{"rendered":"<p>T\u00fcrk asker\u00ee tarihi ne zaman ba\u015flar? Hun, K\u00f6k T\u00fcrk, Uygur, Karahanl\u0131, Gazneli, Meml\u00fbk, B\u00fcy\u00fck Sel\u00e7uklu ve Osmanl\u0131 devirlerinde T\u00fcrk ordusu nas\u0131l bir d\u00fczendedir? Orduyla devlet ve orduyla millet aras\u0131ndaki \u00fcnsiyetin k\u00f6k\u00fcnde neler vard\u0131r? \u00c7a\u011flara yay\u0131lan T\u00fcrk asker\u00ee gelenekleri nelerdir? T\u00fcrk k\u00fclt\u00fcr\u00fcnde at hangi \u00f6neme sahiptir? Te\u015fkilat, lojistik, istihbarat faaliyetleri ne \u015fekilde geli\u015fmi\u015ftir? T\u00fcrk asker\u00ee k\u00fclt\u00fcr\u00fcn\u00fcn Bat\u0131 asker\u00ee k\u00fclt\u00fcr\u00fcnden farklar\u0131 nelerdir? G\u00fcn\u00fcm\u00fcz T\u00fcrk Silahl\u0131 Kuvvetleri\u2019nin nas\u0131l bir k\u00fclt\u00fcr yap\u0131s\u0131 vard\u0131r? Asker\u00ee k\u00fclt\u00fcr kapsam\u0131nda devam eden ve etmeyen \u00f6zellikler nelerdir? Yerli bir doktrin kapsam\u0131nda ilk defa ortaya konan \u201cD\u00f6rt Y\u00f6n Doktrini\u201d nedir? T\u00fcrkler, tarih sahnesine \u00e7\u0131kt\u0131klar\u0131 ilk zamanlardan itibaren sava\u015f\u00e7\u0131 bir ruha sahip olmalar\u0131yla \u00fcn kazanm\u0131\u015flard\u0131r. \u00c7ocuk denecek ya\u015ftan itibaren ok ve yay kullan\u0131m\u0131nda uzmanla\u015fm\u0131\u015f, \u00f6zellikle at binme konusunda yery\u00fcz\u00fcn\u00fcn say\u0131l\u0131 milletlerinden biri olarak g\u00f6sterilmi\u015flerdir. Bu kabiliyetler t\u00fcm d\u00fcnyan\u0131n T\u00fcrklerin askeri ba\u015far\u0131lar\u0131 nezdinde s\u00f6yledikleri i\u00e7inden yaln\u0131zca birka\u00e7\u0131d\u0131r. Bir\u00e7ok devlet kurmu\u015f ve geni\u015f co\u011frafyalara h\u00e2kim olmu\u015f T\u00fcrkler, elbette ki asker\u00ee tarih anlam\u0131nda d\u00fcnyan\u0131n en k\u00f6kl\u00fc milletlerinden biridir. Tarih sahnesine asker olarak \u00e7\u0131kan T\u00fcrkler, 21. y\u00fczy\u0131lda da \u201casker millet\u201d olmay\u0131 s\u00fcrd\u00fcrmekte, s\u00f6z konusu vatan oldu\u011funda geriye kalan hi\u00e7bir \u015feyin \u00f6nemli olmad\u0131\u011f\u0131n\u0131 her f\u0131rsatta g\u00f6stermektedir. A. Sefa \u00d6zkaya\u2019n\u0131n haz\u0131rlad\u0131\u011f\u0131 elinizdeki kitap, bug\u00fcne kadar T\u00fcrk asker\u00ee tarihi ve k\u00fclt\u00fcr\u00fcne dair yap\u0131lan en geni\u015f ve en kapsaml\u0131 \u00e7al\u0131\u015fma olup, ilk T\u00fcrk devletlerinden g\u00fcn\u00fcm\u00fcze dek T\u00fcrklerin ordu te\u015fkilat\u0131n\u0131, asker\u00ee geleneklerini, niteliklerini, strateji ve taktik anlay\u0131\u015flar\u0131n\u0131, felsef\u00ee bak\u0131\u015f a\u00e7\u0131lar\u0131n\u0131 ve baz\u0131 \u00f6ne \u00e7\u0131kan faaliyetlerini derinlemesine irdeleyerek alan\u0131ndaki b\u00fcy\u00fck bir bo\u015flu\u011fu dolduruyor. T\u00fcrk Asker\u00ee K\u00fclt\u00fcr\u00fc, g\u00fcn\u00fcm\u00fcz\u00fcn ve gelece\u011fin askerlerine, asker\u00ee tarih\u00e7ilerine, tarih ve asker\u00ee k\u00fclt\u00fcr merakl\u0131lar\u0131na hitap eden, tarih tutkunlar\u0131n\u0131n \u00e7ok uzun y\u0131llar boyunca ellerinden d\u00fc\u015f\u00fcremeyecekleri bir \u00e7al\u0131\u015fma\u2026<\/p>\n","protected":false},"excerpt":{"rendered":"<p>T\u00fcrk asker\u00ee tarihi ne zaman ba\u015flar? Hun, K\u00f6k T\u00fcrk, Uygur, Karahanl\u0131, Gazneli, Meml\u00fbk, B\u00fcy\u00fck Sel\u00e7uklu ve Osmanl\u0131 devirlerinde T\u00fcrk ordusu nas\u0131l bir d\u00fczendedir? Orduyla devlet ve<span class=\"excerpt-hellip\"> [\u2026]<\/span><\/p>\n","protected":false},"featured_media":0,"template":"","meta":{"_monsterinsights_skip_tracking":false,"_monsterinsights_sitenote_active":false,"_monsterinsights_sitenote_note":"","_monsterinsights_sitenote_category":0},"product_brand":[],"product_cat":[12370,12304],"product_tag":[],"class_list":{"0":"post-718691","1":"product","2":"type-product","3":"status-publish","5":"product_cat-arastirma-inceleme","6":"product_cat-tarih","7":"pa_cilt-ciltli","8":"pa_tur-kitap","9":"pa_yayinevi-kronik-kitap","10":"pa_yazar-kolektif","12":"first","13":"instock","14":"sale","15":"shipping-taxable","16":"purchasable","17":"product-type-simple"},"_links":{"self":[{"href":"https:\/\/roveyayinevi.com.tr\/index.php\/wp-json\/wp\/v2\/product\/718691","targetHints":{"allow":["GET"]}}],"collection":[{"href":"https:\/\/roveyayinevi.com.tr\/index.php\/wp-json\/wp\/v2\/product"}],"about":[{"href":"https:\/\/roveyayinevi.com.tr\/index.php\/wp-json\/wp\/v2\/types\/product"}],"wp:attachment":[{"href":"https:\/\/roveyayinevi.com.tr\/index.php\/wp-json\/wp\/v2\/media?parent=718691"}],"wp:term":[{"taxonomy":"product_brand","embeddable":true,"href":"https:\/\/roveyayinevi.com.tr\/index.php\/wp-json\/wp\/v2\/product_brand?post=718691"},{"taxonomy":"product_cat","embeddable":true,"href":"https:\/\/roveyayinevi.com.tr\/index.php\/wp-json\/wp\/v2\/product_cat?post=718691"},{"taxonomy":"product_tag","embeddable":true,"href":"https:\/\/roveyayinevi.com.tr\/index.php\/wp-json\/wp\/v2\/product_tag?post=718691"}],"curies":[{"name":"wp","href":"https:\/\/api.w.org\/{rel}","templated":true}]}}