{"id":718687,"date":"2025-08-27T18:12:31","date_gmt":"2025-08-27T15:12:31","guid":{"rendered":"https:\/\/roveyayinevi.com.tr\/index.php\/urun\/tebessum-ve-tefekkur\/"},"modified":"2026-04-16T02:26:47","modified_gmt":"2026-04-15T23:26:47","slug":"tebessum-ve-tefekkur","status":"publish","type":"product","link":"https:\/\/roveyayinevi.com.tr\/index.php\/urun\/tebessum-ve-tefekkur\/","title":{"rendered":"Tebess\u00fcm ve Tefekk\u00fcr"},"content":{"rendered":"<p>\u015euras\u0131 bir ger\u00e7ektir ki, herkes f\u0131kra anlatamaz, ibretli ve hikmetli s\u00f6zler s\u00f6ylemek, kulaklara k\u00fcpe haz\u0131rlamak, insanlar\u0131 hem g\u00fcld\u00fcrmek hem d\u00fc\u015f\u00fcnd\u00fcrmek i\u00e7in keskin zek\u00e2 kadar, ilim ve irfan hazinesine de ihtiya\u00e7 var. Da\u011farc\u0131\u011f\u0131 dolu olan bir bilginin, bir \u015f\u00e2irin, bir sanatk\u00e2r\u0131n s\u00f6zleri, hi\u00e7 \u015f\u00fcphe yok ki alt\u0131n ve m\u00fccevher de\u011ferindedir. Onun i\u00e7indir ki, eskiden baz\u0131 padi\u015fahlar, birtak\u0131m \u00f6nemli devlet adamlar\u0131, dinledikleri ve be\u011fendikleri mizah \u00fcstadlar\u0131n\u0131n, \u015f\u00e2irlerin ve ediplerin a\u011f\u0131zlar\u0131n\u0131 alt\u0131nla doldurmak istemi\u015flerdir. \u015eaka, ciddi bir i\u015ftir. Kel\u00e2m-\u0131 kibar, kibar-\u0131 kel\u00e2m oldu\u011fu gibi, mizah\u0131n izah\u0131 da d\u00fc\u015f\u00fcnd\u00fcr\u00fcrken g\u00fcld\u00fcrmesi, g\u00fcld\u00fcr\u00fcrken de d\u00fc\u015f\u00fcnd\u00fcrmesidir. Unutmayal\u0131m ki, Allah\u2019\u0131n yaratt\u0131\u011f\u0131 canl\u0131lar i\u00e7inde sadece insan, tebess\u00fcm etmek ve tefekk\u00fcr etmek gibi iki \u00f6nemli \u00f6zelli\u011fe sahiptir.K\u00fclt\u00fcr tarihine dair birbirinden g\u00fczel \u00e7al\u0131\u015fmalar\u0131 bulunan Dursun G\u00fcrlek\u2019in, Tebess\u00fcm ve Tefekk\u00fcr adl\u0131 bu kitab\u0131nda; \u201cParal\u0131 Kitap\u201d, \u201cCimrinin Yo\u011furdu\u201d, \u201cD\u00e2r-\u0131 Bek\u00e2\u201d, \u201cMihrimah Sultan&#8217;\u0131n Kedisi\u201d, \u201cM\u00fccevher Kutusundan \u00c7\u0131kanlar\u201d, \u201cGar\u00eebeler\u201d, \u201cMezarda Do\u011fan \u00c7ocuklar\u201d, \u201cAynal\u0131 H\u00e2kimin Marifeti\u201d, \u201cEski Kitaplardaki Eskimez S\u00f6zler\u201d, \u201cH\u00fck\u00fcmdar M\u0131knat\u0131stan Olsa\u201d, \u201cK\u00fclt\u00fcr D\u00fcnyam\u0131z\u0131n Tahir Efendileri\u201d gibi nefis yaz\u0131lar mevcut.<\/p>\n","protected":false},"excerpt":{"rendered":"<p>\u015euras\u0131 bir ger\u00e7ektir ki, herkes f\u0131kra anlatamaz, ibretli ve hikmetli s\u00f6zler s\u00f6ylemek, kulaklara k\u00fcpe haz\u0131rlamak, insanlar\u0131 hem g\u00fcld\u00fcrmek hem d\u00fc\u015f\u00fcnd\u00fcrmek i\u00e7in keskin zek\u00e2 kadar, ilim ve<span class=\"excerpt-hellip\"> [\u2026]<\/span><\/p>\n","protected":false},"featured_media":0,"template":"","meta":{"_monsterinsights_skip_tracking":false,"_monsterinsights_sitenote_active":false,"_monsterinsights_sitenote_note":"","_monsterinsights_sitenote_category":0},"product_brand":[],"product_cat":[20039,13488],"product_tag":[],"class_list":{"0":"post-718687","1":"product","2":"type-product","3":"status-publish","5":"product_cat-kultur-tarihi","6":"product_cat-toplum-ve-insan","7":"pa_cilt-ciltsiz","8":"pa_tur-kitap","9":"pa_yayinevi-timas-yayinlari","10":"pa_yazar-dursun-gurlek","12":"first","13":"instock","14":"sale","15":"shipping-taxable","16":"purchasable","17":"product-type-simple"},"_links":{"self":[{"href":"https:\/\/roveyayinevi.com.tr\/index.php\/wp-json\/wp\/v2\/product\/718687","targetHints":{"allow":["GET"]}}],"collection":[{"href":"https:\/\/roveyayinevi.com.tr\/index.php\/wp-json\/wp\/v2\/product"}],"about":[{"href":"https:\/\/roveyayinevi.com.tr\/index.php\/wp-json\/wp\/v2\/types\/product"}],"wp:attachment":[{"href":"https:\/\/roveyayinevi.com.tr\/index.php\/wp-json\/wp\/v2\/media?parent=718687"}],"wp:term":[{"taxonomy":"product_brand","embeddable":true,"href":"https:\/\/roveyayinevi.com.tr\/index.php\/wp-json\/wp\/v2\/product_brand?post=718687"},{"taxonomy":"product_cat","embeddable":true,"href":"https:\/\/roveyayinevi.com.tr\/index.php\/wp-json\/wp\/v2\/product_cat?post=718687"},{"taxonomy":"product_tag","embeddable":true,"href":"https:\/\/roveyayinevi.com.tr\/index.php\/wp-json\/wp\/v2\/product_tag?post=718687"}],"curies":[{"name":"wp","href":"https:\/\/api.w.org\/{rel}","templated":true}]}}