{"id":718686,"date":"2025-08-27T18:12:30","date_gmt":"2025-08-27T15:12:30","guid":{"rendered":"https:\/\/roveyayinevi.com.tr\/index.php\/urun\/genclik-uzerine\/"},"modified":"2026-04-16T02:26:47","modified_gmt":"2026-04-15T23:26:47","slug":"genclik-uzerine","status":"publish","type":"product","link":"https:\/\/roveyayinevi.com.tr\/index.php\/urun\/genclik-uzerine\/","title":{"rendered":"Gen\u00e7lik \u00dczerine"},"content":{"rendered":"<p>\u201cBenim anlad\u0131\u011f\u0131m gen\u00e7lik ink\u0131lab\u0131n fikirlerini ve ideolojisini benimseyip gelecek nesillere g\u00f6t\u00fcrecek kimselerdir.\u201dBu kitaptaAtat\u00fcrk&#8217;\u00fcn gen\u00e7lik \u00fczerine ve gen\u00e7li\u011fe y\u00f6nelik s\u00f6yleyip yazd\u0131klar\u0131 ilk kaynaklar\u0131ndan yorumsuz olarak bir araya getirilmi\u015ftir.Atat\u00fcrk, T\u00fcrk istiklalini, T\u00fcrk Cumhuriyeti&#8217;ni ilelebet muhafaza ve m\u00fcdafaa etmeyi birinci vazife olarak verdi\u011fi T\u00fcrk gen\u00e7li\u011fine g\u00fcvenmekte ve ona seslenmektedir.Ba\u011f\u0131ms\u0131zl\u0131k ve \u00e7a\u011fda\u015f uygarl\u0131k yolunda her zaman yol g\u00f6steren Atat\u00fcrk&#8217;\u00fcn s\u00f6yleyip yazd\u0131klar\u0131 T\u00fcrk gen\u00e7li\u011fine her \u015fart alt\u0131nda m\u00fccadele etme g\u00fcc\u00fc verecektir.<\/p>\n","protected":false},"excerpt":{"rendered":"<p>\u201cBenim anlad\u0131\u011f\u0131m gen\u00e7lik ink\u0131lab\u0131n fikirlerini ve ideolojisini benimseyip gelecek nesillere g\u00f6t\u00fcrecek kimselerdir.\u201dBu kitaptaAtat\u00fcrk&#8217;\u00fcn gen\u00e7lik \u00fczerine ve gen\u00e7li\u011fe y\u00f6nelik s\u00f6yleyip yazd\u0131klar\u0131 ilk kaynaklar\u0131ndan yorumsuz olarak bir araya<span class=\"excerpt-hellip\"> [\u2026]<\/span><\/p>\n","protected":false},"featured_media":0,"template":"","meta":{"_monsterinsights_skip_tracking":false,"_monsterinsights_sitenote_active":false,"_monsterinsights_sitenote_note":"","_monsterinsights_sitenote_category":0},"product_brand":[],"product_cat":[12530,12304],"product_tag":[],"class_list":{"0":"post-718686","1":"product","2":"type-product","3":"status-publish","5":"product_cat-mustafa-kemal-ataturk","6":"product_cat-tarih","7":"pa_cilt-ciltsiz","8":"pa_tur-kitap","9":"pa_yayinevi-kaynak-yayinlari","10":"pa_yazar-mustafa-kemal-ataturk","12":"first","13":"instock","14":"sale","15":"shipping-taxable","16":"purchasable","17":"product-type-simple"},"_links":{"self":[{"href":"https:\/\/roveyayinevi.com.tr\/index.php\/wp-json\/wp\/v2\/product\/718686","targetHints":{"allow":["GET"]}}],"collection":[{"href":"https:\/\/roveyayinevi.com.tr\/index.php\/wp-json\/wp\/v2\/product"}],"about":[{"href":"https:\/\/roveyayinevi.com.tr\/index.php\/wp-json\/wp\/v2\/types\/product"}],"wp:attachment":[{"href":"https:\/\/roveyayinevi.com.tr\/index.php\/wp-json\/wp\/v2\/media?parent=718686"}],"wp:term":[{"taxonomy":"product_brand","embeddable":true,"href":"https:\/\/roveyayinevi.com.tr\/index.php\/wp-json\/wp\/v2\/product_brand?post=718686"},{"taxonomy":"product_cat","embeddable":true,"href":"https:\/\/roveyayinevi.com.tr\/index.php\/wp-json\/wp\/v2\/product_cat?post=718686"},{"taxonomy":"product_tag","embeddable":true,"href":"https:\/\/roveyayinevi.com.tr\/index.php\/wp-json\/wp\/v2\/product_tag?post=718686"}],"curies":[{"name":"wp","href":"https:\/\/api.w.org\/{rel}","templated":true}]}}