{"id":718683,"date":"2025-08-27T18:12:28","date_gmt":"2025-08-27T15:12:28","guid":{"rendered":"https:\/\/roveyayinevi.com.tr\/index.php\/urun\/dusunceler-4\/"},"modified":"2026-04-16T02:26:47","modified_gmt":"2026-04-15T23:26:47","slug":"dusunceler-4","status":"publish","type":"product","link":"https:\/\/roveyayinevi.com.tr\/index.php\/urun\/dusunceler-4\/","title":{"rendered":"D\u00fc\u015f\u00fcnceler"},"content":{"rendered":"<p>\u0130nsan, do\u011fada nazik ve c\u0131l\u0131z bir sazd\u0131r, fakat d\u00fc\u015f\u00fcnen bir saz. Onu yok etmek i\u00e7in, evrendeki b\u00fct\u00fcn g\u00fc\u00e7lerin bir araya gelmesine gerek yoktur; bir buhar, bir su damlac\u0131\u011f\u0131 onu \u00f6ld\u00fcrmeye yeter.Evren onu \u00f6ld\u00fcrse de, insan kendini yok eden bu g\u00fc\u00e7ten daha asil say\u0131lacakt\u0131r, zira \u00f6ld\u00fc\u011f\u00fcn\u00fcn fark\u0131ndad\u0131r. Evren ise bunun fark\u0131nda de\u011fildir. O halde b\u00fct\u00fcn insanl\u0131k haysiyetimiz d\u00fc\u015f\u00fcncededir. Kendimizi d\u00fc\u015f\u00fcnceyle y\u00fckseltmeliyiz, asla dolduramayaca\u011f\u0131m\u0131z zaman ve mek\u00e2nla de\u011fil.<\/p>\n","protected":false},"excerpt":{"rendered":"<p>\u0130nsan, do\u011fada nazik ve c\u0131l\u0131z bir sazd\u0131r, fakat d\u00fc\u015f\u00fcnen bir saz. Onu yok etmek i\u00e7in, evrendeki b\u00fct\u00fcn g\u00fc\u00e7lerin bir araya gelmesine gerek yoktur; bir buhar, bir<span class=\"excerpt-hellip\"> [\u2026]<\/span><\/p>\n","protected":false},"featured_media":0,"template":"","meta":{"_monsterinsights_skip_tracking":false,"_monsterinsights_sitenote_active":false,"_monsterinsights_sitenote_note":"","_monsterinsights_sitenote_category":0},"product_brand":[],"product_cat":[20351,12388],"product_tag":[],"class_list":{"0":"post-718683","1":"product","2":"type-product","3":"status-publish","5":"product_cat-dusunce","6":"product_cat-felsefe","7":"pa_cilt-ciltsiz","8":"pa_tur-kitap","9":"pa_yayinevi-fol-kitap","10":"pa_yazar-blaise-pascal","12":"first","13":"instock","14":"sale","15":"shipping-taxable","16":"purchasable","17":"product-type-simple"},"_links":{"self":[{"href":"https:\/\/roveyayinevi.com.tr\/index.php\/wp-json\/wp\/v2\/product\/718683","targetHints":{"allow":["GET"]}}],"collection":[{"href":"https:\/\/roveyayinevi.com.tr\/index.php\/wp-json\/wp\/v2\/product"}],"about":[{"href":"https:\/\/roveyayinevi.com.tr\/index.php\/wp-json\/wp\/v2\/types\/product"}],"wp:attachment":[{"href":"https:\/\/roveyayinevi.com.tr\/index.php\/wp-json\/wp\/v2\/media?parent=718683"}],"wp:term":[{"taxonomy":"product_brand","embeddable":true,"href":"https:\/\/roveyayinevi.com.tr\/index.php\/wp-json\/wp\/v2\/product_brand?post=718683"},{"taxonomy":"product_cat","embeddable":true,"href":"https:\/\/roveyayinevi.com.tr\/index.php\/wp-json\/wp\/v2\/product_cat?post=718683"},{"taxonomy":"product_tag","embeddable":true,"href":"https:\/\/roveyayinevi.com.tr\/index.php\/wp-json\/wp\/v2\/product_tag?post=718683"}],"curies":[{"name":"wp","href":"https:\/\/api.w.org\/{rel}","templated":true}]}}