{"id":718681,"date":"2025-08-27T18:12:26","date_gmt":"2025-08-27T15:12:26","guid":{"rendered":"https:\/\/roveyayinevi.com.tr\/index.php\/urun\/atsiz-hikayeler\/"},"modified":"2026-04-16T02:26:47","modified_gmt":"2026-04-15T23:26:47","slug":"atsiz-hikayeler","status":"publish","type":"product","link":"https:\/\/roveyayinevi.com.tr\/index.php\/urun\/atsiz-hikayeler\/","title":{"rendered":"Ats\u0131z Hikayeler"},"content":{"rendered":"<p>Hik\u00e2ye, Ats\u0131z\u2019\u0131n sanat\u0131nda en az yer bulan b\u00f6l\u00fcmd\u00fcr. Hik\u00e2yeler\u2019in ilk bask\u0131s\u0131nda Ats\u0131z\u2019\u0131n bilinen be\u015f hik\u00e2yesi yer alm\u0131\u015ft\u0131. Bu ilk toplu ne\u015firden sonra bibliyografyalar\u0131na da girmemi\u015f olan ilk hik\u00e2yesi tespit edildi: \u201cHasan Day\u0131\u201d. Bu hik\u00e2ye, Cumhuriyet gazetesinin 4 A\u011fustos 1925 tarihli 444. say\u0131s\u0131nda \u201c\u0130stikl\u00e2l Harbi\u201d konulu bir \u201cedeb\u00ee m\u00fcsabaka\u201d d\u00fczenledi\u011fini ilan etmesi \u00fczerine gazeteye g\u00f6nderilmi\u015f ve gazetenin 12 Aral\u0131k 1925 tarihli 573. say\u0131s\u0131nda ne\u015fredilmi\u015ftir.  2. bask\u0131da, o hik\u00e2yeyi de yeni harflere \u00e7evirerek kitaba dahil ettik. Kalan hik\u00e2yelerin d\u00f6rd\u00fc ilk olarak 1931 y\u0131l\u0131nda Ats\u0131z Mecmua\u2019da, sonuncusu ise yine ilk defa 1941\u2019de Bozkurt dergisinde yay\u0131mlanm\u0131\u015ft\u0131r. ***Te\u015fhis (ki\u015file\u015ftirme) sanat\u0131n\u0131n kullan\u0131lmas\u0131na varacak derecede tabiata ve tabiat unsurlar\u0131na yer verilmesi, Ats\u0131z\u2019\u0131n b\u00fct\u00fcn hik\u00e2yelerinin ortak taraf\u0131n\u0131 te\u015fkil eder. \u00d6zellikle Ay ve f\u0131rt\u0131nan\u0131n Ats\u0131z\u2019\u0131n edeb\u00ee eserlerinde \u00f6zel ve a\u011f\u0131rl\u0131kl\u0131 bir yere sahip oldu\u011funu s\u00f6yleyebiliriz. Ben hik\u00e2yeleri defalarca okudum. Her okuyu\u015fumda farkl\u0131 bir taraf buldum ve farkl\u0131 bir tat ald\u0131m. Okuyucular\u0131n da Ats\u0131z\u2019\u0131n ilk kalem denemeleri olan hik\u00e2yeleri farkl\u0131 tarzda de\u011ferlendirecekleri muhakkakt\u0131r. Fakat ne olursa olsun b\u00fct\u00fcn hik\u00e2yelerde Ats\u0131z vard\u0131r. Ahmet Bican Ercilasun<\/p>\n","protected":false},"excerpt":{"rendered":"<p>Hik\u00e2ye, Ats\u0131z\u2019\u0131n sanat\u0131nda en az yer bulan b\u00f6l\u00fcmd\u00fcr. Hik\u00e2yeler\u2019in ilk bask\u0131s\u0131nda Ats\u0131z\u2019\u0131n bilinen be\u015f hik\u00e2yesi yer alm\u0131\u015ft\u0131. Bu ilk toplu ne\u015firden sonra bibliyografyalar\u0131na da girmemi\u015f olan<span class=\"excerpt-hellip\"> [\u2026]<\/span><\/p>\n","protected":false},"featured_media":0,"template":"","meta":{"_monsterinsights_skip_tracking":false,"_monsterinsights_sitenote_active":false,"_monsterinsights_sitenote_note":"","_monsterinsights_sitenote_category":0},"product_brand":[],"product_cat":[12291,12711],"product_tag":[],"class_list":{"0":"post-718681","1":"product","2":"type-product","3":"status-publish","5":"product_cat-edebiyat","6":"product_cat-roman-oyku","7":"pa_cilt-ciltsiz","8":"pa_tur-kitap","9":"pa_yayinevi-otuken-nesriyat","10":"pa_yazar-huseyin-nihal-atsiz","12":"first","13":"instock","14":"sale","15":"shipping-taxable","16":"purchasable","17":"product-type-simple"},"_links":{"self":[{"href":"https:\/\/roveyayinevi.com.tr\/index.php\/wp-json\/wp\/v2\/product\/718681","targetHints":{"allow":["GET"]}}],"collection":[{"href":"https:\/\/roveyayinevi.com.tr\/index.php\/wp-json\/wp\/v2\/product"}],"about":[{"href":"https:\/\/roveyayinevi.com.tr\/index.php\/wp-json\/wp\/v2\/types\/product"}],"wp:attachment":[{"href":"https:\/\/roveyayinevi.com.tr\/index.php\/wp-json\/wp\/v2\/media?parent=718681"}],"wp:term":[{"taxonomy":"product_brand","embeddable":true,"href":"https:\/\/roveyayinevi.com.tr\/index.php\/wp-json\/wp\/v2\/product_brand?post=718681"},{"taxonomy":"product_cat","embeddable":true,"href":"https:\/\/roveyayinevi.com.tr\/index.php\/wp-json\/wp\/v2\/product_cat?post=718681"},{"taxonomy":"product_tag","embeddable":true,"href":"https:\/\/roveyayinevi.com.tr\/index.php\/wp-json\/wp\/v2\/product_tag?post=718681"}],"curies":[{"name":"wp","href":"https:\/\/api.w.org\/{rel}","templated":true}]}}