{"id":718680,"date":"2025-08-27T18:12:26","date_gmt":"2025-08-27T15:12:26","guid":{"rendered":"https:\/\/roveyayinevi.com.tr\/index.php\/urun\/denizin-cagrisi\/"},"modified":"2026-04-16T02:26:47","modified_gmt":"2026-04-15T23:26:47","slug":"denizin-cagrisi","status":"publish","type":"product","link":"https:\/\/roveyayinevi.com.tr\/index.php\/urun\/denizin-cagrisi\/","title":{"rendered":"Denizin \u00c7a\u011fr\u0131s\u0131"},"content":{"rendered":"<p>San Francisco\u2019da ya\u015fayan Joe, kendini bir t\u00fcrl\u00fc derslerine veremeyen; arkada\u015flar\u0131yla sokak sokak gezmeyi, s\u0131navlara \u00e7al\u0131\u015fmaya ye\u011fleyen bir gen\u00e7tir. Ya\u015fam\u0131 s\u0131radan, s\u0131k\u0131c\u0131 bulur, hep daha fazlas\u0131n\u0131 bekler. Dolu dolu ya\u015famak ister ve g\u00fcnlerini \u00e7e\u015fitli maceralara at\u0131larak ge\u00e7irenlere \u00f6zenir. K\u0131z karde\u015finin okulda kendisinden daha ba\u015far\u0131l\u0131 olmas\u0131n\u0131, babas\u0131n\u0131n hayal k\u0131r\u0131kl\u0131\u011f\u0131n\u0131 dile getirmesini kald\u0131ramayan Joe, evden ka\u00e7arak denizci olmaya karar verir fakat kendini korsanlar\u0131n aras\u0131nda bulur. Denizin \u00c7a\u011fr\u0131s\u0131, nefes ald\u0131\u011f\u0131 her \u00e2n\u0131n tad\u0131n\u0131 \u00e7\u0131karmak isteyen memnuniyetsiz bir gencin hayata ve ya\u015fama dair fark\u0131ndal\u0131k kazanma s\u00fcrecini anlat\u0131yor. Jack London\u2019\u0131n di\u011fer bir\u00e7ok eserinde oldu\u011fu gibi, denize, denizcili\u011fe dair ustaca g\u00f6zlemler i\u00e7eren roman, okurlara delidolu bir gen\u00e7lik hik\u00e2yesi sunuyor. <\/p>\n","protected":false},"excerpt":{"rendered":"<p>San Francisco\u2019da ya\u015fayan Joe, kendini bir t\u00fcrl\u00fc derslerine veremeyen; arkada\u015flar\u0131yla sokak sokak gezmeyi, s\u0131navlara \u00e7al\u0131\u015fmaya ye\u011fleyen bir gen\u00e7tir. Ya\u015fam\u0131 s\u0131radan, s\u0131k\u0131c\u0131 bulur, hep daha fazlas\u0131n\u0131 bekler.<span class=\"excerpt-hellip\"> [\u2026]<\/span><\/p>\n","protected":false},"featured_media":0,"template":"","meta":{"_monsterinsights_skip_tracking":false,"_monsterinsights_sitenote_active":false,"_monsterinsights_sitenote_note":"","_monsterinsights_sitenote_category":0},"product_brand":[],"product_cat":[12291,13872],"product_tag":[],"class_list":{"0":"post-718680","1":"product","2":"type-product","3":"status-publish","5":"product_cat-edebiyat","6":"product_cat-klasikler","7":"pa_cilt-ciltsiz","8":"pa_tur-kitap","9":"pa_yayinevi-can-yayinlari","10":"pa_yazar-jack-london","12":"first","13":"instock","14":"sale","15":"shipping-taxable","16":"purchasable","17":"product-type-simple"},"_links":{"self":[{"href":"https:\/\/roveyayinevi.com.tr\/index.php\/wp-json\/wp\/v2\/product\/718680","targetHints":{"allow":["GET"]}}],"collection":[{"href":"https:\/\/roveyayinevi.com.tr\/index.php\/wp-json\/wp\/v2\/product"}],"about":[{"href":"https:\/\/roveyayinevi.com.tr\/index.php\/wp-json\/wp\/v2\/types\/product"}],"wp:attachment":[{"href":"https:\/\/roveyayinevi.com.tr\/index.php\/wp-json\/wp\/v2\/media?parent=718680"}],"wp:term":[{"taxonomy":"product_brand","embeddable":true,"href":"https:\/\/roveyayinevi.com.tr\/index.php\/wp-json\/wp\/v2\/product_brand?post=718680"},{"taxonomy":"product_cat","embeddable":true,"href":"https:\/\/roveyayinevi.com.tr\/index.php\/wp-json\/wp\/v2\/product_cat?post=718680"},{"taxonomy":"product_tag","embeddable":true,"href":"https:\/\/roveyayinevi.com.tr\/index.php\/wp-json\/wp\/v2\/product_tag?post=718680"}],"curies":[{"name":"wp","href":"https:\/\/api.w.org\/{rel}","templated":true}]}}