{"id":718678,"date":"2025-08-27T18:12:24","date_gmt":"2025-08-27T15:12:24","guid":{"rendered":"https:\/\/roveyayinevi.com.tr\/index.php\/urun\/kiz-kardesim-seri-katil\/"},"modified":"2026-04-16T02:26:47","modified_gmt":"2026-04-15T23:26:47","slug":"kiz-kardesim-seri-katil","status":"publish","type":"product","link":"https:\/\/roveyayinevi.com.tr\/index.php\/urun\/kiz-kardesim-seri-katil\/","title":{"rendered":"K\u0131z Karde\u015fim Seri Katil"},"content":{"rendered":"<p>Bir ak\u015fam yeme\u011fi s\u0131ras\u0131nda k\u0131z karde\u015finizden gelen imdat \u00e7a\u011fr\u0131s\u0131na nas\u0131l kar\u015f\u0131l\u0131k verirsiniz? Korede\u2019nin listesi bellidir: \u00e7ama\u015f\u0131r suyu, lastik eldivenler, \u00e7elik gibi sinirler ve dayan\u0131kl\u0131 bir mide. Bu \u00f6l\u00fcmc\u00fcl k\u0131z karde\u015f Ayoola\u2019n\u0131n \u201cme\u015fru m\u00fcdafaa\u201d ad\u0131na i\u015fini bitirdi\u011fi \u00fc\u00e7\u00fcnc\u00fc erkek arkada\u015f, ablas\u0131n\u0131n maharetli ellerine terk etti\u011fi \u00fc\u00e7\u00fcnc\u00fc cesettir. Korede\u2019nin polise gitmesi herkesin hayr\u0131na olacakt\u0131r belki ama ne demi\u015fler, kol k\u0131r\u0131l\u0131r yen i\u00e7inde kal\u0131r. Ta ki Korede\u2019nin hem\u015fire olarak \u00e7al\u0131\u015ft\u0131\u011f\u0131 hastanedeki doktoru ba\u015ftan \u00e7\u0131karana kadar\u2026 \u201cBomba gibi bir kitap, keskin, patlay\u0131c\u0131, komik.\u201d The New York Times  \u201c\u0130nsan\u0131 kahkaha atmak, a\u011flamaya ba\u015flamak ve ataerkil d\u00fczene derhal ba\u015fkald\u0131rmak aras\u0131nda karars\u0131z b\u0131rak\u0131yor.\u201d Vogue \u201cBraithwaite bu heyecan verici ilk roman\u0131nda \u015fiddet, sadakat ve ailenin karanl\u0131k ama komik bir incelemesine giri\u015firken k\u0131z karde\u015flik ba\u011flar\u0131n\u0131n g\u00fcc\u00fcn\u00fc de sorguluyor.\u201d Time \u201cOyinkan Braithwaite \u0131s\u0131rgan bir fesatl\u0131k, n\u00fckte ve \u00f6zg\u00fcvenle \u00f6yle bir hik\u00e2ye \u00f6rg\u00fcs\u00fc kurguluyor ki  b\u00f6ylesini okumad\u0131n\u0131z.\u201d InStyle <\/p>\n","protected":false},"excerpt":{"rendered":"<p>Bir ak\u015fam yeme\u011fi s\u0131ras\u0131nda k\u0131z karde\u015finizden gelen imdat \u00e7a\u011fr\u0131s\u0131na nas\u0131l kar\u015f\u0131l\u0131k verirsiniz? Korede\u2019nin listesi bellidir: \u00e7ama\u015f\u0131r suyu, lastik eldivenler, \u00e7elik gibi sinirler ve dayan\u0131kl\u0131 bir mide.<span class=\"excerpt-hellip\"> [\u2026]<\/span><\/p>\n","protected":false},"featured_media":0,"template":"","meta":{"_monsterinsights_skip_tracking":false,"_monsterinsights_sitenote_active":false,"_monsterinsights_sitenote_note":"","_monsterinsights_sitenote_category":0},"product_brand":[],"product_cat":[12291,12711],"product_tag":[],"class_list":{"0":"post-718678","1":"product","2":"type-product","3":"status-publish","5":"product_cat-edebiyat","6":"product_cat-roman-oyku","7":"pa_cilt-ciltsiz","8":"pa_tur-kitap","9":"pa_yayinevi-mundi","10":"pa_yazar-oyinkan-braithwaite","12":"first","13":"instock","14":"sale","15":"shipping-taxable","16":"purchasable","17":"product-type-simple"},"_links":{"self":[{"href":"https:\/\/roveyayinevi.com.tr\/index.php\/wp-json\/wp\/v2\/product\/718678","targetHints":{"allow":["GET"]}}],"collection":[{"href":"https:\/\/roveyayinevi.com.tr\/index.php\/wp-json\/wp\/v2\/product"}],"about":[{"href":"https:\/\/roveyayinevi.com.tr\/index.php\/wp-json\/wp\/v2\/types\/product"}],"wp:attachment":[{"href":"https:\/\/roveyayinevi.com.tr\/index.php\/wp-json\/wp\/v2\/media?parent=718678"}],"wp:term":[{"taxonomy":"product_brand","embeddable":true,"href":"https:\/\/roveyayinevi.com.tr\/index.php\/wp-json\/wp\/v2\/product_brand?post=718678"},{"taxonomy":"product_cat","embeddable":true,"href":"https:\/\/roveyayinevi.com.tr\/index.php\/wp-json\/wp\/v2\/product_cat?post=718678"},{"taxonomy":"product_tag","embeddable":true,"href":"https:\/\/roveyayinevi.com.tr\/index.php\/wp-json\/wp\/v2\/product_tag?post=718678"}],"curies":[{"name":"wp","href":"https:\/\/api.w.org\/{rel}","templated":true}]}}