{"id":718669,"date":"2025-08-27T18:12:18","date_gmt":"2025-08-27T15:12:18","guid":{"rendered":"https:\/\/roveyayinevi.com.tr\/index.php\/urun\/mephisto\/"},"modified":"2026-04-16T02:26:47","modified_gmt":"2026-04-15T23:26:47","slug":"mephisto","status":"publish","type":"product","link":"https:\/\/roveyayinevi.com.tr\/index.php\/urun\/mephisto\/","title":{"rendered":"Mephisto"},"content":{"rendered":"<p>\u201cMephisto, 1930\u2019lu y\u0131llarda fa\u015fizm y\u00fckselirken, boyun e\u011fme ve direnme, kariyer ve ahlak aras\u0131nda kalanlar\u0131n hik\u00e2yesini anlatan en iyi roman.\u201d DER SPIEGEL Mephisto: Bir Kariyerin Roman\u0131, Almanya\u2019da ki\u015filik haklar\u0131 nedeniyle uzun y\u0131llar yasaklanan, yay\u0131nland\u0131\u011f\u0131 tarihten itibaren ise f\u0131rt\u0131nalar kopar\u0131p k\u00fclt stat\u00fcs\u00fcne eri\u015fen bir ba\u015fyap\u0131t! Klaus Mann, 1930\u2019lu y\u0131llarda s\u00fcrg\u00fcndeyken yazd\u0131\u011f\u0131 bu romanla, babas\u0131 Thomas Mann\u2019\u0131n g\u00f6lgesinden \u00e7\u0131karak kendini ger\u00e7ek bir yazar olarak ispat ediyor. Zorbaya boyun e\u011fenlerin trajedisini, inand\u0131r\u0131c\u0131 ve derin karakterleriyle i\u015fleyen Mephisto, 1930\u2019lar Almanya\u2019s\u0131nda Naziler yava\u015f yava\u015f iktidara gelirken, \u015feytanla i\u015fbirli\u011fi yapan oyuncu Hendrik H\u00f6fgen\u2019in hik\u00e2yesini anlat\u0131yor. Nazilerin ideolojisinden hazzetmese de, kariyerinde y\u00fckselmek i\u00e7in iktidara hizmet eden ve bu u\u011furda \u00f6nce dostlar\u0131n\u0131, sonra da ruhunu kaybeden H\u00f6fgen, her devirde t\u00fcrl\u00fc t\u00fcrl\u00fc k\u0131l\u0131klarda kar\u015f\u0131m\u0131za \u00e7\u0131kan oport\u00fcnisti temsil ediyor. \u0130lk kez 1936 y\u0131l\u0131nda yay\u0131nlanan ama oyuncu Gustaf Gr\u00fcndgens\u2019in ki\u015filik haklar\u0131n\u0131 ihlal etti\u011fi gerek\u00e7esiyle uzun y\u0131llar yasakl\u0131 kalan roman, 1981 y\u0131l\u0131nda yeniden bas\u0131ld\u0131\u011f\u0131nda hemen \u00e7oksatarlar aras\u0131na girdi ve g\u00fcn\u00fcm\u00fcze kadar hep g\u00fcndemde kalmaya devam etti. 1981 y\u0131l\u0131nda Macar y\u00f6netmen Istv\u00e1n Sz\u00e1bo taraf\u0131ndan filme de al\u0131nan Mephisto, bug\u00fcn her zamankinden g\u00fcncel! \u0130ki d\u00fcnya sava\u015f\u0131 aras\u0131ndaki Almanya\u2019y\u0131, hatta Avrupa\u2019y\u0131 anlamak i\u00e7in bu roman\u0131 okumal\u0131.\u201d MARCEL REICH-RANICKI <\/p>\n","protected":false},"excerpt":{"rendered":"<p>\u201cMephisto, 1930\u2019lu y\u0131llarda fa\u015fizm y\u00fckselirken, boyun e\u011fme ve direnme, kariyer ve ahlak aras\u0131nda kalanlar\u0131n hik\u00e2yesini anlatan en iyi roman.\u201d DER SPIEGEL Mephisto: Bir Kariyerin Roman\u0131, Almanya\u2019da<span class=\"excerpt-hellip\"> [\u2026]<\/span><\/p>\n","protected":false},"featured_media":0,"template":"","meta":{"_monsterinsights_skip_tracking":false,"_monsterinsights_sitenote_active":false,"_monsterinsights_sitenote_note":"","_monsterinsights_sitenote_category":0},"product_brand":[],"product_cat":[12291,12711],"product_tag":[],"class_list":{"0":"post-718669","1":"product","2":"type-product","3":"status-publish","5":"product_cat-edebiyat","6":"product_cat-roman-oyku","7":"pa_cilt-ciltsiz","8":"pa_tur-kitap","9":"pa_yayinevi-everest-yayinlari","10":"pa_yazar-klaus-mann","12":"first","13":"instock","14":"sale","15":"shipping-taxable","16":"purchasable","17":"product-type-simple"},"_links":{"self":[{"href":"https:\/\/roveyayinevi.com.tr\/index.php\/wp-json\/wp\/v2\/product\/718669","targetHints":{"allow":["GET"]}}],"collection":[{"href":"https:\/\/roveyayinevi.com.tr\/index.php\/wp-json\/wp\/v2\/product"}],"about":[{"href":"https:\/\/roveyayinevi.com.tr\/index.php\/wp-json\/wp\/v2\/types\/product"}],"wp:attachment":[{"href":"https:\/\/roveyayinevi.com.tr\/index.php\/wp-json\/wp\/v2\/media?parent=718669"}],"wp:term":[{"taxonomy":"product_brand","embeddable":true,"href":"https:\/\/roveyayinevi.com.tr\/index.php\/wp-json\/wp\/v2\/product_brand?post=718669"},{"taxonomy":"product_cat","embeddable":true,"href":"https:\/\/roveyayinevi.com.tr\/index.php\/wp-json\/wp\/v2\/product_cat?post=718669"},{"taxonomy":"product_tag","embeddable":true,"href":"https:\/\/roveyayinevi.com.tr\/index.php\/wp-json\/wp\/v2\/product_tag?post=718669"}],"curies":[{"name":"wp","href":"https:\/\/api.w.org\/{rel}","templated":true}]}}