{"id":718668,"date":"2025-08-27T18:12:17","date_gmt":"2025-08-27T15:12:17","guid":{"rendered":"https:\/\/roveyayinevi.com.tr\/index.php\/urun\/eyvallah\/"},"modified":"2026-04-16T02:26:47","modified_gmt":"2026-04-15T23:26:47","slug":"eyvallah","status":"publish","type":"product","link":"https:\/\/roveyayinevi.com.tr\/index.php\/urun\/eyvallah\/","title":{"rendered":"Eyvallah"},"content":{"rendered":"<p>&#8220;F\u0131rt\u0131naya y\u00fckledi\u011fim s\u0131rr\u0131m\u0131, Tarlaya ekti\u011fim bereket tanemi, Ku\u015flara yem diye b\u0131rakt\u0131\u011f\u0131m bu\u011fday\u0131m\u0131, K\u00fcsk\u00fcn kald\u0131\u011f\u0131m hat\u0131ralar\u0131m\u0131, Selams\u0131z ge\u00e7ti\u011fim kom\u015fular\u0131m\u0131, al\u0131p \u00e7\u0131kt\u0131m yola.&#8221; <\/p>\n","protected":false},"excerpt":{"rendered":"<p>&#8220;F\u0131rt\u0131naya y\u00fckledi\u011fim s\u0131rr\u0131m\u0131, Tarlaya ekti\u011fim bereket tanemi, Ku\u015flara yem diye b\u0131rakt\u0131\u011f\u0131m bu\u011fday\u0131m\u0131, K\u00fcsk\u00fcn kald\u0131\u011f\u0131m hat\u0131ralar\u0131m\u0131, Selams\u0131z ge\u00e7ti\u011fim kom\u015fular\u0131m\u0131, al\u0131p \u00e7\u0131kt\u0131m yola.&#8221;<\/p>\n","protected":false},"featured_media":0,"template":"","meta":{"_monsterinsights_skip_tracking":false,"_monsterinsights_sitenote_active":false,"_monsterinsights_sitenote_note":"","_monsterinsights_sitenote_category":0},"product_brand":[],"product_cat":[12291,12509],"product_tag":[],"class_list":{"0":"post-718668","1":"product","2":"type-product","3":"status-publish","5":"product_cat-edebiyat","6":"product_cat-siir","7":"pa_cilt-ciltsiz","8":"pa_tur-kitap","9":"pa_yayinevi-luna-yayinlari","10":"pa_yazar-selma-hancer","12":"first","13":"instock","14":"sale","15":"shipping-taxable","16":"purchasable","17":"product-type-simple"},"_links":{"self":[{"href":"https:\/\/roveyayinevi.com.tr\/index.php\/wp-json\/wp\/v2\/product\/718668","targetHints":{"allow":["GET"]}}],"collection":[{"href":"https:\/\/roveyayinevi.com.tr\/index.php\/wp-json\/wp\/v2\/product"}],"about":[{"href":"https:\/\/roveyayinevi.com.tr\/index.php\/wp-json\/wp\/v2\/types\/product"}],"wp:attachment":[{"href":"https:\/\/roveyayinevi.com.tr\/index.php\/wp-json\/wp\/v2\/media?parent=718668"}],"wp:term":[{"taxonomy":"product_brand","embeddable":true,"href":"https:\/\/roveyayinevi.com.tr\/index.php\/wp-json\/wp\/v2\/product_brand?post=718668"},{"taxonomy":"product_cat","embeddable":true,"href":"https:\/\/roveyayinevi.com.tr\/index.php\/wp-json\/wp\/v2\/product_cat?post=718668"},{"taxonomy":"product_tag","embeddable":true,"href":"https:\/\/roveyayinevi.com.tr\/index.php\/wp-json\/wp\/v2\/product_tag?post=718668"}],"curies":[{"name":"wp","href":"https:\/\/api.w.org\/{rel}","templated":true}]}}