{"id":718666,"date":"2025-08-27T18:12:16","date_gmt":"2025-08-27T15:12:16","guid":{"rendered":"https:\/\/roveyayinevi.com.tr\/index.php\/urun\/ayni-sahnenin-baska-insanlari\/"},"modified":"2026-04-16T02:26:47","modified_gmt":"2026-04-15T23:26:47","slug":"ayni-sahnenin-baska-insanlari","status":"publish","type":"product","link":"https:\/\/roveyayinevi.com.tr\/index.php\/urun\/ayni-sahnenin-baska-insanlari\/","title":{"rendered":"Ayn\u0131 Sahnenin Ba\u015fka \u0130nsanlar\u0131"},"content":{"rendered":"<p>\u201cSahnenin sa\u011f yar\u0131s\u0131na, \u201cHangimiz Hakl\u0131\u201d oyununun dekoru (Mahkeme salonu), sol yar\u0131s\u0131na da \u201cHavalar da Bayaa So\u011fudu\u201d oyununun dekoru (Nik\u00e2h dairesi) yerle\u015ftirilmi\u015fti. Bu iki dekor, panolarla b\u00f6l\u00fcnm\u00fc\u015ft\u00fc. Bu panolar, oyuncular\u0131n birbirlerini g\u00f6rmelerini engellemekteydi\u2026\u201d   Bir tiyatro sahnesi\u2026 Ayn\u0131 sahne \u00fczerine kurulmu\u015f iki farkl\u0131 oyun dekoru\u2026 Seyirciler aras\u0131na konu\u015flanm\u0131\u015f Hollywood prod\u00fckt\u00f6rleri\u2026 Polisler\u2026 Birbirinden habersiz oyuncular, yap\u0131mc\u0131, y\u00f6netmen\u2026 Volkan \u015eipka bu eserinde okurlara tiyatro kulislerinin bilinmeyen y\u00f6nlerini mizahi bir dille okurlara aktar\u0131yor. \u201cAyn\u0131 Sahnenin Ba\u015fka \u0130nsanlar\u0131\u201d e\u011flenceli bir okuma vadeden bir ilk roman.  <\/p>\n","protected":false},"excerpt":{"rendered":"<p>\u201cSahnenin sa\u011f yar\u0131s\u0131na, \u201cHangimiz Hakl\u0131\u201d oyununun dekoru (Mahkeme salonu), sol yar\u0131s\u0131na da \u201cHavalar da Bayaa So\u011fudu\u201d oyununun dekoru (Nik\u00e2h dairesi) yerle\u015ftirilmi\u015fti. Bu iki dekor, panolarla b\u00f6l\u00fcnm\u00fc\u015ft\u00fc.<span class=\"excerpt-hellip\"> [\u2026]<\/span><\/p>\n","protected":false},"featured_media":0,"template":"","meta":{"_monsterinsights_skip_tracking":false,"_monsterinsights_sitenote_active":false,"_monsterinsights_sitenote_note":"","_monsterinsights_sitenote_category":0},"product_brand":[],"product_cat":[12291,14825],"product_tag":[],"class_list":{"0":"post-718666","1":"product","2":"type-product","3":"status-publish","5":"product_cat-edebiyat","6":"product_cat-mizah","7":"pa_cilt-ciltsiz","8":"pa_tur-kitap","9":"pa_yayinevi-luna-yayinlari","10":"pa_yazar-volkan-sipka","12":"first","13":"instock","14":"sale","15":"shipping-taxable","16":"purchasable","17":"product-type-simple"},"_links":{"self":[{"href":"https:\/\/roveyayinevi.com.tr\/index.php\/wp-json\/wp\/v2\/product\/718666","targetHints":{"allow":["GET"]}}],"collection":[{"href":"https:\/\/roveyayinevi.com.tr\/index.php\/wp-json\/wp\/v2\/product"}],"about":[{"href":"https:\/\/roveyayinevi.com.tr\/index.php\/wp-json\/wp\/v2\/types\/product"}],"wp:attachment":[{"href":"https:\/\/roveyayinevi.com.tr\/index.php\/wp-json\/wp\/v2\/media?parent=718666"}],"wp:term":[{"taxonomy":"product_brand","embeddable":true,"href":"https:\/\/roveyayinevi.com.tr\/index.php\/wp-json\/wp\/v2\/product_brand?post=718666"},{"taxonomy":"product_cat","embeddable":true,"href":"https:\/\/roveyayinevi.com.tr\/index.php\/wp-json\/wp\/v2\/product_cat?post=718666"},{"taxonomy":"product_tag","embeddable":true,"href":"https:\/\/roveyayinevi.com.tr\/index.php\/wp-json\/wp\/v2\/product_tag?post=718666"}],"curies":[{"name":"wp","href":"https:\/\/api.w.org\/{rel}","templated":true}]}}