{"id":718664,"date":"2025-08-27T18:12:14","date_gmt":"2025-08-27T15:12:14","guid":{"rendered":"https:\/\/roveyayinevi.com.tr\/index.php\/urun\/ifsa-2\/"},"modified":"2026-04-16T02:26:47","modified_gmt":"2026-04-15T23:26:47","slug":"ifsa-2","status":"publish","type":"product","link":"https:\/\/roveyayinevi.com.tr\/index.php\/urun\/ifsa-2\/","title":{"rendered":"\u0130f\u015fa"},"content":{"rendered":"<p>M\u0130T\u2019i kibrit kutusu ile kimler dinledi? M\u0130T M\u00fcste\u015far\u0131 Hakan Fidan\u2019\u0131n \u00f6zel kalem m\u00fcd\u00fcr\u00fc hangi operasyonla tutukland\u0131?Te\u015fkilata s\u0131zan k\u00f6stebeklere hangi siyasiler referans oldu?\u0130stihbarat\u00e7\u0131 kar\u0131 kocan\u0131n s\u0131rr\u0131 neydi?Uluslararas\u0131 konferansta T\u00fcrkiye\u2019yi temsil eden hangi T\u00fcrk diplomat \u0130svi\u00e7re\u2019ye s\u0131\u011f\u0131nma talep etti?17-25 Aral\u0131k krizinde Pensilvanya-Ankara hatt\u0131nda kimler kuryelik yapt\u0131?O i\u015f insan\u0131 Zaman gazetesinin hisselerini neden ald\u0131?Soru\u015fturmalardan aklanmas\u0131n\u0131n s\u0131rr\u0131 ne?Fetullah G\u00fclen futbola el atmaya ne zaman, neden karar verdi?Cemaate direnen efsane kul\u00fcp ba\u015fkan\u0131 kim?Hangi futbolcular \u00f6rg\u00fct\u00fc anlatt\u0131? Hangi futbolcular soru\u015fturulmad\u0131?Dan\u0131\u015ftay\u2019\u0131n kap\u0131s\u0131ndaki darbe \u015fifresi neydi?Hangi Cumhurba\u015fkan\u0131\u2019n\u0131n Dan\u0131\u015ftay\u2019a atad\u0131\u011f\u0131 h\u00e2kimler \u00f6rg\u00fct militan\u0131 \u00e7\u0131kt\u0131?Otomobildeki 14 ki\u015finin s\u0131rr\u0131&#8230;121 soru\u015fturma, 114 dava a\u00e7\u0131lan gazeteci kim?T\u00fcrkiye\u2019nin yak\u0131ndan tan\u0131d\u0131\u011f\u0131 emniyet m\u00fcd\u00fcr\u00fc nas\u0131l ortadan kayboldu?Katalog kad\u0131nlar\u0131n s\u0131rr\u0131 neydi?Bu ger\u00e7ekler hi\u00e7 anlat\u0131lmad\u0131.\u015eimdi \u0130f\u015fa zaman\u0131&#8230;<\/p>\n","protected":false},"excerpt":{"rendered":"<p>M\u0130T\u2019i kibrit kutusu ile kimler dinledi? M\u0130T M\u00fcste\u015far\u0131 Hakan Fidan\u2019\u0131n \u00f6zel kalem m\u00fcd\u00fcr\u00fc hangi operasyonla tutukland\u0131?Te\u015fkilata s\u0131zan k\u00f6stebeklere hangi siyasiler referans oldu?\u0130stihbarat\u00e7\u0131 kar\u0131 kocan\u0131n s\u0131rr\u0131 neydi?Uluslararas\u0131<span class=\"excerpt-hellip\"> [\u2026]<\/span><\/p>\n","protected":false},"featured_media":0,"template":"","meta":{"_monsterinsights_skip_tracking":false,"_monsterinsights_sitenote_active":false,"_monsterinsights_sitenote_note":"","_monsterinsights_sitenote_category":0},"product_brand":[],"product_cat":[13590,12337],"product_tag":[],"class_list":{"0":"post-718664","1":"product","2":"type-product","3":"status-publish","5":"product_cat-arastirma-inceleme-politika-siyaset","6":"product_cat-politika-siyaset","7":"pa_cilt-ciltsiz","8":"pa_tur-kitap","9":"pa_yayinevi-kirmizi-kedi-yayinevi","10":"pa_yazar-toygun-atilla","12":"first","13":"instock","14":"sale","15":"shipping-taxable","16":"purchasable","17":"product-type-simple"},"_links":{"self":[{"href":"https:\/\/roveyayinevi.com.tr\/index.php\/wp-json\/wp\/v2\/product\/718664","targetHints":{"allow":["GET"]}}],"collection":[{"href":"https:\/\/roveyayinevi.com.tr\/index.php\/wp-json\/wp\/v2\/product"}],"about":[{"href":"https:\/\/roveyayinevi.com.tr\/index.php\/wp-json\/wp\/v2\/types\/product"}],"wp:attachment":[{"href":"https:\/\/roveyayinevi.com.tr\/index.php\/wp-json\/wp\/v2\/media?parent=718664"}],"wp:term":[{"taxonomy":"product_brand","embeddable":true,"href":"https:\/\/roveyayinevi.com.tr\/index.php\/wp-json\/wp\/v2\/product_brand?post=718664"},{"taxonomy":"product_cat","embeddable":true,"href":"https:\/\/roveyayinevi.com.tr\/index.php\/wp-json\/wp\/v2\/product_cat?post=718664"},{"taxonomy":"product_tag","embeddable":true,"href":"https:\/\/roveyayinevi.com.tr\/index.php\/wp-json\/wp\/v2\/product_tag?post=718664"}],"curies":[{"name":"wp","href":"https:\/\/api.w.org\/{rel}","templated":true}]}}