{"id":718662,"date":"2025-08-27T18:12:13","date_gmt":"2025-08-27T15:12:13","guid":{"rendered":"https:\/\/roveyayinevi.com.tr\/index.php\/urun\/kuran\/"},"modified":"2026-04-16T02:26:47","modified_gmt":"2026-04-15T23:26:47","slug":"kuran","status":"publish","type":"product","link":"https:\/\/roveyayinevi.com.tr\/index.php\/urun\/kuran\/","title":{"rendered":"Kur\u2019an"},"content":{"rendered":"<p>Instagram, Facebook, Twitter sayfalar\u0131nda \u00fccretli reklam \u00e7al\u0131\u015fmalar\u0131 OdaTV, Kitap Eki, Edebiyat Haber, Kalem Kahve Klavye, Kitapyurdu banner alanlar\u0131 Gazete ve dergilerde haber ve yorum&#8230; <\/p>\n","protected":false},"excerpt":{"rendered":"<p>Instagram, Facebook, Twitter sayfalar\u0131nda \u00fccretli reklam \u00e7al\u0131\u015fmalar\u0131 OdaTV, Kitap Eki, Edebiyat Haber, Kalem Kahve Klavye, Kitapyurdu banner alanlar\u0131 Gazete ve dergilerde haber ve yorum&#8230;<\/p>\n","protected":false},"featured_media":0,"template":"","meta":{"_monsterinsights_skip_tracking":false,"_monsterinsights_sitenote_active":false,"_monsterinsights_sitenote_note":"","_monsterinsights_sitenote_category":0},"product_brand":[],"product_cat":[12718,12719,17284],"product_tag":[],"class_list":{"0":"post-718662","1":"product","2":"type-product","3":"status-publish","5":"product_cat-din","6":"product_cat-islam","7":"product_cat-kuran-ve-kuran-uzerine","8":"pa_cilt-ciltsiz","9":"pa_tur-kitap","10":"pa_yayinevi-destek-yayinlari","11":"pa_yazar-huseyin-atay","13":"first","14":"instock","15":"sale","16":"shipping-taxable","17":"purchasable","18":"product-type-simple"},"_links":{"self":[{"href":"https:\/\/roveyayinevi.com.tr\/index.php\/wp-json\/wp\/v2\/product\/718662","targetHints":{"allow":["GET"]}}],"collection":[{"href":"https:\/\/roveyayinevi.com.tr\/index.php\/wp-json\/wp\/v2\/product"}],"about":[{"href":"https:\/\/roveyayinevi.com.tr\/index.php\/wp-json\/wp\/v2\/types\/product"}],"wp:attachment":[{"href":"https:\/\/roveyayinevi.com.tr\/index.php\/wp-json\/wp\/v2\/media?parent=718662"}],"wp:term":[{"taxonomy":"product_brand","embeddable":true,"href":"https:\/\/roveyayinevi.com.tr\/index.php\/wp-json\/wp\/v2\/product_brand?post=718662"},{"taxonomy":"product_cat","embeddable":true,"href":"https:\/\/roveyayinevi.com.tr\/index.php\/wp-json\/wp\/v2\/product_cat?post=718662"},{"taxonomy":"product_tag","embeddable":true,"href":"https:\/\/roveyayinevi.com.tr\/index.php\/wp-json\/wp\/v2\/product_tag?post=718662"}],"curies":[{"name":"wp","href":"https:\/\/api.w.org\/{rel}","templated":true}]}}