{"id":718661,"date":"2025-08-27T18:12:13","date_gmt":"2025-08-27T15:12:13","guid":{"rendered":"https:\/\/roveyayinevi.com.tr\/index.php\/urun\/saman-aynasi\/"},"modified":"2026-04-16T02:26:47","modified_gmt":"2026-04-15T23:26:47","slug":"saman-aynasi","status":"publish","type":"product","link":"https:\/\/roveyayinevi.com.tr\/index.php\/urun\/saman-aynasi\/","title":{"rendered":"\u015eaman Aynas\u0131"},"content":{"rendered":"<p>Dilekler g\u00f6ky\u00fcz\u00fcne nas\u0131l ula\u015ft\u0131r\u0131l\u0131r? Binlerce y\u0131ld\u0131r kullan\u0131lan kadim dilek dileme y\u00f6ntemleri nelerdir? Hangi mevsimlerde hangi rit\u00fcellerle niyetler atalara bildirilir? \u0130\u00e7sel kuvvete nas\u0131l sahip olunur? Do\u011fum tarihine g\u00f6re kimler hangi co\u011frafyada ya\u015famal\u0131d\u0131r? Erk hayvanlar\u0131, rehberlik edece\u011fi insan\u0131 nas\u0131l bulur ve neyin haberini verir? D\u0131\u015f do\u011fa ile insan\u0131n i\u00e7 do\u011fas\u0131 aras\u0131ndaki kusursuz benzerlikler nelerdir? D\u0131\u015far\u0131daki do\u011fay\u0131 de\u011fi\u015ftirerek, insan\u0131n i\u00e7 do\u011fas\u0131n\u0131 de\u011fi\u015ftirmesi m\u00fcmk\u00fcn m\u00fc? Yazg\u0131 de\u011fi\u015fir mi? Hangi yazg\u0131yla d\u00fcnyaya geldi\u011fimizi nas\u0131l \u00f6\u011frenebiliriz? Her \u015fey ruhlu mudur? Kara d\u00fc\u015f\u00fcnceler neye mal olur ve nas\u0131l temizlenir? 12 Hayvanl\u0131 T\u00fcrk Takvimi\u2019ne g\u00f6re hangi bur\u00e7 hangi kokuyla \u015fifalan\u0131r? Parf\u00fcmler, kokuyla ilhamlanmay\u0131 unutturdu mu?   Binlerce y\u0131ld\u0131r do\u011fayla ve do\u011fan\u0131n iyeleriyle uyum i\u00e7inde ya\u015fayan \u015eamanlar, kadim \u00f6\u011fretilerinin rehberli\u011fiyle hayat\u0131 yeniden \u015fekillendirmenin yollar\u0131n\u0131 iyi biliyorlar ve kusursuzca uyguluyorlard\u0131. T\u00fcrk\u00e7ede ilk kez ger\u00e7ek bir T\u00fcrk Kham\u2019\u0131n kaleme ald\u0131\u011f\u0131 \u015eAMAN AYNASI, sadece \u00e7evresel hayat\u0131 g\u00fczelle\u015ftirmeyi de\u011fil, i\u00e7sel olgunlu\u011fa eri\u015fmenin rit\u00fcellerini ve geleneklerini de ayr\u0131nt\u0131l\u0131 ve a\u00e7\u0131klay\u0131c\u0131 bi\u00e7imde ortaya koyuyor. Dileklerin ger\u00e7ekle\u015fmesi de, mistik g\u00fc\u00e7lerin artmas\u0131 da m\u00fcmk\u00fcn&#8230; Yeter ki do\u011fru zamanda, do\u011fru \u015fekilde, do\u011fru rit\u00fceller uygulanabilmi\u015f olsun. Atalar, do\u011fan\u0131n arac\u0131l\u0131\u011f\u0131yla her an insano\u011fluyla temas halindedirler. <\/p>\n","protected":false},"excerpt":{"rendered":"<p>Dilekler g\u00f6ky\u00fcz\u00fcne nas\u0131l ula\u015ft\u0131r\u0131l\u0131r? Binlerce y\u0131ld\u0131r kullan\u0131lan kadim dilek dileme y\u00f6ntemleri nelerdir? Hangi mevsimlerde hangi rit\u00fcellerle niyetler atalara bildirilir? \u0130\u00e7sel kuvvete nas\u0131l sahip olunur? Do\u011fum tarihine<span class=\"excerpt-hellip\"> [\u2026]<\/span><\/p>\n","protected":false},"featured_media":0,"template":"","meta":{"_monsterinsights_skip_tracking":false,"_monsterinsights_sitenote_active":false,"_monsterinsights_sitenote_note":"","_monsterinsights_sitenote_category":0},"product_brand":[],"product_cat":[12364,12376],"product_tag":[],"class_list":{"0":"post-718661","1":"product","2":"type-product","3":"status-publish","5":"product_cat-genel-konular","6":"product_cat-kisisel-gelisim","7":"pa_cilt-ciltsiz","8":"pa_tur-kitap","9":"pa_yayinevi-destek-yayinlari","10":"pa_yazar-asu-mansur","12":"first","13":"instock","14":"sale","15":"shipping-taxable","16":"purchasable","17":"product-type-simple"},"_links":{"self":[{"href":"https:\/\/roveyayinevi.com.tr\/index.php\/wp-json\/wp\/v2\/product\/718661","targetHints":{"allow":["GET"]}}],"collection":[{"href":"https:\/\/roveyayinevi.com.tr\/index.php\/wp-json\/wp\/v2\/product"}],"about":[{"href":"https:\/\/roveyayinevi.com.tr\/index.php\/wp-json\/wp\/v2\/types\/product"}],"wp:attachment":[{"href":"https:\/\/roveyayinevi.com.tr\/index.php\/wp-json\/wp\/v2\/media?parent=718661"}],"wp:term":[{"taxonomy":"product_brand","embeddable":true,"href":"https:\/\/roveyayinevi.com.tr\/index.php\/wp-json\/wp\/v2\/product_brand?post=718661"},{"taxonomy":"product_cat","embeddable":true,"href":"https:\/\/roveyayinevi.com.tr\/index.php\/wp-json\/wp\/v2\/product_cat?post=718661"},{"taxonomy":"product_tag","embeddable":true,"href":"https:\/\/roveyayinevi.com.tr\/index.php\/wp-json\/wp\/v2\/product_tag?post=718661"}],"curies":[{"name":"wp","href":"https:\/\/api.w.org\/{rel}","templated":true}]}}