{"id":718659,"date":"2025-08-27T18:12:11","date_gmt":"2025-08-27T15:12:11","guid":{"rendered":"https:\/\/roveyayinevi.com.tr\/index.php\/urun\/dustugunde-kalkarsan-hayat-guzeldir\/"},"modified":"2026-04-16T02:26:47","modified_gmt":"2026-04-15T23:26:47","slug":"dustugunde-kalkarsan-hayat-guzeldir","status":"publish","type":"product","link":"https:\/\/roveyayinevi.com.tr\/index.php\/urun\/dustugunde-kalkarsan-hayat-guzeldir\/","title":{"rendered":"D\u00fc\u015ft\u00fc\u011f\u00fcnde Kalkarsan Hayat G\u00fczeldir"},"content":{"rendered":"<p>Ya\u015fanmam\u0131\u015f bir hayattan daha \u00fcz\u00fcc\u00fc ne olabilir? Ya\u015fam size ne getirir bilemezsiniz ama sizden ne g\u00f6t\u00fcrece\u011fini siz belirlersiniz. \u0130nsan\u0131z. Yanl\u0131\u015flar\u0131m\u0131zla do\u011frular\u0131m\u0131zla, ba\u015far\u0131lar\u0131m\u0131zla ba\u015far\u0131s\u0131zl\u0131klar\u0131m\u0131zla, sevdiklerimizle sevemediklerimizle, yapt\u0131\u011f\u0131m\u0131z ve var oldu\u011fumuz her \u015feyde her an geli\u015fiyor ve b\u00fcy\u00fcyoruz.   Bazen can\u0131m\u0131z o kadar ac\u0131yor ki hayata k\u00fcs\u00fcp b\u00fcy\u00fcmeyi ve geli\u015fmeyi unutuyoruz. Oysa varl\u0131\u011f\u0131m\u0131z\u0131n en anlaml\u0131 k\u0131sm\u0131 hatalar\u0131m\u0131zdan, tecr\u00fcbelerimizden ders alarak geli\u015fmek, ilerlemek ve en b\u00fcy\u00fck besinimiz sevgiye her zaman yer a\u00e7makt\u0131r. Unutmay\u0131n, hi\u00e7bir zaman, bir daha sevemeyecek, yeni bir hedefin pe\u015fine d\u00fc\u015femeyecek, yeni hayaller kuramayacak kadar ya\u015flanmayacaks\u0131n\u0131z. H\u00e2l\u00e2 nefes al\u0131yorken ya\u015famdan istedi\u011finizi al\u0131n.   Neden yanl\u0131\u015f ki\u015fiye \u00e2\u015f\u0131k oluruz? Neden kimseye hay\u0131r diyemeyiz? Neden ili\u015fki kurmaktan ve ba\u011flanmaktan korkar\u0131z? \u0130li\u015fkilerde kaybettiren davran\u0131\u015flar nelerdir? Sevdi\u011finiz ki\u015fiyi evlili\u011fe nas\u0131l ikna edersiniz? Nas\u0131l kendiniz olursunuz? \u00d6zg\u00fcven nas\u0131l kazan\u0131l\u0131r? Ge\u00e7mi\u015f travmalarla nas\u0131l ba\u015fa \u00e7\u0131k\u0131l\u0131r? Hayat\u0131n\u0131z\u0131 nas\u0131l de\u011fi\u015ftirirsiniz? Mutluluk yan\u0131lsamas\u0131 nedir? Neden hep mutsuz hissederiz? <\/p>\n","protected":false},"excerpt":{"rendered":"<p>Ya\u015fanmam\u0131\u015f bir hayattan daha \u00fcz\u00fcc\u00fc ne olabilir? Ya\u015fam size ne getirir bilemezsiniz ama sizden ne g\u00f6t\u00fcrece\u011fini siz belirlersiniz. \u0130nsan\u0131z. Yanl\u0131\u015flar\u0131m\u0131zla do\u011frular\u0131m\u0131zla, ba\u015far\u0131lar\u0131m\u0131zla ba\u015far\u0131s\u0131zl\u0131klar\u0131m\u0131zla, sevdiklerimizle sevemediklerimizle, yapt\u0131\u011f\u0131m\u0131z<span class=\"excerpt-hellip\"> [\u2026]<\/span><\/p>\n","protected":false},"featured_media":0,"template":"","meta":{"_monsterinsights_skip_tracking":false,"_monsterinsights_sitenote_active":false,"_monsterinsights_sitenote_note":"","_monsterinsights_sitenote_category":0},"product_brand":[],"product_cat":[12358,12357],"product_tag":[],"class_list":{"0":"post-718659","1":"product","2":"type-product","3":"status-publish","5":"product_cat-genel-psikoloji","6":"product_cat-psikoloji","7":"pa_cilt-ciltsiz","8":"pa_tur-kitap","9":"pa_yayinevi-destek-yayinlari","10":"pa_yazar-esra-ezmeci","12":"first","13":"instock","14":"sale","15":"shipping-taxable","16":"purchasable","17":"product-type-simple"},"_links":{"self":[{"href":"https:\/\/roveyayinevi.com.tr\/index.php\/wp-json\/wp\/v2\/product\/718659","targetHints":{"allow":["GET"]}}],"collection":[{"href":"https:\/\/roveyayinevi.com.tr\/index.php\/wp-json\/wp\/v2\/product"}],"about":[{"href":"https:\/\/roveyayinevi.com.tr\/index.php\/wp-json\/wp\/v2\/types\/product"}],"wp:attachment":[{"href":"https:\/\/roveyayinevi.com.tr\/index.php\/wp-json\/wp\/v2\/media?parent=718659"}],"wp:term":[{"taxonomy":"product_brand","embeddable":true,"href":"https:\/\/roveyayinevi.com.tr\/index.php\/wp-json\/wp\/v2\/product_brand?post=718659"},{"taxonomy":"product_cat","embeddable":true,"href":"https:\/\/roveyayinevi.com.tr\/index.php\/wp-json\/wp\/v2\/product_cat?post=718659"},{"taxonomy":"product_tag","embeddable":true,"href":"https:\/\/roveyayinevi.com.tr\/index.php\/wp-json\/wp\/v2\/product_tag?post=718659"}],"curies":[{"name":"wp","href":"https:\/\/api.w.org\/{rel}","templated":true}]}}