{"id":718658,"date":"2025-08-27T18:12:10","date_gmt":"2025-08-27T15:12:10","guid":{"rendered":"https:\/\/roveyayinevi.com.tr\/index.php\/urun\/icimizdeki-seytan-12\/"},"modified":"2026-04-16T02:26:47","modified_gmt":"2026-04-15T23:26:47","slug":"icimizdeki-seytan-12","status":"publish","type":"product","link":"https:\/\/roveyayinevi.com.tr\/index.php\/urun\/icimizdeki-seytan-12\/","title":{"rendered":"\u0130\u00e7imizdeki \u015eeytan"},"content":{"rendered":"<p>Yazar\u0131n en \u00e7ok okunan romanlar\u0131ndan&#8230;Sabahattin Ali, \u0130\u00e7imizdeki \u015eeytan adl\u0131 bu roman\u0131nda, bize erken Cumhuriyet d\u00f6neminde Bal\u0131kesir\u2019de ba\u015flay\u0131p \u0130stanbul\u2019a uzanan bir a\u015fk \u00f6yk\u00fcs\u00fc sunuyor. Bu a\u015fk \u00f6yk\u00fcs\u00fcndeki ki\u015filer, toplumsal yap\u0131 farkl\u0131l\u0131klar\u0131yla, d\u00fcnya g\u00f6r\u00fc\u015flerindeki uyumsuzlukla \u00f6ne \u00e7\u0131k\u0131yorlar. Toplumsal ger\u00e7ek\u00e7i edebiyat\u0131m\u0131z\u0131n ba\u015fyap\u0131tlar\u0131 aras\u0131nda say\u0131lan \u0130\u00e7imizdeki \u015eeytan, k\u0131rsal k\u00f6kenli ve kentli bireylerin \u00f6zlem, ihtiras ve t\u00f6kezlemelerini canl\u0131 bir \u00fcslupla yans\u0131t\u0131yor.<\/p>\n","protected":false},"excerpt":{"rendered":"<p>Yazar\u0131n en \u00e7ok okunan romanlar\u0131ndan&#8230;Sabahattin Ali, \u0130\u00e7imizdeki \u015eeytan adl\u0131 bu roman\u0131nda, bize erken Cumhuriyet d\u00f6neminde Bal\u0131kesir\u2019de ba\u015flay\u0131p \u0130stanbul\u2019a uzanan bir a\u015fk \u00f6yk\u00fcs\u00fc sunuyor. Bu a\u015fk \u00f6yk\u00fcs\u00fcndeki<span class=\"excerpt-hellip\"> [\u2026]<\/span><\/p>\n","protected":false},"featured_media":0,"template":"","meta":{"_monsterinsights_skip_tracking":false,"_monsterinsights_sitenote_active":false,"_monsterinsights_sitenote_note":"","_monsterinsights_sitenote_category":0},"product_brand":[],"product_cat":[12291,12711],"product_tag":[],"class_list":{"0":"post-718658","1":"product","2":"type-product","3":"status-publish","5":"product_cat-edebiyat","6":"product_cat-roman-oyku","7":"pa_cilt-ciltsiz","8":"pa_tur-kitap","9":"pa_yayinevi-remzi-kitabevi","10":"pa_yazar-sabahattin-ali","12":"first","13":"instock","14":"sale","15":"shipping-taxable","16":"purchasable","17":"product-type-simple"},"_links":{"self":[{"href":"https:\/\/roveyayinevi.com.tr\/index.php\/wp-json\/wp\/v2\/product\/718658","targetHints":{"allow":["GET"]}}],"collection":[{"href":"https:\/\/roveyayinevi.com.tr\/index.php\/wp-json\/wp\/v2\/product"}],"about":[{"href":"https:\/\/roveyayinevi.com.tr\/index.php\/wp-json\/wp\/v2\/types\/product"}],"wp:attachment":[{"href":"https:\/\/roveyayinevi.com.tr\/index.php\/wp-json\/wp\/v2\/media?parent=718658"}],"wp:term":[{"taxonomy":"product_brand","embeddable":true,"href":"https:\/\/roveyayinevi.com.tr\/index.php\/wp-json\/wp\/v2\/product_brand?post=718658"},{"taxonomy":"product_cat","embeddable":true,"href":"https:\/\/roveyayinevi.com.tr\/index.php\/wp-json\/wp\/v2\/product_cat?post=718658"},{"taxonomy":"product_tag","embeddable":true,"href":"https:\/\/roveyayinevi.com.tr\/index.php\/wp-json\/wp\/v2\/product_tag?post=718658"}],"curies":[{"name":"wp","href":"https:\/\/api.w.org\/{rel}","templated":true}]}}