{"id":718657,"date":"2025-08-27T18:12:10","date_gmt":"2025-08-27T15:12:10","guid":{"rendered":"https:\/\/roveyayinevi.com.tr\/index.php\/urun\/marksizm\/"},"modified":"2026-04-16T02:26:47","modified_gmt":"2026-04-15T23:26:47","slug":"marksizm","status":"publish","type":"product","link":"https:\/\/roveyayinevi.com.tr\/index.php\/urun\/marksizm\/","title":{"rendered":"Marksizm"},"content":{"rendered":"<p>Henri Lefebvre\u2019in d\u00fcnyay\u0131, toplumsal \u00e7alkant\u0131 ve \u00fcretim ili\u015fkilerini kavramak ve yorumlamakta ba\u015fat k\u0131lavuzlardan biri olan Marksizmi temellendirmedeki katk\u0131s\u0131 kesinlikle g\u00f6z ard\u0131 edilemez. Ku\u015faklar boyunca okunmu\u015f ve okunmaya devam edecek bu \u00e7al\u0131\u015fmas\u0131nda Lefebvre, Marksizmi felsefi, ahlaki, sosyolojik, tarihsel, iktisadi ve siyasi y\u00f6nleriyle ele alarak; her d\u00f6nem derin sars\u0131nt\u0131lar yaratm\u0131\u015f ve yaratacak olan bu ideolojiyi dogmatizme d\u00fc\u015fmeden, kendine \u00f6zg\u00fc geni\u015f kavray\u0131\u015f\u0131yla, \u00f6zl\u00fc ve anla\u015f\u0131l\u0131r bir ifadeyle aktar\u0131yor.Etkisi g\u00f6r\u00fclmeye ba\u015flad\u0131\u011f\u0131 andan itibaren pek \u00e7ok yanl\u0131\u015f yorumlamaya da konu olmu\u015f Marksizme dair bu giri\u015f kitab\u0131, Marksist felsefeyi oldu\u011fu kadar, Marx\u2019\u0131n, d\u00fc\u015f\u00fcncesini temellendirmek i\u00e7in kulland\u0131\u011f\u0131 tarihsel analizi ve bilimsel yakla\u015f\u0131m\u0131 ortaya koyarken, siyasi ve sosyolojik olarak tarihe damgas\u0131n\u0131 vurmu\u015f bu d\u00fcnya g\u00f6r\u00fc\u015f\u00fcn\u00fc en bildik iki ve\u00e7heye, iktisada ve topluma indirgemekten de \u00f6zenle ka\u00e7\u0131narak gereken ba\u011flama oturtuyor.<\/p>\n","protected":false},"excerpt":{"rendered":"<p>Henri Lefebvre\u2019in d\u00fcnyay\u0131, toplumsal \u00e7alkant\u0131 ve \u00fcretim ili\u015fkilerini kavramak ve yorumlamakta ba\u015fat k\u0131lavuzlardan biri olan Marksizmi temellendirmedeki katk\u0131s\u0131 kesinlikle g\u00f6z ard\u0131 edilemez. Ku\u015faklar boyunca okunmu\u015f ve<span class=\"excerpt-hellip\"> [\u2026]<\/span><\/p>\n","protected":false},"featured_media":0,"template":"","meta":{"_monsterinsights_skip_tracking":false,"_monsterinsights_sitenote_active":false,"_monsterinsights_sitenote_note":"","_monsterinsights_sitenote_category":0},"product_brand":[],"product_cat":[12325,12324],"product_tag":[],"class_list":{"0":"post-718657","1":"product","2":"type-product","3":"status-publish","5":"product_cat-diger-sosyoloji","6":"product_cat-sosyoloji","7":"pa_cilt-ciltsiz","8":"pa_tur-kitap","9":"pa_yayinevi-sel-yayincilik","10":"pa_yazar-henri-lefebvre","12":"first","13":"instock","14":"sale","15":"shipping-taxable","16":"purchasable","17":"product-type-simple"},"_links":{"self":[{"href":"https:\/\/roveyayinevi.com.tr\/index.php\/wp-json\/wp\/v2\/product\/718657","targetHints":{"allow":["GET"]}}],"collection":[{"href":"https:\/\/roveyayinevi.com.tr\/index.php\/wp-json\/wp\/v2\/product"}],"about":[{"href":"https:\/\/roveyayinevi.com.tr\/index.php\/wp-json\/wp\/v2\/types\/product"}],"wp:attachment":[{"href":"https:\/\/roveyayinevi.com.tr\/index.php\/wp-json\/wp\/v2\/media?parent=718657"}],"wp:term":[{"taxonomy":"product_brand","embeddable":true,"href":"https:\/\/roveyayinevi.com.tr\/index.php\/wp-json\/wp\/v2\/product_brand?post=718657"},{"taxonomy":"product_cat","embeddable":true,"href":"https:\/\/roveyayinevi.com.tr\/index.php\/wp-json\/wp\/v2\/product_cat?post=718657"},{"taxonomy":"product_tag","embeddable":true,"href":"https:\/\/roveyayinevi.com.tr\/index.php\/wp-json\/wp\/v2\/product_tag?post=718657"}],"curies":[{"name":"wp","href":"https:\/\/api.w.org\/{rel}","templated":true}]}}