{"id":718655,"date":"2025-08-27T18:12:09","date_gmt":"2025-08-27T15:12:09","guid":{"rendered":"https:\/\/roveyayinevi.com.tr\/index.php\/urun\/karadenizde-isyan-mubadele-ve-propaganda\/"},"modified":"2026-04-16T02:26:47","modified_gmt":"2026-04-15T23:26:47","slug":"karadenizde-isyan-mubadele-ve-propaganda","status":"publish","type":"product","link":"https:\/\/roveyayinevi.com.tr\/index.php\/urun\/karadenizde-isyan-mubadele-ve-propaganda\/","title":{"rendered":"Karadeniz&#8217;de \u0130syan M\u00fcbadele ve Propaganda"},"content":{"rendered":"<p>Bu kitap; Karadeniz&#8217;de ge\u00e7en y\u00fczy\u0131l\u0131n ba\u015f\u0131nda d\u00f6nemin emperyal g\u00fc\u00e7lerinin te\u015fvik ve y\u00f6nlendirmesiyle vatanda\u015f\u0131 olduklar\u0131 Osmanl\u0131 Devleti&#8217;ne isyan eden Rumlar ve Yunanistan&#8217;\u0131n yol a\u00e7t\u0131\u011f\u0131 olaylarla ilgilidir. Eser, ayn\u0131 zamanda uluslararas\u0131 antla\u015fmalara dayal\u0131 olarak T\u00fcrkiye ve Yunanistan aras\u0131nda ya\u015fanan m\u00fcbadele ve g\u00fcn\u00fcm\u00fczde s\u00f6zde Pontus iddialar\u0131yla ilgili Yunanistan&#8217;\u0131n y\u00fcr\u00fctt\u00fc\u011f\u00fc propagandan\u0131n daha iyi anla\u015f\u0131lmas\u0131, anlamland\u0131r\u0131lmas\u0131 ve gelece\u011fine y\u00f6nelik akademik ve entelekt\u00fcel \u00e7al\u0131\u015fmalar yap\u0131lmas\u0131na katk\u0131 sa\u011flamaya y\u00f6nelik bir \u00e7al\u0131\u015fmad\u0131r.Ge\u00e7en y\u00fczy\u0131l\u0131n ba\u015f\u0131nda Karadeniz B\u00f6lgesi&#8217;nde ya\u015fananlar\u0131 olgusal verilerden hareketle tart\u0131\u015fan bilimsel \u00e7al\u0131\u015fmalar, Yunanistan ve Rum diasporas\u0131n\u0131n bir anlamda d\u00fcnyaya dayatt\u0131\u011f\u0131 dokunulmaz anlat\u0131lar\u0131n birer kurgu oldu\u011funu g\u00f6zler \u00f6n\u00fcne sermektedir. Rum\/Yunan kamuoyunda dahi dokunulamaz, mahrem anlat\u0131lar olarak ele\u015ftirel ve kar\u015f\u0131 g\u00f6r\u00fc\u015f belirtenlerin akademik ve politik lin\u00e7e u\u011frad\u0131\u011f\u0131 bir konu halini alan Pontus Meselesi, politik ihtiraslar\u0131n tortusundan kurtar\u0131lmal\u0131d\u0131r. Bir grup T\u00fcrk akademisyen olarak siyasi saiklerle haz\u0131rlanm\u0131\u015f g\u00fcd\u00fcml\u00fc tarih \u00e7al\u0131\u015fmalar\u0131n\u0131n meseleyi s\u0131\u011fla\u015ft\u0131rd\u0131\u011f\u0131 ve \u00e7arp\u0131tt\u0131\u011f\u0131 d\u00fc\u015f\u00fcncesiyle, yap\u0131c\u0131 ve objektif bir \u00e7izgide haz\u0131rlanm\u0131\u015f bu \u00e7al\u0131\u015fmay\u0131 bir referans kayna\u011f\u0131 olarak uluslararas\u0131 kamuoyuna sunmaktay\u0131z.Bu eser, Trabzon \u00dcniversitesi Karadeniz K\u00fclt\u00fcr ve Tarihi Uygulama ve Ara\u015ft\u0131rma Merkezi&#8217;nin katk\u0131lar\u0131yla haz\u0131rlanm\u0131\u015ft\u0131r.<\/p>\n","protected":false},"excerpt":{"rendered":"<p>Bu kitap; Karadeniz&#8217;de ge\u00e7en y\u00fczy\u0131l\u0131n ba\u015f\u0131nda d\u00f6nemin emperyal g\u00fc\u00e7lerinin te\u015fvik ve y\u00f6nlendirmesiyle vatanda\u015f\u0131 olduklar\u0131 Osmanl\u0131 Devleti&#8217;ne isyan eden Rumlar ve Yunanistan&#8217;\u0131n yol a\u00e7t\u0131\u011f\u0131 olaylarla ilgilidir. Eser,<span class=\"excerpt-hellip\"> [\u2026]<\/span><\/p>\n","protected":false},"featured_media":0,"template":"","meta":{"_monsterinsights_skip_tracking":false,"_monsterinsights_sitenote_active":false,"_monsterinsights_sitenote_note":"","_monsterinsights_sitenote_category":0},"product_brand":[],"product_cat":[12337,14543],"product_tag":[],"class_list":{"0":"post-718655","1":"product","2":"type-product","3":"status-publish","5":"product_cat-politika-siyaset","6":"product_cat-turkiye-siyaseti-ve-politikasi","7":"pa_cilt-ciltsiz","8":"pa_tur-kitap","9":"pa_yayinevi-yeditepe-yayinevi","10":"pa_yazar-kolektif","12":"first","13":"instock","14":"sale","15":"shipping-taxable","16":"purchasable","17":"product-type-simple"},"_links":{"self":[{"href":"https:\/\/roveyayinevi.com.tr\/index.php\/wp-json\/wp\/v2\/product\/718655","targetHints":{"allow":["GET"]}}],"collection":[{"href":"https:\/\/roveyayinevi.com.tr\/index.php\/wp-json\/wp\/v2\/product"}],"about":[{"href":"https:\/\/roveyayinevi.com.tr\/index.php\/wp-json\/wp\/v2\/types\/product"}],"wp:attachment":[{"href":"https:\/\/roveyayinevi.com.tr\/index.php\/wp-json\/wp\/v2\/media?parent=718655"}],"wp:term":[{"taxonomy":"product_brand","embeddable":true,"href":"https:\/\/roveyayinevi.com.tr\/index.php\/wp-json\/wp\/v2\/product_brand?post=718655"},{"taxonomy":"product_cat","embeddable":true,"href":"https:\/\/roveyayinevi.com.tr\/index.php\/wp-json\/wp\/v2\/product_cat?post=718655"},{"taxonomy":"product_tag","embeddable":true,"href":"https:\/\/roveyayinevi.com.tr\/index.php\/wp-json\/wp\/v2\/product_tag?post=718655"}],"curies":[{"name":"wp","href":"https:\/\/api.w.org\/{rel}","templated":true}]}}