{"id":718648,"date":"2025-08-27T18:12:04","date_gmt":"2025-08-27T15:12:04","guid":{"rendered":"https:\/\/roveyayinevi.com.tr\/index.php\/urun\/kamcilanma-mesafesi\/"},"modified":"2026-04-16T02:26:46","modified_gmt":"2026-04-15T23:26:46","slug":"kamcilanma-mesafesi","status":"publish","type":"product","link":"https:\/\/roveyayinevi.com.tr\/index.php\/urun\/kamcilanma-mesafesi\/","title":{"rendered":"Kam\u00e7\u0131lanma Mesafesi"},"content":{"rendered":"<p>Ba\u015flar\u0131ndaki duman\u0131 kahkahalar\u0131yla da\u011f\u0131tan, \u00f6fkelerini, deliliklerini madalya misali g\u00f6\u011f\u00fcslerinde ta\u015f\u0131yan kad\u0131nlar. Bazen sokaklarda s\u00f6ylenen \u015fark\u0131larda bulu\u015fan, bazen sadece bak\u0131\u015farak anla\u015fan, dibe vurduklar\u0131 yerlerde birbirlerini anlatan kad\u0131nlar&#8230; Zeynep Uzunbay, erk dilini l\u00fcgatten silen \u00fcslubuyla, yaln\u0131zca bir cins olmaya indirgenen kad\u0131na, g\u00fc\u00e7l\u00fc sesini bir kez daha an\u0131msat\u0131yor. Kam\u00e7\u0131lanma Mesafesi\u2019nin m\u00fcstakil g\u00f6r\u00fcnen \u00f6yk\u00fcleri, t\u0131pk\u0131 bir nehrin kollar\u0131 misali birle\u015fip b\u00fct\u00fcn ayr\u0131 ak\u0131\u015flar\u0131n, savrulu\u015flar\u0131n nihayet birbirine de\u011fdi\u011fi noktada, derinli\u011fi kad\u0131nlarla \u00f6l\u00e7\u00fclen bir suya d\u00f6n\u00fc\u015f\u00fcyor. <\/p>\n","protected":false},"excerpt":{"rendered":"<p>Ba\u015flar\u0131ndaki duman\u0131 kahkahalar\u0131yla da\u011f\u0131tan, \u00f6fkelerini, deliliklerini madalya misali g\u00f6\u011f\u00fcslerinde ta\u015f\u0131yan kad\u0131nlar. Bazen sokaklarda s\u00f6ylenen \u015fark\u0131larda bulu\u015fan, bazen sadece bak\u0131\u015farak anla\u015fan, dibe vurduklar\u0131 yerlerde birbirlerini anlatan kad\u0131nlar&#8230;<span class=\"excerpt-hellip\"> [\u2026]<\/span><\/p>\n","protected":false},"featured_media":0,"template":"","meta":{"_monsterinsights_skip_tracking":false,"_monsterinsights_sitenote_active":false,"_monsterinsights_sitenote_note":"","_monsterinsights_sitenote_category":0},"product_brand":[],"product_cat":[12291,12711],"product_tag":[],"class_list":{"0":"post-718648","1":"product","2":"type-product","3":"status-publish","5":"product_cat-edebiyat","6":"product_cat-roman-oyku","7":"pa_cilt-ciltsiz","8":"pa_tur-kitap","9":"pa_yayinevi-sel-yayincilik","10":"pa_yazar-zeynep-uzunbay","12":"first","13":"instock","14":"sale","15":"shipping-taxable","16":"purchasable","17":"product-type-simple"},"_links":{"self":[{"href":"https:\/\/roveyayinevi.com.tr\/index.php\/wp-json\/wp\/v2\/product\/718648","targetHints":{"allow":["GET"]}}],"collection":[{"href":"https:\/\/roveyayinevi.com.tr\/index.php\/wp-json\/wp\/v2\/product"}],"about":[{"href":"https:\/\/roveyayinevi.com.tr\/index.php\/wp-json\/wp\/v2\/types\/product"}],"wp:attachment":[{"href":"https:\/\/roveyayinevi.com.tr\/index.php\/wp-json\/wp\/v2\/media?parent=718648"}],"wp:term":[{"taxonomy":"product_brand","embeddable":true,"href":"https:\/\/roveyayinevi.com.tr\/index.php\/wp-json\/wp\/v2\/product_brand?post=718648"},{"taxonomy":"product_cat","embeddable":true,"href":"https:\/\/roveyayinevi.com.tr\/index.php\/wp-json\/wp\/v2\/product_cat?post=718648"},{"taxonomy":"product_tag","embeddable":true,"href":"https:\/\/roveyayinevi.com.tr\/index.php\/wp-json\/wp\/v2\/product_tag?post=718648"}],"curies":[{"name":"wp","href":"https:\/\/api.w.org\/{rel}","templated":true}]}}