{"id":718646,"date":"2025-08-27T18:12:02","date_gmt":"2025-08-27T15:12:02","guid":{"rendered":"https:\/\/roveyayinevi.com.tr\/index.php\/urun\/kulaktaki-mesale\/"},"modified":"2026-04-16T02:26:46","modified_gmt":"2026-04-15T23:26:46","slug":"kulaktaki-mesale","status":"publish","type":"product","link":"https:\/\/roveyayinevi.com.tr\/index.php\/urun\/kulaktaki-mesale\/","title":{"rendered":"Kulaktaki Me\u015fale"},"content":{"rendered":"<p>Elias Canetti, otobiyografik \u00fc\u00e7lemesinin bu ikinci kitab\u0131 Kulaktaki Me\u015fale\u2019de, Viyana\u2019da ge\u00e7en ilkgen\u00e7lik g\u00fcnlerinin karma\u015f\u0131k atmosferine ta\u015f\u0131yor okuru. Kur- tar\u0131lm\u0131\u015f Dil\u2019de hem \u00e7ocukluk travmalar\u0131n\u0131 hem de edebiyat ve k\u00fclt\u00fcrle kurdu\u011fu ilk ili\u015fkilerin seyrini anlatan Canetti, bu eserinde ise gen\u00e7 ve tutkulu bir edebiyat\u00e7\u0131ya d\u00f6n\u00fc\u015f\u00fcm s\u00fcrecini g\u00f6zler \u00f6n\u00fcne seriyor; gizlemeden, sak\u0131nmadan, b\u00fcy\u00fcklenmeden ve a\u00e7\u0131k y\u00fcreklilikle. Canetti\u2019nin sat\u0131rlar\u0131nda, B\u00fcy\u00fck Sava\u015f sonras\u0131nda \u00e7\u00f6ken bir imparatorlu\u011fun darmada\u011f\u0131n\u0131k ba\u015fkenti Viyana\u2019ya h\u00e2kim olan belirsizlik, ekonomik zorluklara g\u00f6\u011f\u00fcs germeye ve yeni y\u00fcz y\u0131l\u0131n vah\u015fetlerini anlamaya \u00e7al\u0131\u015fanlar, \u00f6fkeli kitleler, edebi- yat\u0131n ve s\u00f6z\u00fcn kutsall\u0131\u011f\u0131na inanan sanat\u00e7\u0131lar, yoksul \u015fairler ve zengin hamiler, b\u00fct\u00fcn renkleri ve \u00e7eli\u015fkileriyle \u201cCanetti\u2019nin insanlar\u0131\u201d resmediliyor. Yazar\u0131n toplumla ve kendiyle kurdu\u011fu gelgitli ili\u015fkiyi, onun d\u00fcr\u00fcst kaleminden okuma \u015fans\u0131na eri\u015fmek isteyenlere&#8230; <\/p>\n","protected":false},"excerpt":{"rendered":"<p>Elias Canetti, otobiyografik \u00fc\u00e7lemesinin bu ikinci kitab\u0131 Kulaktaki Me\u015fale\u2019de, Viyana\u2019da ge\u00e7en ilkgen\u00e7lik g\u00fcnlerinin karma\u015f\u0131k atmosferine ta\u015f\u0131yor okuru. Kur- tar\u0131lm\u0131\u015f Dil\u2019de hem \u00e7ocukluk travmalar\u0131n\u0131 hem de edebiyat<span class=\"excerpt-hellip\"> [\u2026]<\/span><\/p>\n","protected":false},"featured_media":0,"template":"","meta":{"_monsterinsights_skip_tracking":false,"_monsterinsights_sitenote_active":false,"_monsterinsights_sitenote_note":"","_monsterinsights_sitenote_category":0},"product_brand":[],"product_cat":[12777,12291],"product_tag":[],"class_list":{"0":"post-718646","1":"product","2":"type-product","3":"status-publish","5":"product_cat-deneme","6":"product_cat-edebiyat","7":"pa_cilt-ciltsiz","8":"pa_tur-kitap","9":"pa_yayinevi-sel-yayincilik","10":"pa_yazar-elias-canetti","12":"first","13":"instock","14":"sale","15":"shipping-taxable","16":"purchasable","17":"product-type-simple"},"_links":{"self":[{"href":"https:\/\/roveyayinevi.com.tr\/index.php\/wp-json\/wp\/v2\/product\/718646","targetHints":{"allow":["GET"]}}],"collection":[{"href":"https:\/\/roveyayinevi.com.tr\/index.php\/wp-json\/wp\/v2\/product"}],"about":[{"href":"https:\/\/roveyayinevi.com.tr\/index.php\/wp-json\/wp\/v2\/types\/product"}],"wp:attachment":[{"href":"https:\/\/roveyayinevi.com.tr\/index.php\/wp-json\/wp\/v2\/media?parent=718646"}],"wp:term":[{"taxonomy":"product_brand","embeddable":true,"href":"https:\/\/roveyayinevi.com.tr\/index.php\/wp-json\/wp\/v2\/product_brand?post=718646"},{"taxonomy":"product_cat","embeddable":true,"href":"https:\/\/roveyayinevi.com.tr\/index.php\/wp-json\/wp\/v2\/product_cat?post=718646"},{"taxonomy":"product_tag","embeddable":true,"href":"https:\/\/roveyayinevi.com.tr\/index.php\/wp-json\/wp\/v2\/product_tag?post=718646"}],"curies":[{"name":"wp","href":"https:\/\/api.w.org\/{rel}","templated":true}]}}