{"id":718641,"date":"2025-08-27T18:11:59","date_gmt":"2025-08-27T15:11:59","guid":{"rendered":"https:\/\/roveyayinevi.com.tr\/index.php\/urun\/find-it-ne-kadar-dikkatlisin\/"},"modified":"2026-04-16T02:26:46","modified_gmt":"2026-04-15T23:26:46","slug":"find-it-ne-kadar-dikkatlisin","status":"publish","type":"product","link":"https:\/\/roveyayinevi.com.tr\/index.php\/urun\/find-it-ne-kadar-dikkatlisin\/","title":{"rendered":"Find It ! &#8211; Ne Kadar Dikkatlisin?"},"content":{"rendered":"<p>Ailecek oynanabilecek bir g\u00f6rsel alg\u0131 oyunudur. Herhangi iki kart aras\u0131nda daima sadece bir tane e\u015fle\u015fen sembol bulunur.Bu oyunda h\u0131zl\u0131 olan kazan\u0131yor!2 ila 8 oyuncu i\u00e7in \u00e7\u0131lg\u0131nca e\u011flencenin saatlerce oynanmas\u0131 i\u00e7in be\u015f zorlu yol vard\u0131r.Odaklanma, g\u00f6rsel alg\u0131lama becerileri, konu\u015fma dil becerileri ve ince motor becerilerini geli\u015ftirir.G\u00f6zlemsel becerilerinizi test edin ve reflekslerinizi, iki ila sekiz oyuncu aras\u0131nda h\u0131zl\u0131 bir \u015fekilde taray\u0131n.Oyun, basit bir mekanizma ile elli be\u015f dairesel kart ile oynan\u0131r.<\/p>\n","protected":false},"excerpt":{"rendered":"<p>Ailecek oynanabilecek bir g\u00f6rsel alg\u0131 oyunudur. Herhangi iki kart aras\u0131nda daima sadece bir tane e\u015fle\u015fen sembol bulunur.Bu oyunda h\u0131zl\u0131 olan kazan\u0131yor!2 ila 8 oyuncu i\u00e7in \u00e7\u0131lg\u0131nca<span class=\"excerpt-hellip\"> [\u2026]<\/span><\/p>\n","protected":false},"featured_media":0,"template":"","meta":{"_monsterinsights_skip_tracking":false,"_monsterinsights_sitenote_active":false,"_monsterinsights_sitenote_note":"","_monsterinsights_sitenote_category":0},"product_brand":[],"product_cat":[12274,17859],"product_tag":[],"class_list":{"0":"post-718641","1":"product","2":"type-product","3":"status-publish","5":"product_cat-cocuk-ve-genclik-kitaplari","6":"product_cat-oyun-kitaplari","7":"pa_cilt-set","8":"pa_tur-oyun","9":"pa_yayinevi-dikkat-atolyesi-yayinlari","10":"pa_yazar-komisyon","12":"first","13":"instock","14":"sale","15":"shipping-taxable","16":"purchasable","17":"product-type-simple"},"_links":{"self":[{"href":"https:\/\/roveyayinevi.com.tr\/index.php\/wp-json\/wp\/v2\/product\/718641","targetHints":{"allow":["GET"]}}],"collection":[{"href":"https:\/\/roveyayinevi.com.tr\/index.php\/wp-json\/wp\/v2\/product"}],"about":[{"href":"https:\/\/roveyayinevi.com.tr\/index.php\/wp-json\/wp\/v2\/types\/product"}],"wp:attachment":[{"href":"https:\/\/roveyayinevi.com.tr\/index.php\/wp-json\/wp\/v2\/media?parent=718641"}],"wp:term":[{"taxonomy":"product_brand","embeddable":true,"href":"https:\/\/roveyayinevi.com.tr\/index.php\/wp-json\/wp\/v2\/product_brand?post=718641"},{"taxonomy":"product_cat","embeddable":true,"href":"https:\/\/roveyayinevi.com.tr\/index.php\/wp-json\/wp\/v2\/product_cat?post=718641"},{"taxonomy":"product_tag","embeddable":true,"href":"https:\/\/roveyayinevi.com.tr\/index.php\/wp-json\/wp\/v2\/product_tag?post=718641"}],"curies":[{"name":"wp","href":"https:\/\/api.w.org\/{rel}","templated":true}]}}