{"id":718635,"date":"2025-08-27T18:11:11","date_gmt":"2025-08-27T15:11:11","guid":{"rendered":"https:\/\/roveyayinevi.com.tr\/index.php\/urun\/efenin-mutluluk-olceri\/"},"modified":"2026-04-16T02:26:46","modified_gmt":"2026-04-15T23:26:46","slug":"efenin-mutluluk-olceri","status":"publish","type":"product","link":"https:\/\/roveyayinevi.com.tr\/index.php\/urun\/efenin-mutluluk-olceri\/","title":{"rendered":"Efe\u2019nin Mutluluk \u00d6l\u00e7eri"},"content":{"rendered":"<p>Efe\u2019yle tan\u0131\u015ft\u0131n m\u0131? Kendisi ak\u0131ll\u0131, merakl\u0131 ve cesur bir \u00e7ocuk. Maceraya bay\u0131l\u0131yor ve ba\u015f\u0131na s\u00fcrekli ilgin\u00e7 \u015feyler geliyor.  Neler mi? Mesela parkta oynarken \u00fcst\u00fcnde \u201cMutluluk \u00d6l\u00e7er\u201d yazan bir g\u00f6zl\u00fck buluyor. Mutluluk nas\u0131l \u00f6l\u00e7\u00fcl\u00fcr ki&#8230;  3 kilo, 5 metre ya da 7 adet mutluluk olur mu hi\u00e7? Yoksa bu uzayl\u0131lar\u0131n i\u015fi mi? Bunu anlaman\u0131n tek yolu var: G\u00f6zl\u00fc\u011f\u00fc takmak. Peki ya g\u00f6ky\u00fcz\u00fcnden d\u00fc\u015fm\u00fc\u015f, konu\u015fan bir y\u0131ld\u0131za ne demeli? Efe\u2019nin ona yard\u0131m etmesi gerek. Ama nas\u0131l?   Bitti mi sand\u0131n? Efe bir de ne buluyor dersin? Onu hazine sand\u0131\u011f\u0131na g\u00f6t\u00fcrecek, gizemli ipu\u00e7lar\u0131. Bakal\u0131m ipu\u00e7lar\u0131n\u0131 \u00e7\u00f6zebilecek mi? Hem sand\u0131kta neler var acaba?  Efe, arkada\u015flar\u0131yla birlikte seni de maceralar\u0131na davet ediyor.  Efe\u2019nin d\u00fcnyas\u0131na ho\u015f geldin. <\/p>\n","protected":false},"excerpt":{"rendered":"<p>Efe\u2019yle tan\u0131\u015ft\u0131n m\u0131? Kendisi ak\u0131ll\u0131, merakl\u0131 ve cesur bir \u00e7ocuk. Maceraya bay\u0131l\u0131yor ve ba\u015f\u0131na s\u00fcrekli ilgin\u00e7 \u015feyler geliyor. Neler mi? Mesela parkta oynarken \u00fcst\u00fcnde \u201cMutluluk \u00d6l\u00e7er\u201d<span class=\"excerpt-hellip\"> [\u2026]<\/span><\/p>\n","protected":false},"featured_media":0,"template":"","meta":{"_monsterinsights_skip_tracking":false,"_monsterinsights_sitenote_active":false,"_monsterinsights_sitenote_note":"","_monsterinsights_sitenote_category":0},"product_brand":[],"product_cat":[12274,12284],"product_tag":[],"class_list":{"0":"post-718635","1":"product","2":"type-product","3":"status-publish","5":"product_cat-cocuk-ve-genclik-kitaplari","6":"product_cat-hikayeler","7":"pa_cilt-ciltsiz","8":"pa_tur-kitap","9":"pa_yayinevi-epsilon-ozel-urun","10":"pa_yazar-nilay-sanli","12":"first","13":"instock","14":"sale","15":"shipping-taxable","16":"purchasable","17":"product-type-simple"},"_links":{"self":[{"href":"https:\/\/roveyayinevi.com.tr\/index.php\/wp-json\/wp\/v2\/product\/718635","targetHints":{"allow":["GET"]}}],"collection":[{"href":"https:\/\/roveyayinevi.com.tr\/index.php\/wp-json\/wp\/v2\/product"}],"about":[{"href":"https:\/\/roveyayinevi.com.tr\/index.php\/wp-json\/wp\/v2\/types\/product"}],"wp:attachment":[{"href":"https:\/\/roveyayinevi.com.tr\/index.php\/wp-json\/wp\/v2\/media?parent=718635"}],"wp:term":[{"taxonomy":"product_brand","embeddable":true,"href":"https:\/\/roveyayinevi.com.tr\/index.php\/wp-json\/wp\/v2\/product_brand?post=718635"},{"taxonomy":"product_cat","embeddable":true,"href":"https:\/\/roveyayinevi.com.tr\/index.php\/wp-json\/wp\/v2\/product_cat?post=718635"},{"taxonomy":"product_tag","embeddable":true,"href":"https:\/\/roveyayinevi.com.tr\/index.php\/wp-json\/wp\/v2\/product_tag?post=718635"}],"curies":[{"name":"wp","href":"https:\/\/api.w.org\/{rel}","templated":true}]}}