{"id":718633,"date":"2025-08-27T18:11:10","date_gmt":"2025-08-27T15:11:10","guid":{"rendered":"https:\/\/roveyayinevi.com.tr\/index.php\/urun\/bosa-gecirecek-vakit-yok\/"},"modified":"2026-04-16T02:26:46","modified_gmt":"2026-04-15T23:26:46","slug":"bosa-gecirecek-vakit-yok","status":"publish","type":"product","link":"https:\/\/roveyayinevi.com.tr\/index.php\/urun\/bosa-gecirecek-vakit-yok\/","title":{"rendered":"Bo\u015fa Ge\u00e7irecek Vakit Yok"},"content":{"rendered":"<p>Ursula K. Le Guin\u2019in ya\u015fl\u0131l\u0131k hakk\u0131nda s\u00f6yleyecekleri var: Bana ya\u015fl\u0131l\u0131\u011f\u0131m\u0131n var olmad\u0131\u011f\u0131n\u0131 s\u00f6ylemek asl\u0131nda benim de var olmad\u0131\u011f\u0131m\u0131 s\u00f6ylemek demek. Ya\u015f\u0131m\u0131 sildi\u011finizde, hayat\u0131m\u0131 da siliyorsunuz \u2013 beni siliyorsunuz. Fantazya hakk\u0131nda anlatacaklar\u0131 var: Fantazya yaln\u0131zca \u201cYa i\u015fler \u015fu anda oldu\u011fu \u015fekliyle devam etmeseydi?\u201d diye sormaz, \u00f6teki t\u00fcrl\u00fc olsayd\u0131 nas\u0131l olabilece\u011fini de g\u00f6sterir. Kahvalt\u0131 hakk\u0131nda nasihatleri var: Bir yumurtay\u0131 kabu\u011funu soymadan yemek sadece pratik de\u011fil, azim, hatta cesaret ve muhtemelen su\u00e7a i\u015ftirak etme arzusu gerektiriyor. Ve \u00f6d\u00fcller hakk\u0131nda da: Sanat bir at yar\u0131\u015f\u0131 de\u011fil. Edebiyat da Olimpiyat de\u011fil. Duru, samimi, muzip, zeki\u2026 Ya\u015fam\u0131\u015f en \u00f6zel insanlardan biri olan Ursula K. Le Guin\u2019den edebiyata, kahvalt\u0131ya, kedilere, \u00f6d\u00fcllere ve asl\u0131nda hayata dair ola\u011fan\u00fcst\u00fc bir eser! Kitaplar\u0131n insanlarla nas\u0131l arkada\u015fl\u0131k edebildi\u011fini merak edenlere ve bu \u00e7ok \u00f6zel arkada\u015fl\u0131\u011fa ili\u015fkin haf\u0131zas\u0131n\u0131 tazelemek isteyenlere, pek \u00e7ok \u015feyin dertle\u015fildi\u011fi ve g\u00fcn\u00fcn sonunda hayat\u0131n biraz daha g\u00fczel oldu\u011fu bir hayat anlat\u0131s\u0131. Bo\u015fa Ge\u00e7irecek Vakit Yok, seksenlerinde bir kad\u0131n\u0131n nasihat etmeden, kibirlenmeden i\u00e7ini d\u00f6kt\u00fc\u011f\u00fc s\u0131cac\u0131k bir kitap.<\/p>\n","protected":false},"excerpt":{"rendered":"<p>Ursula K. Le Guin\u2019in ya\u015fl\u0131l\u0131k hakk\u0131nda s\u00f6yleyecekleri var: Bana ya\u015fl\u0131l\u0131\u011f\u0131m\u0131n var olmad\u0131\u011f\u0131n\u0131 s\u00f6ylemek asl\u0131nda benim de var olmad\u0131\u011f\u0131m\u0131 s\u00f6ylemek demek. Ya\u015f\u0131m\u0131 sildi\u011finizde, hayat\u0131m\u0131 da siliyorsunuz \u2013<span class=\"excerpt-hellip\"> [\u2026]<\/span><\/p>\n","protected":false},"featured_media":0,"template":"","meta":{"_monsterinsights_skip_tracking":false,"_monsterinsights_sitenote_active":false,"_monsterinsights_sitenote_note":"","_monsterinsights_sitenote_category":0},"product_brand":[],"product_cat":[12777,12291],"product_tag":[],"class_list":{"0":"post-718633","1":"product","2":"type-product","3":"status-publish","5":"product_cat-deneme","6":"product_cat-edebiyat","7":"pa_cilt-ciltsiz","8":"pa_tur-kitap","9":"pa_yayinevi-hep-kitap","10":"pa_yazar-ursula-k-le-guin","12":"first","13":"instock","14":"sale","15":"shipping-taxable","16":"purchasable","17":"product-type-simple"},"_links":{"self":[{"href":"https:\/\/roveyayinevi.com.tr\/index.php\/wp-json\/wp\/v2\/product\/718633","targetHints":{"allow":["GET"]}}],"collection":[{"href":"https:\/\/roveyayinevi.com.tr\/index.php\/wp-json\/wp\/v2\/product"}],"about":[{"href":"https:\/\/roveyayinevi.com.tr\/index.php\/wp-json\/wp\/v2\/types\/product"}],"wp:attachment":[{"href":"https:\/\/roveyayinevi.com.tr\/index.php\/wp-json\/wp\/v2\/media?parent=718633"}],"wp:term":[{"taxonomy":"product_brand","embeddable":true,"href":"https:\/\/roveyayinevi.com.tr\/index.php\/wp-json\/wp\/v2\/product_brand?post=718633"},{"taxonomy":"product_cat","embeddable":true,"href":"https:\/\/roveyayinevi.com.tr\/index.php\/wp-json\/wp\/v2\/product_cat?post=718633"},{"taxonomy":"product_tag","embeddable":true,"href":"https:\/\/roveyayinevi.com.tr\/index.php\/wp-json\/wp\/v2\/product_tag?post=718633"}],"curies":[{"name":"wp","href":"https:\/\/api.w.org\/{rel}","templated":true}]}}