{"id":718632,"date":"2025-08-27T18:11:09","date_gmt":"2025-08-27T15:11:09","guid":{"rendered":"https:\/\/roveyayinevi.com.tr\/index.php\/urun\/pia-mater\/"},"modified":"2026-04-16T02:26:46","modified_gmt":"2026-04-15T23:26:46","slug":"pia-mater","status":"publish","type":"product","link":"https:\/\/roveyayinevi.com.tr\/index.php\/urun\/pia-mater\/","title":{"rendered":"Pia Mater"},"content":{"rendered":"<p>P\u0130A MATER, bir roman ancak bildi\u011fimiz romanlardan \u00e7ok farkl\u0131. Yazar\u0131n tan\u0131mlamas\u0131 ile o bir Neuro-Roman. Bir sinirbilimci olan Serkan Karaismailo\u011flu daha \u00f6nce yay\u0131mlanm\u0131\u015f olan Kad\u0131n Beyni Erkek Beyni ve Beyinde Ararken Ba\u011f\u0131rsakta Buldum adl\u0131 kitaplar\u0131ndan sonra ilk defa bir roman denemesiyle okuyucunun kar\u015f\u0131s\u0131na \u00e7\u0131k\u0131yor. Ancak bu kitab\u0131nda da gene bilim var. Bildi\u011fimiz roman kurgusunun i\u00e7ine ustal\u0131kla yerle\u015ftirilen bu bilimsel veriler, roman kahramanlar\u0131n\u0131n e\u015fli\u011finde bir hik\u00e2yeye d\u00f6n\u00fc\u015f\u00fcyor. Macera, bilim ve heyecanl\u0131 bir kitap okumak istiyorsan\u0131z P\u0130A MATER tam size g\u00f6re. Elma Yay\u0131nevi bir ilki daha bulu\u015fturuyor okuruyla; Serkan Karaismailo\u011flu ve Neuro-Roman\u2026 Neuro-Roman: Sinirbilimsel ger\u00e7eklerin, belli bir kurgu ve hayali karakterler e\u015fli\u011finde okuyucuya sunuldu\u011fu bir roman t\u00fcr\u00fcd\u00fcr.   Adam bir t\u00fcrl\u00fc anlam\u0131yordu. Beyin \u00fczerine onlarca kitap ve ara\u015ft\u0131rma okumu\u015ftu. Bu konuda kendisini \u00f6nemli bir \u015fekilde geli\u015ftirmi\u015fti ama gene de anlayam\u0131yordu. Nas\u0131l olur da bir ba\u015fka insan\u0131 bu kadar net i\u00e7inde hissedebilirdi ki. Onu g\u00f6rd\u00fc\u011f\u00fc her an, sahip oldu\u011funu sand\u0131\u011f\u0131 b\u00fct\u00fcn organlar\u0131n\u0131n asl\u0131nda ne kadar ba\u011f\u0131ms\u0131z ve ba\u015f\u0131na buyruk olduklar\u0131n\u0131 bir kez daha alg\u0131l\u0131yordu. Y\u0131llard\u0131r beraber ya\u015fad\u0131\u011f\u0131 kalbi art\u0131k ba\u015fkas\u0131 i\u00e7in at\u0131yordu, beyni desen \u00e7oktan olay yerini terk etmi\u015fti. Kendi h\u00fccreleri bile dinlemiyordu adam\u0131. Bir insan\u0131n h\u00fccresi neden bir ba\u015fkas\u0131 i\u00e7in kendi v\u00fccuduna ihanet ederdi ki&#8230; Ama adam bir \u015feyden \u00e7ok emindi. T\u00fcm h\u00fccrelerinin kendisini terk edece\u011fini de bilse, onu g\u00f6rd\u00fc\u011f\u00fc tek bir an\u0131 bile d\u00fcnyada hi\u00e7bir \u015feye de\u011fi\u015fmezdi.<\/p>\n","protected":false},"excerpt":{"rendered":"<p>P\u0130A MATER, bir roman ancak bildi\u011fimiz romanlardan \u00e7ok farkl\u0131. Yazar\u0131n tan\u0131mlamas\u0131 ile o bir Neuro-Roman. Bir sinirbilimci olan Serkan Karaismailo\u011flu daha \u00f6nce yay\u0131mlanm\u0131\u015f olan Kad\u0131n Beyni<span class=\"excerpt-hellip\"> [\u2026]<\/span><\/p>\n","protected":false},"featured_media":0,"template":"","meta":{"_monsterinsights_skip_tracking":false,"_monsterinsights_sitenote_active":false,"_monsterinsights_sitenote_note":"","_monsterinsights_sitenote_category":0},"product_brand":[],"product_cat":[12291,12711],"product_tag":[],"class_list":{"0":"post-718632","1":"product","2":"type-product","3":"status-publish","5":"product_cat-edebiyat","6":"product_cat-roman-oyku","7":"pa_cilt-ciltsiz","8":"pa_tur-kitap","9":"pa_yayinevi-elma-yayinevi","10":"pa_yazar-serkan-karaismailoglu","12":"first","13":"instock","14":"sale","15":"shipping-taxable","16":"purchasable","17":"product-type-simple"},"_links":{"self":[{"href":"https:\/\/roveyayinevi.com.tr\/index.php\/wp-json\/wp\/v2\/product\/718632","targetHints":{"allow":["GET"]}}],"collection":[{"href":"https:\/\/roveyayinevi.com.tr\/index.php\/wp-json\/wp\/v2\/product"}],"about":[{"href":"https:\/\/roveyayinevi.com.tr\/index.php\/wp-json\/wp\/v2\/types\/product"}],"wp:attachment":[{"href":"https:\/\/roveyayinevi.com.tr\/index.php\/wp-json\/wp\/v2\/media?parent=718632"}],"wp:term":[{"taxonomy":"product_brand","embeddable":true,"href":"https:\/\/roveyayinevi.com.tr\/index.php\/wp-json\/wp\/v2\/product_brand?post=718632"},{"taxonomy":"product_cat","embeddable":true,"href":"https:\/\/roveyayinevi.com.tr\/index.php\/wp-json\/wp\/v2\/product_cat?post=718632"},{"taxonomy":"product_tag","embeddable":true,"href":"https:\/\/roveyayinevi.com.tr\/index.php\/wp-json\/wp\/v2\/product_tag?post=718632"}],"curies":[{"name":"wp","href":"https:\/\/api.w.org\/{rel}","templated":true}]}}