{"id":718631,"date":"2025-08-27T18:11:08","date_gmt":"2025-08-27T15:11:08","guid":{"rendered":"https:\/\/roveyayinevi.com.tr\/index.php\/urun\/denizin-sifir-atik-kitabi\/"},"modified":"2026-04-16T02:26:46","modified_gmt":"2026-04-15T23:26:46","slug":"denizin-sifir-atik-kitabi","status":"publish","type":"product","link":"https:\/\/roveyayinevi.com.tr\/index.php\/urun\/denizin-sifir-atik-kitabi\/","title":{"rendered":"Deniz&#8217;in S\u0131f\u0131r At\u0131k Kitab\u0131"},"content":{"rendered":"<p>S\u0131f\u0131r at\u0131k, do\u011fa i\u00e7in s\u00f6yleyebilece\u011fimiz en g\u00fczel \u015fark\u0131lardan biridir&#8230;Okulun ilk g\u00fcn\u00fc, Deniz yan\u0131nda oturan k\u0131za tuhaf tuhaf bakar; \u00e7\u00fcnk\u00fc Nil ad\u0131ndaki bu k\u0131z kurabiyelerini bir kavanozda ta\u015f\u0131r, meyvesini beze sarar ve defterinin her sayfas\u0131n\u0131, en k\u00fc\u00e7\u00fck bo\u015flu\u011funa kadar doldurur. Nil, s\u0131n\u0131f arkada\u015flar\u0131na bu yaz \u2018s\u0131f\u0131r at\u0131k\u2019 ile nas\u0131l tan\u0131\u015ft\u0131\u011f\u0131n\u0131 ve evden \u00e7\u0131kan \u00e7\u00f6pleri ailece nas\u0131l azaltt\u0131klar\u0131n\u0131 anlatarak onlar\u0131n hayatlar\u0131n\u0131 de\u011fi\u015ftirecektir.Deniz\u2019in S\u0131f\u0131r At\u0131k Kitab\u0131\u2019nda s\u0131f\u0131r at\u0131k ya\u015fam bi\u00e7imiyle tan\u0131\u015farak, at\u0131klar\u0131n\u0131z\u0131 nas\u0131l azaltabilece\u011finizi ve t\u00fcketim al\u0131\u015fkanl\u0131klar\u0131n\u0131z\u0131 nas\u0131l de\u011fi\u015ftirebilece\u011finizi okuyacaks\u0131n\u0131z. Kitab\u0131n yazar\u0131 Sima \u00d6zkan d\u00fc\u015f\u00fcnmeden \u00e7\u00f6pe at\u0131lan at\u0131klar\u0131n, do\u011fan\u0131n kusursuz dengesini bozdu\u011funa dikkat \u00e7ekiyor ve s\u0131f\u0131r at\u0131k i\u00e7in yapmam\u0131z gerekenleri basit bir \u015fekilde s\u0131ral\u0131yor. T\u00fcketimi azaltmak, at\u0131klar\u0131 yeniden kullanmak, daha s\u0131k gerid\u00f6n\u00fc\u015f\u00fcm yapmak gibi konulara de\u011finen bu \u00f6yk\u00fcde Deniz ve arkada\u015flar\u0131n\u0131n s\u0131f\u0131r at\u0131\u011fa ula\u015fmalar\u0131 hi\u00e7 de zor olmuyor.<\/p>\n","protected":false},"excerpt":{"rendered":"<p>S\u0131f\u0131r at\u0131k, do\u011fa i\u00e7in s\u00f6yleyebilece\u011fimiz en g\u00fczel \u015fark\u0131lardan biridir&#8230;Okulun ilk g\u00fcn\u00fc, Deniz yan\u0131nda oturan k\u0131za tuhaf tuhaf bakar; \u00e7\u00fcnk\u00fc Nil ad\u0131ndaki bu k\u0131z kurabiyelerini bir kavanozda<span class=\"excerpt-hellip\"> [\u2026]<\/span><\/p>\n","protected":false},"featured_media":0,"template":"","meta":{"_monsterinsights_skip_tracking":false,"_monsterinsights_sitenote_active":false,"_monsterinsights_sitenote_note":"","_monsterinsights_sitenote_category":0},"product_brand":[],"product_cat":[12274,12284],"product_tag":[],"class_list":{"0":"post-718631","1":"product","2":"type-product","3":"status-publish","5":"product_cat-cocuk-ve-genclik-kitaplari","6":"product_cat-hikayeler","7":"pa_cilt-ciltsiz","8":"pa_tur-kitap","9":"pa_yayinevi-redhouse-kidz-yayinlari","10":"pa_yazar-sima-ozkan","12":"first","13":"instock","14":"sale","15":"shipping-taxable","16":"purchasable","17":"product-type-simple"},"_links":{"self":[{"href":"https:\/\/roveyayinevi.com.tr\/index.php\/wp-json\/wp\/v2\/product\/718631","targetHints":{"allow":["GET"]}}],"collection":[{"href":"https:\/\/roveyayinevi.com.tr\/index.php\/wp-json\/wp\/v2\/product"}],"about":[{"href":"https:\/\/roveyayinevi.com.tr\/index.php\/wp-json\/wp\/v2\/types\/product"}],"wp:attachment":[{"href":"https:\/\/roveyayinevi.com.tr\/index.php\/wp-json\/wp\/v2\/media?parent=718631"}],"wp:term":[{"taxonomy":"product_brand","embeddable":true,"href":"https:\/\/roveyayinevi.com.tr\/index.php\/wp-json\/wp\/v2\/product_brand?post=718631"},{"taxonomy":"product_cat","embeddable":true,"href":"https:\/\/roveyayinevi.com.tr\/index.php\/wp-json\/wp\/v2\/product_cat?post=718631"},{"taxonomy":"product_tag","embeddable":true,"href":"https:\/\/roveyayinevi.com.tr\/index.php\/wp-json\/wp\/v2\/product_tag?post=718631"}],"curies":[{"name":"wp","href":"https:\/\/api.w.org\/{rel}","templated":true}]}}