{"id":718629,"date":"2025-08-27T18:11:07","date_gmt":"2025-08-27T15:11:07","guid":{"rendered":"https:\/\/roveyayinevi.com.tr\/index.php\/urun\/pelin-narin-tekinsoyla-para-koclugu-tamamen-duygusal\/"},"modified":"2026-04-16T02:26:46","modified_gmt":"2026-04-15T23:26:46","slug":"pelin-narin-tekinsoyla-para-koclugu-tamamen-duygusal","status":"publish","type":"product","link":"https:\/\/roveyayinevi.com.tr\/index.php\/urun\/pelin-narin-tekinsoyla-para-koclugu-tamamen-duygusal\/","title":{"rendered":"Pelin Narin Tekinsoy&#8217;la Para Ko\u00e7lu\u011fu -Tamamen Duygusal"},"content":{"rendered":"<p>Bu kitap daha \u00e7ok ezber bozmak \u00fczerinedir.Genelde para kitaplar\u0131nda matematiksel hesaplar ve para neye yat\u0131r\u0131l\u0131rsa kazan\u0131l\u0131r \u015feklinde t\u00fcyolar vard\u0131r. Bu kitap ne para yat\u0131r\u0131m arac\u0131 t\u00fcyolar\u0131 veriyor, ne de size tavsiyelerde bulunuyor.Ya\u015fanm\u0131\u015f deneyimlerin b\u00fct\u00fcn\u00fc olarak sizlerle bulu\u015fuyor. Biraz FARKLI bir \u015fekilde.Nas\u0131l m\u0131? Bazen birisinin, herhangi bir konuda size t\u00fcm samimiyetiyle cevap vermesini beklersiniz. Birisi olsun da size t\u00fcm i\u00e7tenli\u011fi ile cevap versin istersiniz. \u0130\u015fte tam da bu kitab\u0131 elinizde tuttu\u011funuz anda, etraf\u0131n\u0131zda kimse bulunmazken, kendinize bir cevap m\u0131 ar\u0131yorsunuz? Tam \u015fu anda i\u00e7inizden \u00e7\u00f6zmek istedi\u011finiz konuyu\/soruyu d\u00fc\u015f\u00fcn\u00fcn. Cevap almak istedi\u011finiz durum ile ilgili, bir \u00e7ocu\u011fun anlayaca\u011f\u0131 yal\u0131nl\u0131kta sorunuzu sorun. M\u00fcmk\u00fcnse, sordu\u011funuz sorunun do\u011frulu\u011fundan emin olmak i\u00e7in i\u00e7inizden  birka\u00e7 kez sorunuzu ayn\u0131 c\u00fcmlelerle tekrarlay\u0131n. Ve kitab\u0131n herhangi bir sayfas\u0131n\u0131 a\u00e7\u0131n! Kitap cevab\u0131 bulman\u0131za yard\u0131m edecektir. Bu kitab\u0131n yaz\u0131m a\u015famas\u0131nda her kime bu oyunu oynad\u0131ysak; ya\u015fl\u0131s\u0131-genci, kad\u0131n\u0131-erke\u011fi, patronu-\u00e7al\u0131\u015fan\u0131 fark etmeksizin hemen hemen herkes sorusuna yan\u0131t buldu. E\u011fer bir mana veremez iseniz direkt yazara ula\u015fabilirsiniz. Bu kitap, al\u0131\u015fagelmi\u015f ki\u015fisel geli\u015fim kitaplar\u0131n\u0131n \u00e7ok \u00f6tesinde, savlar\u0131n\u0131 size tarih, fizik, din, matematik, sa\u011fl\u0131k bilimleriyle de destekleyerek a\u00e7\u0131klamaktad\u0131r. Kitab\u0131n tamam\u0131n\u0131 anlamak ve bunun neticesinde bir fikre sahip olma seviyesi, bu bilimlere a\u015fina olunmas\u0131 ile orant\u0131l\u0131 olacakt\u0131r.<\/p>\n","protected":false},"excerpt":{"rendered":"<p>Bu kitap daha \u00e7ok ezber bozmak \u00fczerinedir.Genelde para kitaplar\u0131nda matematiksel hesaplar ve para neye yat\u0131r\u0131l\u0131rsa kazan\u0131l\u0131r \u015feklinde t\u00fcyolar vard\u0131r. Bu kitap ne para yat\u0131r\u0131m arac\u0131 t\u00fcyolar\u0131<span class=\"excerpt-hellip\"> [\u2026]<\/span><\/p>\n","protected":false},"featured_media":0,"template":"","meta":{"_monsterinsights_skip_tracking":false,"_monsterinsights_sitenote_active":false,"_monsterinsights_sitenote_note":"","_monsterinsights_sitenote_category":0},"product_brand":[],"product_cat":[12364,12376],"product_tag":[],"class_list":{"0":"post-718629","1":"product","2":"type-product","3":"status-publish","5":"product_cat-genel-konular","6":"product_cat-kisisel-gelisim","7":"pa_cilt-ciltsiz","8":"pa_tur-kitap","9":"pa_yayinevi-pusula-yayinevi-ankara","10":"pa_yazar-pelin-narin-tekinsoy","12":"first","13":"instock","14":"sale","15":"shipping-taxable","16":"purchasable","17":"product-type-simple"},"_links":{"self":[{"href":"https:\/\/roveyayinevi.com.tr\/index.php\/wp-json\/wp\/v2\/product\/718629","targetHints":{"allow":["GET"]}}],"collection":[{"href":"https:\/\/roveyayinevi.com.tr\/index.php\/wp-json\/wp\/v2\/product"}],"about":[{"href":"https:\/\/roveyayinevi.com.tr\/index.php\/wp-json\/wp\/v2\/types\/product"}],"wp:attachment":[{"href":"https:\/\/roveyayinevi.com.tr\/index.php\/wp-json\/wp\/v2\/media?parent=718629"}],"wp:term":[{"taxonomy":"product_brand","embeddable":true,"href":"https:\/\/roveyayinevi.com.tr\/index.php\/wp-json\/wp\/v2\/product_brand?post=718629"},{"taxonomy":"product_cat","embeddable":true,"href":"https:\/\/roveyayinevi.com.tr\/index.php\/wp-json\/wp\/v2\/product_cat?post=718629"},{"taxonomy":"product_tag","embeddable":true,"href":"https:\/\/roveyayinevi.com.tr\/index.php\/wp-json\/wp\/v2\/product_tag?post=718629"}],"curies":[{"name":"wp","href":"https:\/\/api.w.org\/{rel}","templated":true}]}}