{"id":718628,"date":"2025-08-27T18:11:06","date_gmt":"2025-08-27T15:11:06","guid":{"rendered":"https:\/\/roveyayinevi.com.tr\/index.php\/urun\/unutulmayan-sozleriyle-ataturk\/"},"modified":"2026-02-03T02:40:57","modified_gmt":"2026-02-02T23:40:57","slug":"unutulmayan-sozleriyle-ataturk","status":"publish","type":"product","link":"https:\/\/roveyayinevi.com.tr\/index.php\/urun\/unutulmayan-sozleriyle-ataturk\/","title":{"rendered":"Unutulmayan S\u00f6zleriyle Atat\u00fcrk"},"content":{"rendered":"<p>Atat\u00fcrk\u2019\u00fcn;\u00c7ocuklar i\u00e7in,Kad\u0131nlar i\u00e7in,E\u011fitim i\u00e7in,Spor i\u00e7in,\u00d6zg\u00fcrl\u00fck ve ba\u011f\u0131ms\u0131zl\u0131k i\u00e7in,K\u00fclt\u00fcr, sanat ve m\u00fczik i\u00e7in s\u00f6yledi\u011fi s\u00f6zleri \u00e7ocuklar\u0131m\u0131za, g\u00fcn\u00fcm\u00fcz diliyle anla\u015f\u0131l\u0131r ve Atat\u00fcrk\u2019\u00fc daha iyi anlamalar\u0131, bilmeleri i\u00e7in bir \u00f6\u011fretmen, bir anne, bir T\u00fcrk kad\u0131n\u0131 olan Bahar Sar\u0131kaya taraf\u0131ndan; 100. y\u0131la \u00f6zel haz\u0131rland\u0131.\u201cBeni g\u00f6rmek demek, mutlaka y\u00fcz\u00fcm\u00fc g\u00f6rmek demek de\u011fildir. Benim fikirlerimi, benim duygular\u0131m\u0131 anl\u0131yorsan\u0131z ve hissediyorsan\u0131z bu k\u00e2fidir.\u201c diyor B\u00fcy\u00fck Atat\u00fcrk.Bu nedenle Atat\u00fcrk\u2019\u00fc tan\u0131mak ancak ve ancak onun fikirlerini, eylemlerini, \u00f6\u011f\u00fctlerini, s\u00f6zlerini bilmek ve \u00f6z\u00fcmsemekle m\u00fcmk\u00fcnd\u00fcr.<\/p>\n","protected":false},"excerpt":{"rendered":"<p>Atat\u00fcrk\u2019\u00fcn;\u00c7ocuklar i\u00e7in,Kad\u0131nlar i\u00e7in,E\u011fitim i\u00e7in,Spor i\u00e7in,\u00d6zg\u00fcrl\u00fck ve ba\u011f\u0131ms\u0131zl\u0131k i\u00e7in,K\u00fclt\u00fcr, sanat ve m\u00fczik i\u00e7in s\u00f6yledi\u011fi s\u00f6zleri \u00e7ocuklar\u0131m\u0131za, g\u00fcn\u00fcm\u00fcz diliyle anla\u015f\u0131l\u0131r ve Atat\u00fcrk\u2019\u00fc daha iyi anlamalar\u0131, bilmeleri i\u00e7in bir<span class=\"excerpt-hellip\"> [\u2026]<\/span><\/p>\n","protected":false},"featured_media":0,"template":"","meta":{"_monsterinsights_skip_tracking":false,"_monsterinsights_sitenote_active":false,"_monsterinsights_sitenote_note":"","_monsterinsights_sitenote_category":0},"product_brand":[],"product_cat":[12913,12274],"product_tag":[],"class_list":{"0":"post-718628","1":"product","2":"type-product","3":"status-publish","5":"product_cat-3-6-yas-kitaplari","6":"product_cat-cocuk-ve-genclik-kitaplari","7":"pa_cilt-ciltsiz","8":"pa_tur-kitap","9":"pa_yayinevi-marti-yayinlari","10":"pa_yazar-bahar-sarikaya","12":"first","13":"instock","14":"sale","15":"shipping-taxable","16":"purchasable","17":"product-type-simple"},"_links":{"self":[{"href":"https:\/\/roveyayinevi.com.tr\/index.php\/wp-json\/wp\/v2\/product\/718628","targetHints":{"allow":["GET"]}}],"collection":[{"href":"https:\/\/roveyayinevi.com.tr\/index.php\/wp-json\/wp\/v2\/product"}],"about":[{"href":"https:\/\/roveyayinevi.com.tr\/index.php\/wp-json\/wp\/v2\/types\/product"}],"wp:attachment":[{"href":"https:\/\/roveyayinevi.com.tr\/index.php\/wp-json\/wp\/v2\/media?parent=718628"}],"wp:term":[{"taxonomy":"product_brand","embeddable":true,"href":"https:\/\/roveyayinevi.com.tr\/index.php\/wp-json\/wp\/v2\/product_brand?post=718628"},{"taxonomy":"product_cat","embeddable":true,"href":"https:\/\/roveyayinevi.com.tr\/index.php\/wp-json\/wp\/v2\/product_cat?post=718628"},{"taxonomy":"product_tag","embeddable":true,"href":"https:\/\/roveyayinevi.com.tr\/index.php\/wp-json\/wp\/v2\/product_tag?post=718628"}],"curies":[{"name":"wp","href":"https:\/\/api.w.org\/{rel}","templated":true}]}}