{"id":718625,"date":"2025-08-27T18:11:04","date_gmt":"2025-08-27T15:11:04","guid":{"rendered":"https:\/\/roveyayinevi.com.tr\/index.php\/urun\/amac-anlam-ve-tutku\/"},"modified":"2026-04-16T02:26:46","modified_gmt":"2026-04-15T23:26:46","slug":"amac-anlam-ve-tutku","status":"publish","type":"product","link":"https:\/\/roveyayinevi.com.tr\/index.php\/urun\/amac-anlam-ve-tutku\/","title":{"rendered":"Ama\u00e7 Anlam ve Tutku"},"content":{"rendered":"<p>\u0130deal d\u00fcnyada i\u015fimizden keyif al\u0131p mutlu oluruz. \u0130\u015fimiz anlam doludur. Sabah i\u015fe gitme iste\u011fi ile uyan\u0131r\u0131z. Ama i\u015fler her zaman ideal d\u00fcnyaya uymayabilir. Mesle\u011finiz ne olursa olsun her zaman i\u015f ya\u015fam\u0131n\u0131 anlaml\u0131 k\u0131lmak m\u00fcmk\u00fcnd\u00fcr. Bu kitap size i\u015f ya\u015fam\u0131nda amac\u0131n\u0131z\u0131 ger\u00e7ekle\u015ftirirken i\u015finizden anlam \u00e7\u0131karmaya odaklanabilmenizi sa\u011flayacak yollar g\u00f6steriyor.Andy MolinskyJohn ColemanKristi Hedges\u0130\u015f Ya\u015fam\u0131n\u0131n \u0130nsani Yan\u0131HBR Duygusal Zek\u00e2 Serisi, Harvard Business Review sayfalar\u0131ndan i\u015f ya\u015fam\u0131n\u0131n insani yan\u0131 \u00fczerine bir okuma se\u00e7kisi sunuyor. Dizideki her kitap, duygular\u0131m\u0131z\u0131n i\u015f hayat\u0131m\u0131z\u0131 nas\u0131l etkiledi\u011fine, zor durumlarla ve zor insanlarla nas\u0131l ba\u015fa \u00e7\u0131kabilece\u011fimize, i\u015fyerindeki mutlulu\u011fa y\u00f6nelmenin ne anlama geldi\u011fine dair ilham veren denemelere ve ara\u015ft\u0131rmalara yer veriyor. Yapay zek\u00e2n\u0131n ve robotlar\u0131n her alanda geli\u015fmesi ve bir tehdit olarak alg\u0131lanmas\u0131na kar\u015f\u0131n, bizi biz yapan insani \u00f6zelliklerimizin g\u00fcc\u00fcnden faydalanmay\u0131 \u00f6\u011fretiyor. Hem keyifli ve hem de pratik olan bu kitaplar, profesyonellere ustala\u015fmak i\u00e7in kritik olan sosyal becerilerin neler oldu\u011funu anlat\u0131yor.<\/p>\n","protected":false},"excerpt":{"rendered":"<p>\u0130deal d\u00fcnyada i\u015fimizden keyif al\u0131p mutlu oluruz. \u0130\u015fimiz anlam doludur. Sabah i\u015fe gitme iste\u011fi ile uyan\u0131r\u0131z. Ama i\u015fler her zaman ideal d\u00fcnyaya uymayabilir. Mesle\u011finiz ne olursa<span class=\"excerpt-hellip\"> [\u2026]<\/span><\/p>\n","protected":false},"featured_media":0,"template":"","meta":{"_monsterinsights_skip_tracking":false,"_monsterinsights_sitenote_active":false,"_monsterinsights_sitenote_note":"","_monsterinsights_sitenote_category":0},"product_brand":[],"product_cat":[13043,17647],"product_tag":[],"class_list":{"0":"post-718625","1":"product","2":"type-product","3":"status-publish","5":"product_cat-ekonomi","6":"product_cat-is-dunyasi","7":"pa_cilt-ciltsiz","8":"pa_tur-kitap","9":"pa_yayinevi-optimist-yayin-dagitim","10":"pa_yazar-optimist-yayin-dagitim-kolektif","12":"first","13":"instock","14":"sale","15":"shipping-taxable","16":"purchasable","17":"product-type-simple"},"_links":{"self":[{"href":"https:\/\/roveyayinevi.com.tr\/index.php\/wp-json\/wp\/v2\/product\/718625","targetHints":{"allow":["GET"]}}],"collection":[{"href":"https:\/\/roveyayinevi.com.tr\/index.php\/wp-json\/wp\/v2\/product"}],"about":[{"href":"https:\/\/roveyayinevi.com.tr\/index.php\/wp-json\/wp\/v2\/types\/product"}],"wp:attachment":[{"href":"https:\/\/roveyayinevi.com.tr\/index.php\/wp-json\/wp\/v2\/media?parent=718625"}],"wp:term":[{"taxonomy":"product_brand","embeddable":true,"href":"https:\/\/roveyayinevi.com.tr\/index.php\/wp-json\/wp\/v2\/product_brand?post=718625"},{"taxonomy":"product_cat","embeddable":true,"href":"https:\/\/roveyayinevi.com.tr\/index.php\/wp-json\/wp\/v2\/product_cat?post=718625"},{"taxonomy":"product_tag","embeddable":true,"href":"https:\/\/roveyayinevi.com.tr\/index.php\/wp-json\/wp\/v2\/product_tag?post=718625"}],"curies":[{"name":"wp","href":"https:\/\/api.w.org\/{rel}","templated":true}]}}