{"id":718624,"date":"2025-08-27T18:11:03","date_gmt":"2025-08-27T15:11:03","guid":{"rendered":"https:\/\/roveyayinevi.com.tr\/index.php\/urun\/cetin-ceviz-ve-mucide\/"},"modified":"2026-04-16T02:26:46","modified_gmt":"2026-04-15T23:26:46","slug":"cetin-ceviz-ve-mucide","status":"publish","type":"product","link":"https:\/\/roveyayinevi.com.tr\/index.php\/urun\/cetin-ceviz-ve-mucide\/","title":{"rendered":"\u00c7etin Ceviz ve Mucide"},"content":{"rendered":"<p>\u201cKedi A\u011fac\u0131\u2019ndan kafama iki tane elma d\u00fc\u015ft\u00fc. Kiraz a\u011fac\u0131ndan d\u00fc\u015fen iki elma! Ben daha ne oldu\u011funu anlayamadan birisi konu\u015fmaya ba\u015flad\u0131: \u2018G\u00f6kten iki elma d\u00fc\u015ft\u00fc, biri sana, birisi yan\u0131ndaki k\u00f6pe\u011fe. \u00dc\u00e7\u00fcnc\u00fcs\u00fc d\u00fc\u015fmedi; \u00e7\u00fcnk\u00fc o, benim elimde.\u2019Daha \u00f6nce hi\u00e7 g\u00f6rmedi\u011fim bir k\u0131z, a\u011fac\u0131n dal\u0131na oturmu\u015f, g\u00fclerek bana bak\u0131yordu. Elinde tozlu, kal\u0131n ve eski bir defter vard\u0131. Daha do\u011fru d\u00fczg\u00fcn y\u00fcz\u00fcn\u00fc bile g\u00f6remeden a\u011fa\u00e7tan atlay\u0131p uzakla\u015ft\u0131. Herg\u00fcna\u00e7 bile pe\u015finden ko\u015famayacak kadar \u015fa\u015f\u0131rm\u0131\u015f, donup kalm\u0131\u015ft\u0131.Kendimi sonsuz evren i\u00e7inde meteor ya\u011fmuruna tutulmu\u015f bir gezegen gibi hissediyordum.\u201dSinan Ya\u015far\u2019\u0131n ikinci kitab\u0131 olan \u00c7etin Ceviz \u2013 S\u0131ra D\u0131\u015f\u0131 Bir Arkada\u015fl\u0131k Hik\u00e2yesi\u2019nde geli\u015fen arkada\u015fl\u0131k ba\u011flar\u0131n\u0131, akla hayale gelmeyen yolculuklar\u0131 ve uzaya dair bir\u00e7ok bilinmeyen ger\u00e7ekleri okuyacaks\u0131n\u0131z.<\/p>\n","protected":false},"excerpt":{"rendered":"<p>\u201cKedi A\u011fac\u0131\u2019ndan kafama iki tane elma d\u00fc\u015ft\u00fc. Kiraz a\u011fac\u0131ndan d\u00fc\u015fen iki elma! Ben daha ne oldu\u011funu anlayamadan birisi konu\u015fmaya ba\u015flad\u0131: \u2018G\u00f6kten iki elma d\u00fc\u015ft\u00fc, biri sana,<span class=\"excerpt-hellip\"> [\u2026]<\/span><\/p>\n","protected":false},"featured_media":0,"template":"","meta":{"_monsterinsights_skip_tracking":false,"_monsterinsights_sitenote_active":false,"_monsterinsights_sitenote_note":"","_monsterinsights_sitenote_category":0},"product_brand":[],"product_cat":[12275,12274],"product_tag":[],"class_list":{"0":"post-718624","1":"product","2":"type-product","3":"status-publish","5":"product_cat-6-12-yas-kitaplari","6":"product_cat-cocuk-ve-genclik-kitaplari","7":"pa_cilt-ciltsiz","8":"pa_tur-kitap","9":"pa_yayinevi-fom-kitap","10":"pa_yazar-sinan-yasar","12":"first","13":"instock","14":"sale","15":"shipping-taxable","16":"purchasable","17":"product-type-simple"},"_links":{"self":[{"href":"https:\/\/roveyayinevi.com.tr\/index.php\/wp-json\/wp\/v2\/product\/718624","targetHints":{"allow":["GET"]}}],"collection":[{"href":"https:\/\/roveyayinevi.com.tr\/index.php\/wp-json\/wp\/v2\/product"}],"about":[{"href":"https:\/\/roveyayinevi.com.tr\/index.php\/wp-json\/wp\/v2\/types\/product"}],"wp:attachment":[{"href":"https:\/\/roveyayinevi.com.tr\/index.php\/wp-json\/wp\/v2\/media?parent=718624"}],"wp:term":[{"taxonomy":"product_brand","embeddable":true,"href":"https:\/\/roveyayinevi.com.tr\/index.php\/wp-json\/wp\/v2\/product_brand?post=718624"},{"taxonomy":"product_cat","embeddable":true,"href":"https:\/\/roveyayinevi.com.tr\/index.php\/wp-json\/wp\/v2\/product_cat?post=718624"},{"taxonomy":"product_tag","embeddable":true,"href":"https:\/\/roveyayinevi.com.tr\/index.php\/wp-json\/wp\/v2\/product_tag?post=718624"}],"curies":[{"name":"wp","href":"https:\/\/api.w.org\/{rel}","templated":true}]}}