{"id":718615,"date":"2025-08-27T18:10:57","date_gmt":"2025-08-27T15:10:57","guid":{"rendered":"https:\/\/roveyayinevi.com.tr\/index.php\/urun\/baloncuk\/"},"modified":"2026-04-16T02:26:46","modified_gmt":"2026-04-15T23:26:46","slug":"baloncuk","status":"publish","type":"product","link":"https:\/\/roveyayinevi.com.tr\/index.php\/urun\/baloncuk\/","title":{"rendered":"Baloncuk"},"content":{"rendered":"<p>Korkular ve kendine g\u00fcvenme \u00fcst\u00fcne k\u0131sac\u0131k s\u0131ra d\u0131\u015f\u0131 bir hik\u00e2ye&#8230; Felya, o \u015feyin ilk ne zaman ortaya \u00e7\u0131kt\u0131\u011f\u0131n\u0131 hi\u00e7 bilmiyordu. K\u00fc\u00e7\u00fckl\u00fc\u011f\u00fcnden beri bir an olsun yan\u0131ndan ayr\u0131lmam\u0131\u015ft\u0131 ki. Hep oradayd\u0131. \u00dcstelik kimse bunun fark\u0131nda de\u011fildi&#8230; <\/p>\n","protected":false},"excerpt":{"rendered":"<p>Korkular ve kendine g\u00fcvenme \u00fcst\u00fcne k\u0131sac\u0131k s\u0131ra d\u0131\u015f\u0131 bir hik\u00e2ye&#8230; Felya, o \u015feyin ilk ne zaman ortaya \u00e7\u0131kt\u0131\u011f\u0131n\u0131 hi\u00e7 bilmiyordu. K\u00fc\u00e7\u00fckl\u00fc\u011f\u00fcnden beri bir an olsun yan\u0131ndan<span class=\"excerpt-hellip\"> [\u2026]<\/span><\/p>\n","protected":false},"featured_media":0,"template":"","meta":{"_monsterinsights_skip_tracking":false,"_monsterinsights_sitenote_active":false,"_monsterinsights_sitenote_note":"","_monsterinsights_sitenote_category":0},"product_brand":[],"product_cat":[12274,12523],"product_tag":[],"class_list":{"0":"post-718615","1":"product","2":"type-product","3":"status-publish","5":"product_cat-cocuk-ve-genclik-kitaplari","6":"product_cat-masallar","7":"pa_cilt-ciltsiz","8":"pa_tur-kitap","9":"pa_yayinevi-yapi-kredi-yayinlari","10":"pa_yazar-timothee-de-fombelle","12":"first","13":"instock","14":"sale","15":"shipping-taxable","16":"purchasable","17":"product-type-simple"},"_links":{"self":[{"href":"https:\/\/roveyayinevi.com.tr\/index.php\/wp-json\/wp\/v2\/product\/718615","targetHints":{"allow":["GET"]}}],"collection":[{"href":"https:\/\/roveyayinevi.com.tr\/index.php\/wp-json\/wp\/v2\/product"}],"about":[{"href":"https:\/\/roveyayinevi.com.tr\/index.php\/wp-json\/wp\/v2\/types\/product"}],"wp:attachment":[{"href":"https:\/\/roveyayinevi.com.tr\/index.php\/wp-json\/wp\/v2\/media?parent=718615"}],"wp:term":[{"taxonomy":"product_brand","embeddable":true,"href":"https:\/\/roveyayinevi.com.tr\/index.php\/wp-json\/wp\/v2\/product_brand?post=718615"},{"taxonomy":"product_cat","embeddable":true,"href":"https:\/\/roveyayinevi.com.tr\/index.php\/wp-json\/wp\/v2\/product_cat?post=718615"},{"taxonomy":"product_tag","embeddable":true,"href":"https:\/\/roveyayinevi.com.tr\/index.php\/wp-json\/wp\/v2\/product_tag?post=718615"}],"curies":[{"name":"wp","href":"https:\/\/api.w.org\/{rel}","templated":true}]}}